{"id":105878,"date":"2019-07-26T15:10:06","date_gmt":"2019-07-26T13:10:06","guid":{"rendered":"https:\/\/cdiffprom.ch\/produit\/montagefertiges-regalsystem\/"},"modified":"2019-07-26T15:10:06","modified_gmt":"2019-07-26T13:10:06","slug":"montagefertiges-regalsystem","status":"publish","type":"product","link":"https:\/\/cdiffprom.ch\/de\/produit\/montagefertiges-regalsystem\/","title":{"rendered":"Montagefertiges Regalsystem"},"content":{"rendered":"<h3><strong><span style=\"color: #800000;\">Montagefertiges Regalset<\/span><\/strong><\/h3>\n<p>Dieses montagefertige Regalset ist das erste Element Ihres Regals. Es besteht aus zwei Pfosten sowie Fachb\u00f6den und Querverstrebungen.<\/p>\n<p>Das n\u00e4chste Element hat einen Pfosten weniger, alle sind von 60 cm bis 100 cm auf eine H\u00f6he von 180 cm ausziehbar. Die Tiefe betr\u00e4gt 35 cm.  <\/p>\n<p>Haben Sie eine Frage? Hinterlassen Sie uns eine Nachricht <span style=\"color: #800000;\"><a style=\"color: #800000;\" href=\"https:\/\/cdiffprom.ch\/elements\/contactez-nous\/\">Nachricht an<\/a><\/span>Wir werden Ihnen innerhalb von 24 Stunden antworten. <\/p>\n<p>Dieses montagefertige Regalset kann auf Wunsch von uns installiert werden. Sehen Sie sich auch unsere anderen Auswahlm\u00f6glichkeiten mit verschiedenen Regalen an, z.B. das Regal mit 3 Stufen f\u00fcr eine maximale Anzahl von Publikationen pro laufendem Meter. <\/p>\n<h4><strong><span style=\"color: #800000;\">Einige Besonderheiten<\/span><\/strong><\/h4>\n<ul>\n<li>Verwendung an verschiedenen Verkaufsstellen: Presse, Hotels, \u00f6ffentliche Einrichtungen, Mediatheken<\/li>\n<li>Modell mit 4 schr\u00e4gen Regalb\u00f6den<\/li>\n<li>Ref.0132 und 1 horizontales Regal und Ref.0135<\/li>\n<li>Schnelle Installation ohne Werkzeug<\/li>\n<li>Metallst\u00fctzen mit einem Querschnitt von 40 x 25 mm, perforiert alle 32 mm, Stabilisierungszylinder, hochfeste wei\u00dfe Epoxydharzbeschichtung.<\/li>\n<li>Teleskopquertr\u00e4ger, die in der H\u00f6he von 60 cm bis 100 cm verstellbar sind, um die Pfosten miteinander zu verbinden.<\/li>\n<li>Robuste, verchromte Drahtb\u00f6den, die ausziehbar sind und sich an die gew\u00e4hlte Breite des Regals anpassen.<\/li>\n<li>Gro\u00dfe Kapazit\u00e4t pro Regal: Tiefe 15 cm<\/li>\n<\/ul>\n<h4><span style=\"color: #800000;\"><strong>Lieferbedingungen<\/strong><\/span><\/h4>\n<p>Alle unsere Produkte sind innerhalb von 10 Tagen nach Erhalt Ihrer Bestellung lieferbar. Wenn Sie einen dringenderen Bedarf haben, kontaktieren Sie uns bitte, wir haben immer eine schnellere L\u00f6sung f\u00fcr Sie.<\/p>\n<p>Einige Artikel k\u00f6nnen eine l\u00e4ngere Lieferzeit haben, da sie nicht auf Lager unseres Lieferanten sind.<\/p>\n<p>Bei allen Online-Bestellungen f\u00fchren wir immer einen Telefonanruf durch, um sicherzustellen, dass Sie das richtige Produkt f\u00fcr Ihre Bed\u00fcrfnisse gew\u00e4hlt haben. So k\u00f6nnen Sie sicher sein, dass Sie die richtige Wahl treffen. <\/p>\n","protected":false},"excerpt":{"rendered":"<p>F\u00fcr ein Maximum an Pr\u00e4sentation auf einem Minimum an Fl\u00e4che f\u00fcr Ihre Zeitungen<\/p>\n","protected":false},"featured_media":102940,"template":"","meta":{"slim_seo":{"title":"Montagefertiges Regalsystem - Suisse - C.Diff-Prom","description":"F\u00fcr ein Maximum an Pr\u00e4sentation auf einem Minimum an Fl\u00e4che f\u00fcr Ihre Zeitungen"}},"product_brand":[],"product_cat":[6402,6401],"product_tag":[6482],"class_list":{"0":"post-105878","1":"product","2":"type-product","3":"status-publish","4":"has-post-thumbnail","6":"product_cat-regale-fur-presse-und-zeitungen","7":"product_cat-zeitungsstander","8":"product_tag-regale-fur-presse-und-zeitungen","9":"pa_specifications-abreise","10":"pa_specifications-weiter-zu","12":"first","13":"instock","14":"taxable","15":"shipping-taxable","16":"purchasable","17":"product-type-variable"},"_links":{"self":[{"href":"https:\/\/cdiffprom.ch\/de\/wp-json\/wp\/v2\/product\/105878","targetHints":{"allow":["GET"]}}],"collection":[{"href":"https:\/\/cdiffprom.ch\/de\/wp-json\/wp\/v2\/product"}],"about":[{"href":"https:\/\/cdiffprom.ch\/de\/wp-json\/wp\/v2\/types\/product"}],"wp:featuredmedia":[{"embeddable":true,"href":"https:\/\/cdiffprom.ch\/de\/wp-json\/wp\/v2\/media\/102940"}],"wp:attachment":[{"href":"https:\/\/cdiffprom.ch\/de\/wp-json\/wp\/v2\/media?parent=105878"}],"wp:term":[{"taxonomy":"product_brand","embeddable":true,"href":"https:\/\/cdiffprom.ch\/de\/wp-json\/wp\/v2\/product_brand?post=105878"},{"taxonomy":"product_cat","embeddable":true,"href":"https:\/\/cdiffprom.ch\/de\/wp-json\/wp\/v2\/product_cat?post=105878"},{"taxonomy":"product_tag","embeddable":true,"href":"https:\/\/cdiffprom.ch\/de\/wp-json\/wp\/v2\/product_tag?post=105878"}],"curies":[{"name":"wp","href":"https:\/\/api.w.org\/{rel}","templated":true}]}}