{"id":105879,"date":"2019-07-26T15:02:43","date_gmt":"2019-07-26T13:02:43","guid":{"rendered":"https:\/\/cdiffprom.ch\/produit\/zeitungs-und-zeitschriftenhalter-a3\/"},"modified":"2019-07-26T15:02:43","modified_gmt":"2019-07-26T13:02:43","slug":"zeitungs-und-zeitschriftenhalter-a3","status":"publish","type":"product","link":"https:\/\/cdiffprom.ch\/de\/produit\/zeitungs-und-zeitschriftenhalter-a3\/","title":{"rendered":"Zeitungs- und Zeitschriftenhalter a3"},"content":{"rendered":"<h3><span style=\"color: #800000;\"><strong>A3 Zeitungsst\u00e4nder &amp; Magazinst\u00e4nder<\/strong><\/span><\/h3>\n<p>Dieser A3 Zeitungsst\u00e4nder ist das ideale System f\u00fcr die Pr\u00e4sentation und Aufbewahrung Ihrer Zeitungen und Zeitschriften.<\/p>\n<ul>\n<li>1 A3-Fach &#8222;Hochformat&#8220;, geneigt, Nutzbreite 29,7 cm, f\u00fcr ca. 13 cm Dokumente oder Zeitschriften<\/li>\n<li>Geeignet f\u00fcr alle Arten von Dokumenten bis zu einer H\u00f6he von 43 cm<\/li>\n<li>Gesamte Gr\u00f6\u00dfe: H\u00f6he 77 cm x Breite 31 cm x Tiefe 36 cm<\/li>\n<li>100% Metall mit Epoxydharzlackierung in &#8222;Alu-Grau&#8220;.<\/li>\n<li>Stabile, mit Stahl beschwerte Basis mit einem Durchmesser von 30 cm<\/li>\n<li>Gewicht 3 kg 900<\/li>\n<\/ul>\n<h4><span style=\"color: #800000;\"><strong>Lieferbedingungen :<br \/>\n<\/strong><\/span><\/h4>\n<p>Alle unsere Produkte sind innerhalb von 10 Tagen nach Eingang Ihrer Bestellung lieferbar. Bitte z\u00f6gern Sie nicht, uns zu kontaktieren. <u><a href=\"https:\/\/cdiffprom.ch\/elements\/contactez-nous\/\"><span style=\"color: #800000;\">uns zu kontaktieren.<\/span><\/a><\/u> Wenn Sie einen dringenderen Bedarf haben, k\u00f6nnen wir Ihnen immer eine schnellere L\u00f6sung anbieten. <\/p>\n<p>Einige Artikel k\u00f6nnen eine l\u00e4ngere Lieferzeit in Anspruch nehmen, da sie nicht auf Lager unseres Lieferanten sind. In diesem Fall werden Sie nach Eingang Ihrer Bestellung benachrichtigt. <\/p>\n<p>Wir liefern versandkostenfrei ab einem Bestellwert von CHF. 500.-. Unterhalb dieses Betrags wird eine Pauschale von CHF. 15,90 zu entrichten. <\/p>\n<p>Bei allen Online-Bestellungen f\u00fchren wir immer einen Telefonanruf durch, um sicherzustellen, dass Sie das richtige Produkt f\u00fcr Ihre Bed\u00fcrfnisse ausgew\u00e4hlt haben. So k\u00f6nnen Sie sicher sein, dass Sie die richtige Wahl treffen. <\/p>\n<p>Bitte beachten Sie, dass die Promo-Codes nicht kumulierbar sind und der Rabatt auf Ihrer Bestellung sichtbar ist.<\/p>\n","protected":false},"excerpt":{"rendered":"<p>F\u00fcr alle Zeitungen, Zeitschriften, Dokumente, verschiedene Produkte mit einer maximalen Breite von 29,7 cm, maximale Kapazit\u00e4t, auch f\u00fcr A3 Hochformat geeignet.<\/p>\n","protected":false},"featured_media":101614,"template":"","meta":{"slim_seo":{"title":"Zeitungs- und Zeitschriftenhalter a3 - Suisse - C.Diff-Prom","description":"F\u00fcr alle Zeitungen, Zeitschriften, Dokumente, verschiedene Produkte mit einer maximalen Breite von 29,7 cm, maximale Kapazit\u00e4t, auch f\u00fcr A3 Hochformat geeignet."}},"product_brand":[],"product_cat":[6478,6401],"product_tag":[6479],"class_list":{"0":"post-105879","1":"product","2":"type-product","3":"status-publish","4":"has-post-thumbnail","6":"product_cat-broschuren-und-zeitungsstander","7":"product_cat-zeitungsstander","8":"product_tag-broschuren-und-zeitungsstander","10":"first","11":"instock","12":"taxable","13":"shipping-taxable","14":"purchasable","15":"product-type-simple"},"_links":{"self":[{"href":"https:\/\/cdiffprom.ch\/de\/wp-json\/wp\/v2\/product\/105879","targetHints":{"allow":["GET"]}}],"collection":[{"href":"https:\/\/cdiffprom.ch\/de\/wp-json\/wp\/v2\/product"}],"about":[{"href":"https:\/\/cdiffprom.ch\/de\/wp-json\/wp\/v2\/types\/product"}],"wp:featuredmedia":[{"embeddable":true,"href":"https:\/\/cdiffprom.ch\/de\/wp-json\/wp\/v2\/media\/101614"}],"wp:attachment":[{"href":"https:\/\/cdiffprom.ch\/de\/wp-json\/wp\/v2\/media?parent=105879"}],"wp:term":[{"taxonomy":"product_brand","embeddable":true,"href":"https:\/\/cdiffprom.ch\/de\/wp-json\/wp\/v2\/product_brand?post=105879"},{"taxonomy":"product_cat","embeddable":true,"href":"https:\/\/cdiffprom.ch\/de\/wp-json\/wp\/v2\/product_cat?post=105879"},{"taxonomy":"product_tag","embeddable":true,"href":"https:\/\/cdiffprom.ch\/de\/wp-json\/wp\/v2\/product_tag?post=105879"}],"curies":[{"name":"wp","href":"https:\/\/api.w.org\/{rel}","templated":true}]}}