{"id":105882,"date":"2019-07-26T15:10:02","date_gmt":"2019-07-26T13:10:02","guid":{"rendered":"https:\/\/cdiffprom.ch\/produit\/doppelseitiges-gondelset\/"},"modified":"2019-07-26T15:10:02","modified_gmt":"2019-07-26T13:10:02","slug":"doppelseitiges-gondelset","status":"publish","type":"product","link":"https:\/\/cdiffprom.ch\/de\/produit\/doppelseitiges-gondelset\/","title":{"rendered":"Doppelseitiges Gondelset"},"content":{"rendered":"<h3><span style=\"color: #800000;\"><strong>Doppelseitiges Gondelset<\/strong><\/span><\/h3>\n<p>W\u00e4hlen Sie dieses doppelseitige Gondel-Set, wenn Sie einen zentralen Platz in Ihrem Gesch\u00e4ft haben.<\/p>\n<p>Auf 4 Rollen montiert, kann er leicht bewegt werden, je nachdem, wie viele Kunden Sie haben.<\/p>\n<p>Gro\u00dfe Kapazit\u00e4t f\u00fcr alle Ihre Publikationen.<\/p>\n<p>Dieses doppelseitige Gondelset ist ohne Werkzeug aufbaubereit, da die Elemente ineinander passen.<\/p>\n<p>Sie haben die Wahl, es anders zusammenzustellen, z.B. mit Regalen in drei Stufen. <span style=\"color: #800000;\"><a style=\"color: #800000;\" href=\"https:\/\/cdiffprom.ch\/produit\/gradin-presse-3-niveaux\/\">3 Stufen<\/a> <\/span> <\/p>\n<h4><span style=\"color: #800000;\"><strong>Einige Besonderheiten<\/strong><\/span><\/h4>\n<ul>\n<li>Verwendung f\u00fcr Zeitungsl\u00e4den, Hotels, \u00f6ffentliche Einrichtungen, Mediatheken usw.<\/li>\n<li>Doppelseitige Gondel mit 8 geneigten Regalb\u00f6den<\/li>\n<li>Mobil auf 4 robusten Rollen<\/li>\n<li>Wei\u00df lackierte Metallstruktur, verchromte Regale<\/li>\n<li>Gro\u00dfe Kapazit\u00e4t f\u00fcr Dokumente pro Regal: max. 15 cm dick<\/li>\n<li>H\u00f6he 140 cm x max. Breite 100 cm x Tiefe 65 cm<\/li>\n<\/ul>\n<h4><span style=\"color: #800000;\"><strong>Lieferbedingungen<\/strong><\/span><\/h4>\n<p>Alle unsere Produkte sind innerhalb von 10 Tagen nach Erhalt Ihrer Bestellung lieferbar. Wenn Sie einen dringenderen Bedarf haben, kontaktieren Sie uns bitte, wir haben immer eine schnellere L\u00f6sung f\u00fcr Sie.<\/p>\n<p>Einige Artikel k\u00f6nnen eine l\u00e4ngere Lieferzeit haben, da sie nicht auf Lager unseres Lieferanten sind.<\/p>\n<p>Bei allen Online-Bestellungen f\u00fchren wir immer einen Telefonanruf durch, um sicherzustellen, dass Sie das richtige Produkt f\u00fcr Ihre Bed\u00fcrfnisse gew\u00e4hlt haben. So k\u00f6nnen Sie sicher sein, dass Sie die richtige Wahl treffen. <\/p>\n","protected":false},"excerpt":{"rendered":"<p>F\u00fcr alle Arten von Zeitungen, Magazinen und Katalogen. Maximale Pr\u00e4sentation auf kleinstem Raum! <\/p>\n","protected":false},"featured_media":102924,"template":"","meta":{"slim_seo":{"title":"Doppelseitiges Gondelset - Suisse - C.Diff-Prom","description":"F\u00fcr alle Arten von Zeitungen, Magazinen und Katalogen. Maximale Pr\u00e4sentation auf kleinstem Raum!"}},"product_brand":[],"product_cat":[6402,6401],"product_tag":[6482],"class_list":{"0":"post-105882","1":"product","2":"type-product","3":"status-publish","4":"has-post-thumbnail","6":"product_cat-regale-fur-presse-und-zeitungen","7":"product_cat-zeitungsstander","8":"product_tag-regale-fur-presse-und-zeitungen","9":"pa_specifications-abreise","10":"pa_specifications-weiter-zu","12":"first","13":"instock","14":"taxable","15":"shipping-taxable","16":"purchasable","17":"product-type-simple"},"_links":{"self":[{"href":"https:\/\/cdiffprom.ch\/de\/wp-json\/wp\/v2\/product\/105882","targetHints":{"allow":["GET"]}}],"collection":[{"href":"https:\/\/cdiffprom.ch\/de\/wp-json\/wp\/v2\/product"}],"about":[{"href":"https:\/\/cdiffprom.ch\/de\/wp-json\/wp\/v2\/types\/product"}],"wp:featuredmedia":[{"embeddable":true,"href":"https:\/\/cdiffprom.ch\/de\/wp-json\/wp\/v2\/media\/102924"}],"wp:attachment":[{"href":"https:\/\/cdiffprom.ch\/de\/wp-json\/wp\/v2\/media?parent=105882"}],"wp:term":[{"taxonomy":"product_brand","embeddable":true,"href":"https:\/\/cdiffprom.ch\/de\/wp-json\/wp\/v2\/product_brand?post=105882"},{"taxonomy":"product_cat","embeddable":true,"href":"https:\/\/cdiffprom.ch\/de\/wp-json\/wp\/v2\/product_cat?post=105882"},{"taxonomy":"product_tag","embeddable":true,"href":"https:\/\/cdiffprom.ch\/de\/wp-json\/wp\/v2\/product_tag?post=105882"}],"curies":[{"name":"wp","href":"https:\/\/api.w.org\/{rel}","templated":true}]}}