{"id":105884,"date":"2019-07-26T15:10:05","date_gmt":"2019-07-26T13:10:05","guid":{"rendered":"https:\/\/cdiffprom.ch\/produit\/regal-mit-3-boeden-1-stufe\/"},"modified":"2019-07-26T15:10:05","modified_gmt":"2019-07-26T13:10:05","slug":"regal-mit-3-boeden-1-stufe","status":"publish","type":"product","link":"https:\/\/cdiffprom.ch\/de\/produit\/regal-mit-3-boeden-1-stufe\/","title":{"rendered":"Regal mit 3 B\u00f6den\/1 Stufe"},"content":{"rendered":"<h3><span style=\"color: #800000;\"><strong>Regal mit 3 B\u00f6den\/1 Stufe<\/strong><\/span><\/h3>\n<p>Dieses Regal mit 3 Regalb\u00f6den\/1 Stufe ist das ideale System f\u00fcr die Pr\u00e4sentation und Aufbewahrung Ihrer verschiedenen Zeitungen, Zeitschriften und Publikationen.<\/p>\n<ul>\n<li>Verwendung an verschiedenen Verkaufsstellen: Presse, Hotels, \u00f6ffentliche Einrichtungen, Mediatheken<\/li>\n<li>Modell bestehend aus 3 geneigten Regalen, Artikelnummer 0132 und 1 Stufe, Artikelnummer 0134<\/li>\n<li>Schnelle Installation ohne Werkzeug<\/li>\n<li>Metallst\u00fctzen mit einem Querschnitt von 40 x 25 mm, perforiert alle 32 mm, Stabilisierungszylinder, hochfeste wei\u00dfe Epoxydharzbeschichtung.<\/li>\n<li>Teleskopische Quertr\u00e4ger, die in der Breite von 60 cm bis 100 cm verstellbar sind, um die Pfosten miteinander zu verbinden.<\/li>\n<li>Robuste, verchromte Drahtb\u00f6den, die ausziehbar sind und sich an die gew\u00e4hlte Breite des Regals anpassen.<\/li>\n<li>Gro\u00dfe Kapazit\u00e4t pro Regal: Tiefe 15 cm<\/li>\n<\/ul>\n<h4><strong><span style=\"color: #800000;\">Lieferbedingungen :<br \/>\n<\/span><\/strong><\/h4>\n<p>Alle unsere Produkte sind innerhalb von 10 Tagen nach Eingang Ihrer Bestellung lieferbar. Bitte z\u00f6gern Sie nicht, uns zu kontaktieren. <u><a href=\"https:\/\/cdiffprom.ch\/elements\/contactez-nous\/\"><span style=\"color: #800000;\">uns zu kontaktieren.<\/span><\/a><\/u> Wenn Sie einen dringenderen Bedarf haben, k\u00f6nnen wir Ihnen immer eine schnellere L\u00f6sung anbieten. <\/p>\n<p>Einige Artikel k\u00f6nnen eine l\u00e4ngere Lieferzeit in Anspruch nehmen, da sie nicht auf Lager unseres Lieferanten sind. In diesem Fall werden Sie nach Eingang Ihrer Bestellung benachrichtigt. <\/p>\n<p>Wir liefern versandkostenfrei ab einem Bestellwert von CHF. 500.-. Unterhalb dieses Betrags wird eine Pauschale von CHF. 15,90 zu entrichten. <\/p>\n<p>Bei allen Online-Bestellungen f\u00fchren wir immer einen Telefonanruf durch, um sicherzustellen, dass Sie das richtige Produkt f\u00fcr Ihre Bed\u00fcrfnisse ausgew\u00e4hlt haben. So k\u00f6nnen Sie sicher sein, dass Sie die richtige Wahl treffen. <\/p>\n<p>Bitte beachten Sie, dass die Promo-Codes nicht kumulierbar sind und der Rabatt auf Ihrer Bestellung sichtbar ist.<\/p>\n","protected":false},"excerpt":{"rendered":"<p>F\u00fcr ein Maximum an Pr\u00e4sentation auf einem Minimum an Fl\u00e4che f\u00fcr Ihre Zeitungen<\/p>\n","protected":false},"featured_media":102938,"template":"","meta":{"slim_seo":{"title":"Regal mit 3 B\u00f6den\/1 Stufe - Suisse - C.Diff-Prom","description":"F\u00fcr ein Maximum an Pr\u00e4sentation auf einem Minimum an Fl\u00e4che f\u00fcr Ihre Zeitungen"}},"product_brand":[],"product_cat":[6402,6401],"product_tag":[6482],"class_list":{"0":"post-105884","1":"product","2":"type-product","3":"status-publish","4":"has-post-thumbnail","6":"product_cat-regale-fur-presse-und-zeitungen","7":"product_cat-zeitungsstander","8":"product_tag-regale-fur-presse-und-zeitungen","9":"pa_specifications-abreise","10":"pa_specifications-weiter-zu","12":"first","13":"instock","14":"taxable","15":"shipping-taxable","16":"purchasable","17":"product-type-variable"},"_links":{"self":[{"href":"https:\/\/cdiffprom.ch\/de\/wp-json\/wp\/v2\/product\/105884","targetHints":{"allow":["GET"]}}],"collection":[{"href":"https:\/\/cdiffprom.ch\/de\/wp-json\/wp\/v2\/product"}],"about":[{"href":"https:\/\/cdiffprom.ch\/de\/wp-json\/wp\/v2\/types\/product"}],"wp:featuredmedia":[{"embeddable":true,"href":"https:\/\/cdiffprom.ch\/de\/wp-json\/wp\/v2\/media\/102938"}],"wp:attachment":[{"href":"https:\/\/cdiffprom.ch\/de\/wp-json\/wp\/v2\/media?parent=105884"}],"wp:term":[{"taxonomy":"product_brand","embeddable":true,"href":"https:\/\/cdiffprom.ch\/de\/wp-json\/wp\/v2\/product_brand?post=105884"},{"taxonomy":"product_cat","embeddable":true,"href":"https:\/\/cdiffprom.ch\/de\/wp-json\/wp\/v2\/product_cat?post=105884"},{"taxonomy":"product_tag","embeddable":true,"href":"https:\/\/cdiffprom.ch\/de\/wp-json\/wp\/v2\/product_tag?post=105884"}],"curies":[{"name":"wp","href":"https:\/\/api.w.org\/{rel}","templated":true}]}}