{"id":105904,"date":"2019-07-26T15:12:46","date_gmt":"2019-07-26T13:12:46","guid":{"rendered":"https:\/\/cdiffprom.ch\/produit\/zeitungsstaender-mit-20-30-faechern\/"},"modified":"2019-07-26T15:12:46","modified_gmt":"2019-07-26T13:12:46","slug":"zeitungsstaender-mit-20-30-faechern","status":"publish","type":"product","link":"https:\/\/cdiffprom.ch\/de\/produit\/zeitungsstaender-mit-20-30-faechern\/","title":{"rendered":"Zeitungsst\u00e4nder mit 20\/30 F\u00e4chern"},"content":{"rendered":"<h3><span style=\"color: #800000;\"><strong>Zeitungsst\u00e4nder mit 20\/30 F\u00e4chern<\/strong><\/span><\/h3>\n<p>Dieser Zeitungsst\u00e4nder mit 20\/30 F\u00e4chern ist das ideale System f\u00fcr die Pr\u00e4sentation und Aufbewahrung Ihrer verschiedenen Zeitungen, Tageszeitungen oder Zeitschriften.<\/p>\n<h4><span style=\"color: #800000;\"><strong>Merkmale :<\/strong><\/span><\/h4>\n<ul>\n<li>Verwendung an verschiedenen Verkaufsstellen: Presse, Hotels, \u00f6ffentliche Einrichtungen, Mediatheken<\/li>\n<li>Verschiedene Kapazit\u00e4ten: 20, 25 oder 30 Felder<\/li>\n<li>Sockel ohne Drehkreuz<\/li>\n<li>Stabile, verchromte Metallstruktur mit 4 Rollen, davon 2 mit Bremsen.<\/li>\n<\/ul>\n<p><span style=\"color: #800000;\"><strong>Lieferbedingungen :<br \/>\n<\/strong><\/span><\/p>\n<p>Alle unsere Produkte sind innerhalb von 10 Tagen nach Eingang Ihrer Bestellung lieferbar. Bitte z\u00f6gern Sie nicht, uns zu kontaktieren. <u><a href=\"https:\/\/cdiffprom.ch\/elements\/contactez-nous\/\"><span style=\"color: #800000;\">uns zu kontaktieren.<\/span><\/a><\/u> Wenn Sie einen dringenderen Bedarf haben, k\u00f6nnen wir Ihnen immer eine schnellere L\u00f6sung anbieten. <\/p>\n<p>Einige Artikel k\u00f6nnen eine l\u00e4ngere Lieferzeit in Anspruch nehmen, da sie nicht auf Lager unseres Lieferanten sind. In diesem Fall werden Sie nach Eingang Ihrer Bestellung benachrichtigt. <\/p>\n<p>Wir liefern versandkostenfrei ab einem Bestellwert von CHF. 500.-. Unterhalb dieses Betrags wird eine Pauschale von CHF. 15,90 zu entrichten. <\/p>\n<p>Bei allen Online-Bestellungen f\u00fchren wir immer einen Telefonanruf durch, um sicherzustellen, dass Sie das richtige Produkt f\u00fcr Ihre Bed\u00fcrfnisse ausgew\u00e4hlt haben. So k\u00f6nnen Sie sicher sein, dass Sie die richtige Wahl treffen. <\/p>\n<p>Bitte beachten Sie, dass die Promo-Codes nicht kumulierbar sind und der Rabatt auf Ihrer Bestellung sichtbar ist.<\/p>\n","protected":false},"excerpt":{"rendered":"<p>F\u00fcr ein Maximum an Pr\u00e4sentation auf einem Minimum an Fl\u00e4che f\u00fcr Ihre Zeitungen<\/p>\n","protected":false},"featured_media":102958,"template":"","meta":{"slim_seo":{"title":"Zeitungsst\u00e4nder mit 20\/30 F\u00e4chern - Suisse - C.Diff-Prom","description":"F\u00fcr ein Maximum an Pr\u00e4sentation auf einem Minimum an Fl\u00e4che f\u00fcr Ihre Zeitungen"}},"product_brand":[],"product_cat":[6351,6401],"product_tag":[6410],"class_list":{"0":"post-105904","1":"product","2":"type-product","3":"status-publish","4":"has-post-thumbnail","6":"product_cat-drehkreuze-fur-presse-und-zeitungen","7":"product_cat-zeitungsstander","8":"product_tag-drehkreuze-fur-presse-und-zeitungen","9":"pa_specifications-20-felder","10":"pa_specifications-25-felder","11":"pa_specifications-30-felder","13":"first","14":"instock","15":"taxable","16":"shipping-taxable","17":"purchasable","18":"product-type-variable"},"_links":{"self":[{"href":"https:\/\/cdiffprom.ch\/de\/wp-json\/wp\/v2\/product\/105904","targetHints":{"allow":["GET"]}}],"collection":[{"href":"https:\/\/cdiffprom.ch\/de\/wp-json\/wp\/v2\/product"}],"about":[{"href":"https:\/\/cdiffprom.ch\/de\/wp-json\/wp\/v2\/types\/product"}],"wp:featuredmedia":[{"embeddable":true,"href":"https:\/\/cdiffprom.ch\/de\/wp-json\/wp\/v2\/media\/102958"}],"wp:attachment":[{"href":"https:\/\/cdiffprom.ch\/de\/wp-json\/wp\/v2\/media?parent=105904"}],"wp:term":[{"taxonomy":"product_brand","embeddable":true,"href":"https:\/\/cdiffprom.ch\/de\/wp-json\/wp\/v2\/product_brand?post=105904"},{"taxonomy":"product_cat","embeddable":true,"href":"https:\/\/cdiffprom.ch\/de\/wp-json\/wp\/v2\/product_cat?post=105904"},{"taxonomy":"product_tag","embeddable":true,"href":"https:\/\/cdiffprom.ch\/de\/wp-json\/wp\/v2\/product_tag?post=105904"}],"curies":[{"name":"wp","href":"https:\/\/api.w.org\/{rel}","templated":true}]}}