{"id":105909,"date":"2019-07-26T15:16:20","date_gmt":"2019-07-26T13:16:20","guid":{"rendered":"https:\/\/cdiffprom.ch\/produit\/quick-file-bindestreifen\/"},"modified":"2019-07-26T15:16:20","modified_gmt":"2019-07-26T13:16:20","slug":"quick-file-bindestreifen","status":"publish","type":"product","link":"https:\/\/cdiffprom.ch\/de\/produit\/quick-file-bindestreifen\/","title":{"rendered":"Quick-File-Bindestreifen"},"content":{"rendered":"<ul>\n<li>F\u00fcr den mobilen H\u00e4ngeregistraturschrank Hang- A- Plan.<\/li>\n<li>Ideal f\u00fcr Pl\u00e4ne, Landkarten, Druckfolien, Poster bis zum Format<\/li>\n<li>A0.<\/li>\n<li>Die Spange mit Bindeglied l\u00e4sst sich stabil an Konsolen oder Wagen anbringen.<\/li>\n<li>Sie kann jederzeit einzeln zur\u00fcckgezogen werden.<\/li>\n<li>F\u00fcr Aufh\u00e4ngung ohne Perforation.<\/li>\n<li>Mattschwarz lackiertes Aluminiumprofil mit einem Klemmbackensystem, das von zwei Fl\u00fcgelschrauben gesteuert wird und eine starke Klemmwirkung hat.<\/li>\n<li>Kapazit\u00e4t Blattdicke 25 mm.<\/li>\n<\/ul>\n","protected":false},"excerpt":{"rendered":"<p>F\u00fcr den mobilen H\u00e4ngeregistraturschrank Hang- A- Plan. Ideal f\u00fcr Pl\u00e4ne, Landkarten, Druckfolien, Poster bis zum Format A0. Die Spange mit Bindeglied l\u00e4sst sich stabil an Konsolen oder Wagen anbringen. Sie kann jederzeit einzeln zur\u00fcckgezogen werden. F\u00fcr Aufh\u00e4ngung ohne Perforation. Mattschwarz lackiertes Aluminiumprofil mit einem Klemmbackensystem, das von zwei Fl\u00fcgelschrauben gesteuert wird und eine starke Klemmwirkung&#8230;<\/p>\n","protected":false},"featured_media":102974,"template":"","meta":{"slim_seo":{"title":"Quick-File-Bindestreifen - Suisse - C.Diff-Prom","description":"F\u00fcr den mobilen H\u00e4ngeregistraturschrank Hang- A- Plan. Ideal f\u00fcr Pl\u00e4ne, Landkarten, Druckfolien, Poster bis zum Format A0. Die Spange mit Bindeglied l\u00e4sst sich"}},"product_brand":[],"product_cat":[6390,6414],"product_tag":[6490],"class_list":{"0":"post-105909","1":"product","2":"type-product","3":"status-publish","4":"has-post-thumbnail","6":"product_cat-ranking","7":"product_cat-suspendierte-klassifizierung","8":"product_tag-ausgesetztes-ranking","9":"pa_dimensions-a0-84-x-118-8-cm-de","10":"pa_dimensions-a1-594-x-84-cm-de","12":"first","13":"instock","14":"taxable","15":"shipping-taxable","16":"purchasable","17":"product-type-variable"},"_links":{"self":[{"href":"https:\/\/cdiffprom.ch\/de\/wp-json\/wp\/v2\/product\/105909","targetHints":{"allow":["GET"]}}],"collection":[{"href":"https:\/\/cdiffprom.ch\/de\/wp-json\/wp\/v2\/product"}],"about":[{"href":"https:\/\/cdiffprom.ch\/de\/wp-json\/wp\/v2\/types\/product"}],"wp:featuredmedia":[{"embeddable":true,"href":"https:\/\/cdiffprom.ch\/de\/wp-json\/wp\/v2\/media\/102974"}],"wp:attachment":[{"href":"https:\/\/cdiffprom.ch\/de\/wp-json\/wp\/v2\/media?parent=105909"}],"wp:term":[{"taxonomy":"product_brand","embeddable":true,"href":"https:\/\/cdiffprom.ch\/de\/wp-json\/wp\/v2\/product_brand?post=105909"},{"taxonomy":"product_cat","embeddable":true,"href":"https:\/\/cdiffprom.ch\/de\/wp-json\/wp\/v2\/product_cat?post=105909"},{"taxonomy":"product_tag","embeddable":true,"href":"https:\/\/cdiffprom.ch\/de\/wp-json\/wp\/v2\/product_tag?post=105909"}],"curies":[{"name":"wp","href":"https:\/\/api.w.org\/{rel}","templated":true}]}}