{"id":105917,"date":"2019-07-26T15:16:21","date_gmt":"2019-07-26T13:16:21","guid":{"rendered":"https:\/\/cdiffprom.ch\/produit\/wandkonsole-mit-5-streifen\/"},"modified":"2019-07-26T15:16:21","modified_gmt":"2019-07-26T13:16:21","slug":"wandkonsole-mit-5-streifen","status":"publish","type":"product","link":"https:\/\/cdiffprom.ch\/de\/produit\/wandkonsole-mit-5-streifen\/","title":{"rendered":"Wandkonsole mit 5 Streifen"},"content":{"rendered":"<ul>\n<li>Verwendung f\u00fcr mobile H\u00e4ngeregistraturen.<\/li>\n<li>Ideal f\u00fcr Pl\u00e4ne, Landkarten, Druckfolien, Poster bis zum Format<\/li>\n<li>A0<\/li>\n<\/ul>\n","protected":false},"excerpt":{"rendered":"<p>Verwendung f\u00fcr mobile H\u00e4ngeregistraturen. Ideal f\u00fcr Pl\u00e4ne, Landkarten, Druckfolien, Poster bis zum Format A0<\/p>\n","protected":false},"featured_media":102980,"template":"","meta":{"slim_seo":{"title":"Wandkonsole mit 5 Streifen - Suisse - C.Diff-Prom","description":"Verwendung f\u00fcr mobile H\u00e4ngeregistraturen. Ideal f\u00fcr Pl\u00e4ne, Landkarten, Druckfolien, Poster bis zum Format A0"}},"product_brand":[],"product_cat":[6390,6414],"product_tag":[6490],"class_list":{"0":"post-105917","1":"product","2":"type-product","3":"status-publish","4":"has-post-thumbnail","6":"product_cat-ranking","7":"product_cat-suspendierte-klassifizierung","8":"product_tag-ausgesetztes-ranking","10":"first","11":"instock","12":"taxable","13":"shipping-taxable","14":"purchasable","15":"product-type-simple"},"_links":{"self":[{"href":"https:\/\/cdiffprom.ch\/de\/wp-json\/wp\/v2\/product\/105917","targetHints":{"allow":["GET"]}}],"collection":[{"href":"https:\/\/cdiffprom.ch\/de\/wp-json\/wp\/v2\/product"}],"about":[{"href":"https:\/\/cdiffprom.ch\/de\/wp-json\/wp\/v2\/types\/product"}],"wp:featuredmedia":[{"embeddable":true,"href":"https:\/\/cdiffprom.ch\/de\/wp-json\/wp\/v2\/media\/102980"}],"wp:attachment":[{"href":"https:\/\/cdiffprom.ch\/de\/wp-json\/wp\/v2\/media?parent=105917"}],"wp:term":[{"taxonomy":"product_brand","embeddable":true,"href":"https:\/\/cdiffprom.ch\/de\/wp-json\/wp\/v2\/product_brand?post=105917"},{"taxonomy":"product_cat","embeddable":true,"href":"https:\/\/cdiffprom.ch\/de\/wp-json\/wp\/v2\/product_cat?post=105917"},{"taxonomy":"product_tag","embeddable":true,"href":"https:\/\/cdiffprom.ch\/de\/wp-json\/wp\/v2\/product_tag?post=105917"}],"curies":[{"name":"wp","href":"https:\/\/api.w.org\/{rel}","templated":true}]}}