{"id":105918,"date":"2019-07-26T15:14:35","date_gmt":"2019-07-26T13:14:35","guid":{"rendered":"https:\/\/cdiffprom.ch\/produit\/schliessfachschrank-buro-box\/"},"modified":"2019-07-26T15:14:35","modified_gmt":"2019-07-26T13:14:35","slug":"schliessfachschrank-buro-box","status":"publish","type":"product","link":"https:\/\/cdiffprom.ch\/de\/produit\/schliessfachschrank-buro-box\/","title":{"rendered":"Schlie\u00dffachschrank buro-box"},"content":{"rendered":"<h3><span style=\"color: #800000;\"><strong>Buro-Box Schlie\u00dffachschr\u00e4nke<\/strong><\/span><\/h3>\n<p>Mit diesem Buro-Box-Set k\u00f6nnen Sie Ihre gesamte Dokumentation \u00fcbersichtlich aufbewahren.<\/p>\n<p>Er eignet sich daher f\u00fcr eine Vielzahl von Orten, wie z.B. B\u00fcros oder Dokumentationszentren.<\/p>\n<h4><span style=\"color: #800000;\"><strong>Merkmale :<\/strong><\/span><\/h4>\n<ul>\n<li>50 Schubladenboxen mit Klappe hellgrau 5 Unterschr\u00e4nke \/ Regale hellgrau<\/li>\n<li>Innenma\u00dfe der Schubladen: H 70 x B 252 x T 345 mm<\/li>\n<li>Platzbedarf M\u00f6bel: H 105 x B 150 x T 39 cm<\/li>\n<li>Robuste Konstruktion, hellgraues, sto\u00dffestes Polystyrol<\/li>\n<\/ul>\n<h4><span style=\"color: #800000;\"><strong>Lieferbedingungen<\/strong><\/span><\/h4>\n<p>Alle unsere Produkte sind in der Regel innerhalb von 10 Tagen nach Eingang Ihrer Bestellung lieferbar. Bitte z\u00f6gern Sie nicht, uns zu kontaktieren. <strong><u><a href=\"https:\/\/cdiffprom.ch\/elements\/contactez-nous\/\"><span style=\"color: #800000;\">uns zu kontaktieren.<\/span><\/a><\/u><\/strong> Wenn Sie einen dringenderen Bedarf haben, k\u00f6nnen wir Ihnen immer eine schnellere L\u00f6sung anbieten. <\/p>\n<p>Wir w\u00e4hlen diese Frist, um unsere Transporte zu optimieren und so die nachhaltige Entwicklung zu respektieren. Dies ist f\u00fcr uns auch ein Mittel, um unsere Kosten zu senken, so dass Sie stets von niedrigen und fairen Preisen profitieren k\u00f6nnen. <\/p>\n<p>Einige Artikel k\u00f6nnen eine l\u00e4ngere Lieferzeit in Anspruch nehmen, da sie nicht auf Lager unseres Lieferanten sind. In diesem Fall werden Sie nach Eingang Ihrer Bestellung benachrichtigt. <\/p>\n<p>Wir liefern versandkostenfrei ab einem Bestellwert von CHF. 500.-. Unterhalb dieses Betrags wird eine Pauschale von CHF. 15,90 zu entrichten. <\/p>\n<p>Bei allen Online-Bestellungen f\u00fchren wir immer einen Telefonanruf durch, um sicherzustellen, dass Sie das richtige Produkt f\u00fcr Ihre Bed\u00fcrfnisse ausgew\u00e4hlt haben. So k\u00f6nnen Sie sicher sein, dass Sie die richtige Wahl treffen. <\/p>\n<p>&nbsp;<\/p>\n<p>&nbsp;<\/p>\n","protected":false},"excerpt":{"rendered":"<p>Ordnen Sie Ihre Akten ordentlich mit einer gro\u00dfen Kapazit\u00e4t!<\/p>\n","protected":false},"featured_media":102964,"template":"","meta":{"slim_seo":{"title":"Schlie\u00dffachschrank buro-box - Suisse - C.Diff-Prom","description":"Ordnen Sie Ihre Akten ordentlich mit einer gro\u00dfen Kapazit\u00e4t!"}},"product_brand":[],"product_cat":[6347,6494,6390,6495],"product_tag":[6496,6497,6498],"class_list":{"0":"post-105918","1":"product","2":"type-product","3":"status-publish","4":"has-post-thumbnail","6":"product_cat-behalter-wagen","7":"product_cat-mobel-fur-postsortierung","8":"product_cat-ranking","9":"product_cat-sortierer","10":"product_tag-behalter-wagen","11":"product_tag-mobel-fur-postsortierung","12":"product_tag-sortierer","14":"first","15":"instock","16":"taxable","17":"shipping-taxable","18":"purchasable","19":"product-type-simple"},"_links":{"self":[{"href":"https:\/\/cdiffprom.ch\/de\/wp-json\/wp\/v2\/product\/105918","targetHints":{"allow":["GET"]}}],"collection":[{"href":"https:\/\/cdiffprom.ch\/de\/wp-json\/wp\/v2\/product"}],"about":[{"href":"https:\/\/cdiffprom.ch\/de\/wp-json\/wp\/v2\/types\/product"}],"wp:featuredmedia":[{"embeddable":true,"href":"https:\/\/cdiffprom.ch\/de\/wp-json\/wp\/v2\/media\/102964"}],"wp:attachment":[{"href":"https:\/\/cdiffprom.ch\/de\/wp-json\/wp\/v2\/media?parent=105918"}],"wp:term":[{"taxonomy":"product_brand","embeddable":true,"href":"https:\/\/cdiffprom.ch\/de\/wp-json\/wp\/v2\/product_brand?post=105918"},{"taxonomy":"product_cat","embeddable":true,"href":"https:\/\/cdiffprom.ch\/de\/wp-json\/wp\/v2\/product_cat?post=105918"},{"taxonomy":"product_tag","embeddable":true,"href":"https:\/\/cdiffprom.ch\/de\/wp-json\/wp\/v2\/product_tag?post=105918"}],"curies":[{"name":"wp","href":"https:\/\/api.w.org\/{rel}","templated":true}]}}