{"id":105920,"date":"2019-07-26T15:14:36","date_gmt":"2019-07-26T13:14:36","guid":{"rendered":"https:\/\/cdiffprom.ch\/produit\/wagen-display-fuer-poster\/"},"modified":"2019-07-26T15:14:36","modified_gmt":"2019-07-26T13:14:36","slug":"wagen-display-fuer-poster","status":"publish","type":"product","link":"https:\/\/cdiffprom.ch\/de\/produit\/wagen-display-fuer-poster\/","title":{"rendered":"Wagen\/Display f\u00fcr Poster"},"content":{"rendered":"<h3><span style=\"color: #800000;\"><strong>Wagen\/Display f\u00fcr Poster<\/strong><\/span><\/h3>\n<p>Ben\u00f6tigen Sie ein Display f\u00fcr Ihre Poster oder Zeichnungen? Dieser Posterwagen\/-st\u00e4nder ist das ideale Medium, das Ihren W\u00fcnschen entspricht. <\/p>\n<p>Die einfache Nutzung eignet sich f\u00fcr Gesch\u00e4fte oder Mediatheken, um Poster, Drucke oder Kunstreproduktionen zu pr\u00e4sentieren, zur Verf\u00fcgung zu stellen oder zu lagern.<\/p>\n<h4><span style=\"color: #800000;\"><strong>Merkmale :<\/strong><\/span><\/h4>\n<ul>\n<li>Sehr robust 4 Rollen, davon 2 mit Bremsen<\/li>\n<li>Zul\u00e4ssige Belastung: 90 kg<\/li>\n<li>Metallstruktur (Rohr 40 x 20 mm), wei\u00df pulverbeschichtet, korrosionsbest\u00e4ndig<\/li>\n<li>Schale mit 23 cm Kapazit\u00e4t 33 cm \u00fcber dem Boden<\/li>\n<\/ul>\n<h4><strong><span style=\"color: #800000;\">Lieferbedingungen :<br \/>\n<\/span><\/strong><\/h4>\n<p>Zu Ihrer Information: Nach Eingang Ihres Auftrags sind unsere Produkte innerhalb von etwa zehn Tagen lieferbar.<\/p>\n<p>Z\u00f6gern Sie nicht <u><a href=\"https:\/\/cdiffprom.ch\/elements\/contactez-nous\/\"><strong><span style=\"color: #800000;\">kontaktieren Sie uns bitte.<\/span><\/strong><\/a><\/u> Wenn Sie einen dringenderen Bedarf haben, haben wir immer eine schnellere L\u00f6sung f\u00fcr Sie und k\u00f6nnen Sie auch \u00fcber Rabatte bei Mengenbestellungen informieren.<\/p>\n<p>Einige Artikel k\u00f6nnen eine l\u00e4ngere Lieferzeit in Anspruch nehmen, da sie nicht auf Lager unseres Lieferanten sind. In diesem Fall werden Sie nach Eingang Ihrer Bestellung benachrichtigt. <\/p>\n<p>Wir liefern versandkostenfrei ab einem Bestellwert von CHF. 500.-. Unterhalb dieses Betrags wird eine Pauschale von CHF. 15,90 zu entrichten. <\/p>\n<p>Bei allen Online-Bestellungen f\u00fchren wir immer einen Telefonanruf durch, um sicherzustellen, dass Sie das richtige Produkt f\u00fcr Ihre Bed\u00fcrfnisse ausgew\u00e4hlt haben. So k\u00f6nnen Sie sicher sein, dass Sie die richtige Wahl treffen. <\/p>\n<p>Bitte beachten Sie, dass die Promo-Codes nicht kumulierbar sind und der Rabatt auf Ihrer Bestellung sichtbar ist.<\/p>\n","protected":false},"excerpt":{"rendered":"<p>Einfaches Betrachten und Ausw\u00e4hlen von Postern<\/p>\n","protected":false},"featured_media":103528,"template":"","meta":{"slim_seo":{"title":"Wagen\/Display f\u00fcr Poster - Suisse - C.Diff-Prom","description":"Einfaches Betrachten und Ausw\u00e4hlen von Postern"}},"product_brand":[],"product_cat":[6347,6390],"product_tag":[6496,6364,6501,6498],"class_list":{"0":"post-105920","1":"product","2":"type-product","3":"status-publish","4":"has-post-thumbnail","6":"product_cat-behalter-wagen","7":"product_cat-ranking","8":"product_tag-behalter-wagen","9":"product_tag-pos-materialien","10":"product_tag-sortieren-von-cds","11":"product_tag-sortierer","12":"pa_dimensions-h-84-x-b-64-x-t-67","13":"pa_dimensions-h-96-x-b-96-x-t-74","15":"first","16":"instock","17":"taxable","18":"shipping-taxable","19":"purchasable","20":"product-type-variable"},"_links":{"self":[{"href":"https:\/\/cdiffprom.ch\/de\/wp-json\/wp\/v2\/product\/105920","targetHints":{"allow":["GET"]}}],"collection":[{"href":"https:\/\/cdiffprom.ch\/de\/wp-json\/wp\/v2\/product"}],"about":[{"href":"https:\/\/cdiffprom.ch\/de\/wp-json\/wp\/v2\/types\/product"}],"wp:featuredmedia":[{"embeddable":true,"href":"https:\/\/cdiffprom.ch\/de\/wp-json\/wp\/v2\/media\/103528"}],"wp:attachment":[{"href":"https:\/\/cdiffprom.ch\/de\/wp-json\/wp\/v2\/media?parent=105920"}],"wp:term":[{"taxonomy":"product_brand","embeddable":true,"href":"https:\/\/cdiffprom.ch\/de\/wp-json\/wp\/v2\/product_brand?post=105920"},{"taxonomy":"product_cat","embeddable":true,"href":"https:\/\/cdiffprom.ch\/de\/wp-json\/wp\/v2\/product_cat?post=105920"},{"taxonomy":"product_tag","embeddable":true,"href":"https:\/\/cdiffprom.ch\/de\/wp-json\/wp\/v2\/product_tag?post=105920"}],"curies":[{"name":"wp","href":"https:\/\/api.w.org\/{rel}","templated":true}]}}