{"id":105921,"date":"2019-07-26T15:17:55","date_gmt":"2019-07-26T13:17:55","guid":{"rendered":"https:\/\/cdiffprom.ch\/produit\/papierkorb-aus-stahl\/"},"modified":"2019-07-26T15:17:55","modified_gmt":"2019-07-26T13:17:55","slug":"papierkorb-aus-stahl","status":"publish","type":"product","link":"https:\/\/cdiffprom.ch\/de\/produit\/papierkorb-aus-stahl\/","title":{"rendered":"Papierkorb aus Stahl"},"content":{"rendered":"<h3><span style=\"color: #800000;\"><strong>Papierkorb aus Stahl  <\/strong><\/span><\/h3>\n<p>Sie k\u00f6nnen diesen Papierkorb aus Stahl in vielen Bereichen einsetzen, sei es in Empfangsbereichen oder in vielen B\u00fcros.<\/p>\n<h4><span style=\"color: #800000;\"><strong>Merkmale<\/strong><\/span><\/h4>\n<ul>\n<li>Hergestellt aus pulverbeschichtetem Stahl in Alu-Grau<\/li>\n<li>H\u00f6he 36 cm x Durchmesser 30 cm = ca. 20 Liter<\/li>\n<li>Gewicht 1.3 kg<\/li>\n<\/ul>\n<h4><span style=\"color: #800000;\"><strong>Lieferbedingungen<\/strong><\/span><\/h4>\n<p>Zu Ihrer Information: Nach Eingang Ihres Auftrags sind unsere Produkte innerhalb von etwa zehn Tagen lieferbar.<\/p>\n<p>Z\u00f6gern Sie nicht <span style=\"color: #800000;\"><strong><u><a style=\"color: #800000;\" href=\"https:\/\/cdiffprom.ch\/elements\/contactez-nous\/\">uns zu kontaktieren.<\/a><\/u><\/strong><\/span> Wenn Sie einen dringenderen Bedarf haben, k\u00f6nnen wir Ihnen immer eine schnellere L\u00f6sung anbieten.<\/p>\n<p>Wir sind auch gerne bereit, Ihnen Informationen \u00fcber Mengenrabatte zu geben.<\/p>\n<p>Einige Artikel k\u00f6nnen eine l\u00e4ngere Lieferzeit in Anspruch nehmen, da sie nicht auf Lager unseres Lieferanten sind. In diesem Fall werden Sie nach Eingang Ihrer Bestellung benachrichtigt. <\/p>\n<p>Wir liefern versandkostenfrei ab einem Bestellwert von CHF. 500.-. Unterhalb dieses Betrags wird eine Pauschale von CHF. 15,90 zu entrichten. <\/p>\n<p>Bei allen Online-Bestellungen f\u00fchren wir immer einen Telefonanruf durch, um sicherzustellen, dass Sie das richtige Produkt f\u00fcr Ihre Bed\u00fcrfnisse ausgew\u00e4hlt haben. So k\u00f6nnen Sie sicher sein, dass Sie die richtige Wahl treffen. <\/p>\n<p>Bitte beachten Sie, dass die Promo-Codes nicht kumulierbar sind und der Rabatt auf Ihrer Bestellung sichtbar ist.<\/p>\n","protected":false},"excerpt":{"rendered":"<p>Ein klassischer und robuster Klassiker!<\/p>\n","protected":false},"featured_media":102990,"template":"","meta":{"slim_seo":{"title":"Papierkorb aus Stahl - Suisse - C.Diff-Prom","description":"Ein klassischer und robuster Klassiker!"}},"product_brand":[],"product_cat":[6391,6467,6355,6472,6390],"product_tag":[6392,6468,6473],"class_list":{"0":"post-105921","1":"product","2":"type-product","3":"status-publish","4":"has-post-thumbnail","6":"product_cat-burozubehor","7":"product_cat-empfangszubehor","8":"product_cat-konferenz","9":"product_cat-mobiliar","10":"product_cat-ranking","11":"product_tag-burozubehor","12":"product_tag-empfangszubehor","13":"product_tag-mobiliare-erganzungen","15":"first","16":"instock","17":"taxable","18":"shipping-taxable","19":"purchasable","20":"product-type-simple"},"_links":{"self":[{"href":"https:\/\/cdiffprom.ch\/de\/wp-json\/wp\/v2\/product\/105921","targetHints":{"allow":["GET"]}}],"collection":[{"href":"https:\/\/cdiffprom.ch\/de\/wp-json\/wp\/v2\/product"}],"about":[{"href":"https:\/\/cdiffprom.ch\/de\/wp-json\/wp\/v2\/types\/product"}],"wp:featuredmedia":[{"embeddable":true,"href":"https:\/\/cdiffprom.ch\/de\/wp-json\/wp\/v2\/media\/102990"}],"wp:attachment":[{"href":"https:\/\/cdiffprom.ch\/de\/wp-json\/wp\/v2\/media?parent=105921"}],"wp:term":[{"taxonomy":"product_brand","embeddable":true,"href":"https:\/\/cdiffprom.ch\/de\/wp-json\/wp\/v2\/product_brand?post=105921"},{"taxonomy":"product_cat","embeddable":true,"href":"https:\/\/cdiffprom.ch\/de\/wp-json\/wp\/v2\/product_cat?post=105921"},{"taxonomy":"product_tag","embeddable":true,"href":"https:\/\/cdiffprom.ch\/de\/wp-json\/wp\/v2\/product_tag?post=105921"}],"curies":[{"name":"wp","href":"https:\/\/api.w.org\/{rel}","templated":true}]}}