{"id":105924,"date":"2019-07-26T15:14:37","date_gmt":"2019-07-26T13:14:37","guid":{"rendered":"https:\/\/cdiffprom.ch\/produit\/metallwagen-auf-rollen\/"},"modified":"2019-07-26T15:14:37","modified_gmt":"2019-07-26T13:14:37","slug":"metallwagen-auf-rollen","status":"publish","type":"product","link":"https:\/\/cdiffprom.ch\/de\/produit\/metallwagen-auf-rollen\/","title":{"rendered":"Metallwagen auf Rollen"},"content":{"rendered":"<h3><span style=\"color: #800000;\"><strong>Metallwagen auf Rollen<\/strong><\/span><\/h3>\n<p>Dieser Metallwagen auf Rollen erm\u00f6glicht es Ihnen, Ihre verschiedenen Pl\u00e4ne, Landkarten, Druckfilme oder Poster aufzubewahren.<\/p>\n<p>Mit Hilfe von Buchbinderleisten kann er Dokumente mit einer maximalen Gr\u00f6\u00dfe von : H 120 cm x B 92 cm, was dem Format A0 entspricht.<\/p>\n<ul>\n<li>H 137 cm x B 55 cm x T 82 cm<\/li>\n<li>Die Binderleisten lassen sich einzeln auf dem Wagen ein- und ausrasten.<\/li>\n<li>Kann bis zu 20 Binderstreifen aufnehmen<\/li>\n<li>4 hochbelastbare Rollen<\/li>\n<li>Robuste Struktur aus schwarz lackiertem Stahl<\/li>\n<li>Lieferung ohne Binderstreifen<\/li>\n<\/ul>\n<h4><span style=\"color: #800000;\"><strong>Lieferbedingungen :<br \/>\n<\/strong><\/span><\/h4>\n<p>Zu Ihrer Information: Nach Eingang Ihres Auftrags sind unsere Produkte innerhalb von etwa zehn Tagen lieferbar.<\/p>\n<p>Z\u00f6gern Sie nicht <u><a href=\"https:\/\/cdiffprom.ch\/elements\/contactez-nous\/\"><span style=\"color: #800000;\">uns zu kontaktieren.<\/span><\/a><\/u> Wenn Sie einen dringenderen Bedarf haben, k\u00f6nnen wir Ihnen immer eine schnellere L\u00f6sung anbieten.<\/p>\n<p>Wir sind auch gerne bereit, Ihnen Informationen \u00fcber Mengenrabatte zu geben.<\/p>\n<p>Einige Artikel k\u00f6nnen eine l\u00e4ngere Lieferzeit in Anspruch nehmen, da sie nicht auf Lager unseres Lieferanten sind. In diesem Fall werden Sie nach Eingang Ihrer Bestellung benachrichtigt. <\/p>\n<p>Wir liefern versandkostenfrei ab einem Bestellwert von CHF. 500.-. Unterhalb dieses Betrags wird eine Pauschale von CHF. 15,90 zu entrichten. <\/p>\n<p>Bei allen Online-Bestellungen f\u00fchren wir immer einen Telefonanruf durch, um sicherzustellen, dass Sie das richtige Produkt f\u00fcr Ihre Bed\u00fcrfnisse ausgew\u00e4hlt haben. So k\u00f6nnen Sie sicher sein, dass Sie die richtige Wahl treffen. <\/p>\n<p>Bitte beachten Sie, dass die Promo-Codes nicht kumulierbar sind und der Rabatt auf Ihrer Bestellung sichtbar ist.<\/p>\n","protected":false},"excerpt":{"rendered":"<p>F\u00fcr die h\u00e4ngende Aufbewahrung von Quick-File Hang-A-Plan Bindestreifen<\/p>\n","protected":false},"featured_media":102970,"template":"","meta":{"slim_seo":{"title":"Metallwagen auf Rollen - Suisse - C.Diff-Prom","description":"F\u00fcr die h\u00e4ngende Aufbewahrung von Quick-File Hang-A-Plan Bindestreifen"}},"product_brand":[],"product_cat":[6347,6390,6414],"product_tag":[6490,6496],"class_list":{"0":"post-105924","1":"product","2":"type-product","3":"status-publish","4":"has-post-thumbnail","6":"product_cat-behalter-wagen","7":"product_cat-ranking","8":"product_cat-suspendierte-klassifizierung","9":"product_tag-ausgesetztes-ranking","10":"product_tag-behalter-wagen","12":"first","13":"instock","14":"taxable","15":"shipping-taxable","16":"purchasable","17":"product-type-variable"},"_links":{"self":[{"href":"https:\/\/cdiffprom.ch\/de\/wp-json\/wp\/v2\/product\/105924","targetHints":{"allow":["GET"]}}],"collection":[{"href":"https:\/\/cdiffprom.ch\/de\/wp-json\/wp\/v2\/product"}],"about":[{"href":"https:\/\/cdiffprom.ch\/de\/wp-json\/wp\/v2\/types\/product"}],"wp:featuredmedia":[{"embeddable":true,"href":"https:\/\/cdiffprom.ch\/de\/wp-json\/wp\/v2\/media\/102970"}],"wp:attachment":[{"href":"https:\/\/cdiffprom.ch\/de\/wp-json\/wp\/v2\/media?parent=105924"}],"wp:term":[{"taxonomy":"product_brand","embeddable":true,"href":"https:\/\/cdiffprom.ch\/de\/wp-json\/wp\/v2\/product_brand?post=105924"},{"taxonomy":"product_cat","embeddable":true,"href":"https:\/\/cdiffprom.ch\/de\/wp-json\/wp\/v2\/product_cat?post=105924"},{"taxonomy":"product_tag","embeddable":true,"href":"https:\/\/cdiffprom.ch\/de\/wp-json\/wp\/v2\/product_tag?post=105924"}],"curies":[{"name":"wp","href":"https:\/\/api.w.org\/{rel}","templated":true}]}}