{"id":105933,"date":"2019-07-26T15:18:00","date_gmt":"2019-07-26T13:18:00","guid":{"rendered":"https:\/\/cdiffprom.ch\/produit\/abfalleimer-mit-pedal\/"},"modified":"2019-07-26T15:18:00","modified_gmt":"2019-07-26T13:18:00","slug":"abfalleimer-mit-pedal","status":"publish","type":"product","link":"https:\/\/cdiffprom.ch\/de\/produit\/abfalleimer-mit-pedal\/","title":{"rendered":"Abfalleimer mit Pedal"},"content":{"rendered":"<h3><span style=\"color: #800000;\"><strong>Treteimer<\/strong><\/span><\/h3>\n<p>Sie werden eine Vielzahl von Einsatzorten f\u00fcr diesen Treteimer finden.<\/p>\n<p>Er kann in vielen Empfangsbereichen (z.B. Wartezimmer) und in verschiedenen B\u00fcros eingesetzt werden.<\/p>\n<h4><span style=\"color: #800000;\"><strong>Merkmale<\/strong><\/span><\/h4>\n<ul>\n<li>Deckel mit stufenloser Kippfunktion<\/li>\n<li>Herausnehmbarer Inneneimer aus schwarzem Kunststoff<\/li>\n<li>Aus Stahl gefertigt, gl\u00e4nzend verchromt.<\/li>\n<li>Fassungsverm\u00f6gen des Eimers 5 Liter<\/li>\n<li>Abmessungen: Durchmesser 21 cm x H\u00f6he 27 cm<\/li>\n<li>Gewicht: 2 kg<\/li>\n<\/ul>\n<p><span style=\"color: #800000;\"><strong>Lieferbedingungen<\/strong><\/span><\/p>\n<p>Zu Ihrer Information: Nach Eingang Ihres Auftrags sind unsere Produkte innerhalb von etwa zehn Tagen lieferbar.<\/p>\n<p>Z\u00f6gern Sie nicht <u><a href=\"https:\/\/cdiffprom.ch\/elements\/contactez-nous\/\"><span style=\"color: #800000;\"><strong>uns zu kontaktieren.<\/strong><\/span><\/a><\/u> Wenn Sie einen dringenderen Bedarf haben, k\u00f6nnen wir Ihnen immer eine schnellere L\u00f6sung anbieten.<\/p>\n<p>Wir sind auch gerne bereit, Ihnen Informationen \u00fcber Mengenrabatte zu geben.<\/p>\n<p>Einige Artikel k\u00f6nnen eine l\u00e4ngere Lieferzeit in Anspruch nehmen, da sie nicht auf Lager unseres Lieferanten sind. In diesem Fall werden Sie nach Eingang Ihrer Bestellung benachrichtigt. <\/p>\n<p>Wir liefern versandkostenfrei ab einem Bestellwert von CHF. 500.-. Unterhalb dieses Betrags wird eine Pauschale von CHF. 15,90 zu entrichten. <\/p>\n<p>Bei allen Online-Bestellungen f\u00fchren wir immer einen Telefonanruf durch, um sicherzustellen, dass Sie das richtige Produkt f\u00fcr Ihre Bed\u00fcrfnisse ausgew\u00e4hlt haben. So k\u00f6nnen Sie sicher sein, dass Sie die richtige Wahl treffen. <\/p>\n<p>Bitte beachten Sie, dass die Promo-Codes nicht kumulierbar sind und der Rabatt auf Ihrer Bestellung sichtbar ist.<\/p>\n","protected":false},"excerpt":{"rendered":"<p>Mehrzweckabfalleimer f\u00fcr einfaches Entsorgen.<\/p>\n","protected":false},"featured_media":103018,"template":"","meta":{"slim_seo":{"title":"Abfalleimer mit Pedal - Suisse - C.Diff-Prom","description":"Mehrzweckabfalleimer f\u00fcr einfaches Entsorgen."}},"product_brand":[],"product_cat":[6467,6355,6472,6390],"product_tag":[6473],"class_list":{"0":"post-105933","1":"product","2":"type-product","3":"status-publish","4":"has-post-thumbnail","6":"product_cat-empfangszubehor","7":"product_cat-konferenz","8":"product_cat-mobiliar","9":"product_cat-ranking","10":"product_tag-mobiliare-erganzungen","12":"first","13":"instock","14":"taxable","15":"shipping-taxable","16":"purchasable","17":"product-type-simple"},"_links":{"self":[{"href":"https:\/\/cdiffprom.ch\/de\/wp-json\/wp\/v2\/product\/105933","targetHints":{"allow":["GET"]}}],"collection":[{"href":"https:\/\/cdiffprom.ch\/de\/wp-json\/wp\/v2\/product"}],"about":[{"href":"https:\/\/cdiffprom.ch\/de\/wp-json\/wp\/v2\/types\/product"}],"wp:featuredmedia":[{"embeddable":true,"href":"https:\/\/cdiffprom.ch\/de\/wp-json\/wp\/v2\/media\/103018"}],"wp:attachment":[{"href":"https:\/\/cdiffprom.ch\/de\/wp-json\/wp\/v2\/media?parent=105933"}],"wp:term":[{"taxonomy":"product_brand","embeddable":true,"href":"https:\/\/cdiffprom.ch\/de\/wp-json\/wp\/v2\/product_brand?post=105933"},{"taxonomy":"product_cat","embeddable":true,"href":"https:\/\/cdiffprom.ch\/de\/wp-json\/wp\/v2\/product_cat?post=105933"},{"taxonomy":"product_tag","embeddable":true,"href":"https:\/\/cdiffprom.ch\/de\/wp-json\/wp\/v2\/product_tag?post=105933"}],"curies":[{"name":"wp","href":"https:\/\/api.w.org\/{rel}","templated":true}]}}