{"id":105935,"date":"2019-07-26T15:18:01","date_gmt":"2019-07-26T13:18:01","guid":{"rendered":"https:\/\/cdiffprom.ch\/produit\/garderobe-mit-kleiderbuegelhalter\/"},"modified":"2019-07-26T15:18:01","modified_gmt":"2019-07-26T13:18:01","slug":"garderobe-mit-kleiderbuegelhalter","status":"publish","type":"product","link":"https:\/\/cdiffprom.ch\/de\/produit\/garderobe-mit-kleiderbuegelhalter\/","title":{"rendered":"Garderobe mit Kleiderb\u00fcgelhalter"},"content":{"rendered":"<h3><span style=\"color: #800000;\"><strong>Garderobe mit Kleiderb\u00fcgelhalter<br \/>\n<\/strong><\/span><\/h3>\n<p>Ben\u00f6tigen Sie ein System, um Kleidung zu pr\u00e4sentieren oder Ihr Garderobensystem vor\u00fcbergehend zu verdoppeln? Mit dieser Kleiderb\u00fcgelgarderobe haben Sie das perfekte Accessoire! <\/p>\n<p>Es eignet sich sowohl f\u00fcr Empfangsbereiche, Garderoben, Bekleidungsgesch\u00e4fte als auch f\u00fcr Privathaushalte.<\/p>\n<p>Sie k\u00f6nnen ihn mit herk\u00f6mmlichen oder diebstahlgesch\u00fctzten Kleiderb\u00fcgeln verwenden.<\/p>\n<p>Au\u00dferdem ist es mit seinen 4 Rollen leicht zu bewegen.<\/p>\n<h4><span style=\"color: #800000;\"><strong>Merkmale :<\/strong><\/span><\/h4>\n<ul>\n<li>Mittelgrau lackierte Metallstruktur<\/li>\n<li>Kapazit\u00e4t 40 B\u00fcgel, Lieferung mit 6 alu-grauen Metallb\u00fcgeln<\/li>\n<li>Einfache Selbstmontage, mit Anleitung<\/li>\n<\/ul>\n<p><strong><span style=\"color: #800000;\">Lieferbedingungen :<br \/>\n<\/span><\/strong><\/p>\n<p>Zu Ihrer Information: Nach Eingang Ihres Auftrags sind unsere Produkte innerhalb von etwa zehn Tagen lieferbar.<\/p>\n<p>Z\u00f6gern Sie nicht <u><a href=\"https:\/\/cdiffprom.ch\/elements\/contactez-nous\/\"><span style=\"color: #800000;\"><strong>uns zu kontaktieren.<\/strong><\/span><\/a><\/u> Wenn Sie einen dringenderen Bedarf haben, k\u00f6nnen wir Ihnen immer eine schnellere L\u00f6sung anbieten.<\/p>\n<p>Wir sind auch gerne bereit, Ihnen Informationen \u00fcber Mengenrabatte zu geben.<\/p>\n<p>Einige Artikel k\u00f6nnen eine l\u00e4ngere Lieferzeit in Anspruch nehmen, da sie nicht auf Lager unseres Lieferanten sind. In diesem Fall werden Sie nach Eingang Ihrer Bestellung benachrichtigt. <\/p>\n<p>Wir liefern versandkostenfrei ab einem Bestellwert von CHF. 500.-. Unterhalb dieses Betrags wird eine Pauschale von CHF. 15,90 zu entrichten. <\/p>\n<p>Bei allen Online-Bestellungen f\u00fchren wir immer einen Telefonanruf durch, um sicherzustellen, dass Sie das richtige Produkt f\u00fcr Ihre Bed\u00fcrfnisse ausgew\u00e4hlt haben. So k\u00f6nnen Sie sicher sein, dass Sie die richtige Wahl treffen. <\/p>\n<p>Bitte beachten Sie, dass die Promo-Codes nicht kumulierbar sind und der Rabatt auf Ihrer Bestellung sichtbar ist.<\/p>\n","protected":false},"excerpt":{"rendered":"<p>Geeignet f\u00fcr Eingangshallen, Garderoben. Leicht zu bewegen dank der 4 Rollen. Fassungsverm\u00f6gen 40 B\u00fcgel.  <\/p>\n","protected":false},"featured_media":103026,"template":"","meta":{"slim_seo":{"title":"Garderobe mit Kleiderb\u00fcgelhalter - Suisse - C.Diff-Prom","description":"Geeignet f\u00fcr Eingangshallen, Garderoben. Leicht zu bewegen dank der 4 Rollen. Fassungsverm\u00f6gen 40 B\u00fcgel."}},"product_brand":[],"product_cat":[6391,6472,6390],"product_tag":[6392,6473],"class_list":{"0":"post-105935","1":"product","2":"type-product","3":"status-publish","4":"has-post-thumbnail","6":"product_cat-burozubehor","7":"product_cat-mobiliar","8":"product_cat-ranking","9":"product_tag-burozubehor","10":"product_tag-mobiliare-erganzungen","12":"first","13":"instock","14":"taxable","15":"shipping-taxable","16":"purchasable","17":"product-type-simple"},"_links":{"self":[{"href":"https:\/\/cdiffprom.ch\/de\/wp-json\/wp\/v2\/product\/105935","targetHints":{"allow":["GET"]}}],"collection":[{"href":"https:\/\/cdiffprom.ch\/de\/wp-json\/wp\/v2\/product"}],"about":[{"href":"https:\/\/cdiffprom.ch\/de\/wp-json\/wp\/v2\/types\/product"}],"wp:featuredmedia":[{"embeddable":true,"href":"https:\/\/cdiffprom.ch\/de\/wp-json\/wp\/v2\/media\/103026"}],"wp:attachment":[{"href":"https:\/\/cdiffprom.ch\/de\/wp-json\/wp\/v2\/media?parent=105935"}],"wp:term":[{"taxonomy":"product_brand","embeddable":true,"href":"https:\/\/cdiffprom.ch\/de\/wp-json\/wp\/v2\/product_brand?post=105935"},{"taxonomy":"product_cat","embeddable":true,"href":"https:\/\/cdiffprom.ch\/de\/wp-json\/wp\/v2\/product_cat?post=105935"},{"taxonomy":"product_tag","embeddable":true,"href":"https:\/\/cdiffprom.ch\/de\/wp-json\/wp\/v2\/product_tag?post=105935"}],"curies":[{"name":"wp","href":"https:\/\/api.w.org\/{rel}","templated":true}]}}