{"id":105938,"date":"2019-07-26T15:17:56","date_gmt":"2019-07-26T13:17:56","guid":{"rendered":"https:\/\/cdiffprom.ch\/produit\/5-kleiderbuegel-aus-metall-in-alu-grau\/"},"modified":"2019-07-26T15:17:56","modified_gmt":"2019-07-26T13:17:56","slug":"5-kleiderbuegel-aus-metall-in-alu-grau","status":"publish","type":"product","link":"https:\/\/cdiffprom.ch\/de\/produit\/5-kleiderbuegel-aus-metall-in-alu-grau\/","title":{"rendered":"5 Kleiderb\u00fcgel aus Metall in Alu-Grau"},"content":{"rendered":"<ul>\n<li>Alu-grau lackiertes Metall mit Kunststoff-Endst\u00fccken<\/li>\n<li>Bogenf\u00f6rmiger Stab mit einem Durchmesser von 15 mm und einer Breite von 43 cm.<\/li>\n<li>Verkauft in Sets von 5<\/li>\n<li>Bereit zur Verwendung.<\/li>\n<li>Gewicht eines Kleiderb\u00fcgels: 150 g<\/li>\n<\/ul>\n","protected":false},"excerpt":{"rendered":"<p>Er nimmt weniger Platz ein als Holzb\u00fcgel, so dass Sie mehr Kleidung aufbewahren k\u00f6nnen!<\/p>\n","protected":false},"featured_media":102994,"template":"","meta":{"slim_seo":{"title":"5 Kleiderb\u00fcgel aus Metall in Alu-Grau - Suisse - C.Diff-Prom","description":"Er nimmt weniger Platz ein als Holzb\u00fcgel, so dass Sie mehr Kleidung aufbewahren k\u00f6nnen!"}},"product_brand":[],"product_cat":[6391,6472,6390],"product_tag":[6392,6473],"class_list":{"0":"post-105938","1":"product","2":"type-product","3":"status-publish","4":"has-post-thumbnail","6":"product_cat-burozubehor","7":"product_cat-mobiliar","8":"product_cat-ranking","9":"product_tag-burozubehor","10":"product_tag-mobiliare-erganzungen","12":"first","13":"instock","14":"taxable","15":"shipping-taxable","16":"purchasable","17":"product-type-simple"},"_links":{"self":[{"href":"https:\/\/cdiffprom.ch\/de\/wp-json\/wp\/v2\/product\/105938","targetHints":{"allow":["GET"]}}],"collection":[{"href":"https:\/\/cdiffprom.ch\/de\/wp-json\/wp\/v2\/product"}],"about":[{"href":"https:\/\/cdiffprom.ch\/de\/wp-json\/wp\/v2\/types\/product"}],"wp:featuredmedia":[{"embeddable":true,"href":"https:\/\/cdiffprom.ch\/de\/wp-json\/wp\/v2\/media\/102994"}],"wp:attachment":[{"href":"https:\/\/cdiffprom.ch\/de\/wp-json\/wp\/v2\/media?parent=105938"}],"wp:term":[{"taxonomy":"product_brand","embeddable":true,"href":"https:\/\/cdiffprom.ch\/de\/wp-json\/wp\/v2\/product_brand?post=105938"},{"taxonomy":"product_cat","embeddable":true,"href":"https:\/\/cdiffprom.ch\/de\/wp-json\/wp\/v2\/product_cat?post=105938"},{"taxonomy":"product_tag","embeddable":true,"href":"https:\/\/cdiffprom.ch\/de\/wp-json\/wp\/v2\/product_tag?post=105938"}],"curies":[{"name":"wp","href":"https:\/\/api.w.org\/{rel}","templated":true}]}}