{"id":105939,"date":"2019-07-26T15:18:01","date_gmt":"2019-07-26T13:18:01","guid":{"rendered":"https:\/\/cdiffprom.ch\/produit\/aschenbecher-mit-daempfer\/"},"modified":"2019-07-26T15:18:01","modified_gmt":"2019-07-26T13:18:01","slug":"aschenbecher-mit-daempfer","status":"publish","type":"product","link":"https:\/\/cdiffprom.ch\/de\/produit\/aschenbecher-mit-daempfer\/","title":{"rendered":"Aschenbecher mit D\u00e4mpfer"},"content":{"rendered":"<h3><span style=\"color: #800000;\"><strong>Aschenbecher mit D\u00e4mpfer<\/strong><\/span><\/h3>\n<p>Dieser Aschenbecher mit D\u00e4mpfer hat ein gl\u00e4nzend verchromtes Finish. Er passt zu jeder Einrichtung und zu jedem Ort. <\/p>\n<p>Dieses Produkt hat zwei Funktionen: Sie k\u00f6nnen damit Ihren Abfall und Zigarettenkippen entsorgen.<\/p>\n<p>Au\u00dferdem verf\u00fcgt er \u00fcber eine Aschenschale und einen D\u00e4mpfer im oberen Teil.<\/p>\n<p>Au\u00dferdem befindet sich im unteren Teil eine 10 x 15 cm gro\u00dfe \u00d6ffnung. So k\u00f6nnen Kunden oder Durchreisende, die ihn ben\u00f6tigen, ihren Abfall einfach entsorgen. Dieser Abfalleimer sorgt f\u00fcr Sauberkeit in allen \u00f6ffentlichen Bereichen.  <\/p>\n<p>Es ist ein ideales System f\u00fcr die Ausstattung von Empfangsbereichen, sowohl im Innen- als auch im Au\u00dfenbereich.<\/p>\n<h4><strong><span style=\"color: #800000;\">Technische Details<\/span><\/strong><\/h4>\n<p>Dieses Modell hat einen herausnehmbaren Inneneimer, der mit einem Henkel versehen ist, so dass die Entleerung und Reinigung des Eimers sehr einfach ist. Er hat ein Fassungsverm\u00f6gen von 30 Litern und ist aus verzinktem Stahl gefertigt. <\/p>\n<p>Der Durchmesser betr\u00e4gt 30 cm bei einer H\u00f6he von 61 cm.<\/p>\n<p>Was das Gewicht betrifft, so wiegt dieser M\u00fclleimer nur 4 kg und kann daher bei Bedarf leicht bewegt werden.<\/p>\n<p>M\u00f6chten Sie ein anderes Modell? Wir k\u00f6nnen es Ihnen mit Raster anbieten. Bitte schauen Sie sich das Muster an.<span style=\"color: #800000;\"><a style=\"color: #800000;\" href=\"https:\/\/cdiffprom.ch\/produit\/poubelle-et-cendrier-avec-grille\/\">ci<\/a><\/span>.  <\/p>\n<p>&nbsp;<\/p>\n","protected":false},"excerpt":{"rendered":"<p>Gestalten Sie Ihren \u00f6ffentlichen Raum mit unseren Abfallbeh\u00e4ltern und Aschenbechern!<\/p>\n","protected":false},"featured_media":103024,"template":"","meta":{"slim_seo":{"title":"Aschenbecher mit D\u00e4mpfer - Suisse - C.Diff-Prom","description":"Gestalten Sie Ihren \u00f6ffentlichen Raum mit unseren Abfallbeh\u00e4ltern und Aschenbechern!"}},"product_brand":[],"product_cat":[6391,6467,6355,6472,6390],"product_tag":[6392,6468,6473],"class_list":{"0":"post-105939","1":"product","2":"type-product","3":"status-publish","4":"has-post-thumbnail","6":"product_cat-burozubehor","7":"product_cat-empfangszubehor","8":"product_cat-konferenz","9":"product_cat-mobiliar","10":"product_cat-ranking","11":"product_tag-burozubehor","12":"product_tag-empfangszubehor","13":"product_tag-mobiliare-erganzungen","15":"first","16":"instock","17":"taxable","18":"shipping-taxable","19":"purchasable","20":"product-type-simple"},"_links":{"self":[{"href":"https:\/\/cdiffprom.ch\/de\/wp-json\/wp\/v2\/product\/105939","targetHints":{"allow":["GET"]}}],"collection":[{"href":"https:\/\/cdiffprom.ch\/de\/wp-json\/wp\/v2\/product"}],"about":[{"href":"https:\/\/cdiffprom.ch\/de\/wp-json\/wp\/v2\/types\/product"}],"wp:featuredmedia":[{"embeddable":true,"href":"https:\/\/cdiffprom.ch\/de\/wp-json\/wp\/v2\/media\/103024"}],"wp:attachment":[{"href":"https:\/\/cdiffprom.ch\/de\/wp-json\/wp\/v2\/media?parent=105939"}],"wp:term":[{"taxonomy":"product_brand","embeddable":true,"href":"https:\/\/cdiffprom.ch\/de\/wp-json\/wp\/v2\/product_brand?post=105939"},{"taxonomy":"product_cat","embeddable":true,"href":"https:\/\/cdiffprom.ch\/de\/wp-json\/wp\/v2\/product_cat?post=105939"},{"taxonomy":"product_tag","embeddable":true,"href":"https:\/\/cdiffprom.ch\/de\/wp-json\/wp\/v2\/product_tag?post=105939"}],"curies":[{"name":"wp","href":"https:\/\/api.w.org\/{rel}","templated":true}]}}