{"id":105944,"date":"2019-07-26T15:24:36","date_gmt":"2019-07-26T13:24:36","guid":{"rendered":"https:\/\/cdiffprom.ch\/produit\/burobox-1-schublade\/"},"modified":"2019-07-26T15:24:36","modified_gmt":"2019-07-26T13:24:36","slug":"burobox-1-schublade","status":"publish","type":"product","link":"https:\/\/cdiffprom.ch\/de\/produit\/burobox-1-schublade\/","title":{"rendered":"Burobox 1 Schublade"},"content":{"rendered":"<ul>\n<li>F\u00fcr B\u00fcros, Dokumentationszentren zur Ablage aller Arten von Akten.<\/li>\n<li>Geh\u00e4use 1 Schublade 8 cm, ausziehbar mit fester Vorderseite<\/li>\n<li>Maximale Gr\u00f6\u00dfe der R\u00fcckenlehne: 345 x 252 mm<\/li>\n<li>Innere Nutzh\u00f6he 8 cm<\/li>\n<li>Sehr steifer, einteiliger, gespritzter Kunststoff, hellgrau<\/li>\n<li>Mehrere Elemente k\u00f6nnen gestapelt oder nebeneinander angeordnet werden.<\/li>\n<li>Modul ist mit anderen Modulen kompatibel<\/li>\n<li>B82 G R und<\/li>\n<li>B90 G R<\/li>\n<\/ul>\n","protected":false},"excerpt":{"rendered":"<p>Individuelles, zusammensetzbares Aktenelement<\/p>\n","protected":false},"featured_media":103062,"template":"","meta":{"slim_seo":{"title":"Burobox 1 Schublade - Suisse - C.Diff-Prom","description":"Individuelles, zusammensetzbares Aktenelement"}},"product_brand":[],"product_cat":[6494,6390],"product_tag":[6497],"class_list":{"0":"post-105944","1":"product","2":"type-product","3":"status-publish","4":"has-post-thumbnail","6":"product_cat-mobel-fur-postsortierung","7":"product_cat-ranking","8":"product_tag-mobel-fur-postsortierung","10":"first","11":"instock","12":"taxable","13":"shipping-taxable","14":"purchasable","15":"product-type-simple"},"_links":{"self":[{"href":"https:\/\/cdiffprom.ch\/de\/wp-json\/wp\/v2\/product\/105944","targetHints":{"allow":["GET"]}}],"collection":[{"href":"https:\/\/cdiffprom.ch\/de\/wp-json\/wp\/v2\/product"}],"about":[{"href":"https:\/\/cdiffprom.ch\/de\/wp-json\/wp\/v2\/types\/product"}],"wp:featuredmedia":[{"embeddable":true,"href":"https:\/\/cdiffprom.ch\/de\/wp-json\/wp\/v2\/media\/103062"}],"wp:attachment":[{"href":"https:\/\/cdiffprom.ch\/de\/wp-json\/wp\/v2\/media?parent=105944"}],"wp:term":[{"taxonomy":"product_brand","embeddable":true,"href":"https:\/\/cdiffprom.ch\/de\/wp-json\/wp\/v2\/product_brand?post=105944"},{"taxonomy":"product_cat","embeddable":true,"href":"https:\/\/cdiffprom.ch\/de\/wp-json\/wp\/v2\/product_cat?post=105944"},{"taxonomy":"product_tag","embeddable":true,"href":"https:\/\/cdiffprom.ch\/de\/wp-json\/wp\/v2\/product_tag?post=105944"}],"curies":[{"name":"wp","href":"https:\/\/api.w.org\/{rel}","templated":true}]}}