{"id":105945,"date":"2019-07-26T15:19:12","date_gmt":"2019-07-26T13:19:12","guid":{"rendered":"https:\/\/cdiffprom.ch\/produit\/broschuerenstaender-tafel-bedienen-sie-sich\/"},"modified":"2019-07-26T15:19:12","modified_gmt":"2019-07-26T13:19:12","slug":"broschuerenstaender-tafel-bedienen-sie-sich","status":"publish","type":"product","link":"https:\/\/cdiffprom.ch\/de\/produit\/broschuerenstaender-tafel-bedienen-sie-sich\/","title":{"rendered":"Brosch\u00fcrenst\u00e4nder Tafel bedienen Sie sich"},"content":{"rendered":"<h3><span style=\"color: #800000;\"><strong>Brosch\u00fcrenst\u00e4nder Tafel bedienen Sie sich<\/strong><\/span><\/h3>\n<p>Dieser Brosch\u00fcrenst\u00e4nder ist ein idealer Visitenkartenhalter, um verschiedene Dokumente in Ihrem Ausstellungs- oder Empfangsbereich leicht zu verteilen oder zu pr\u00e4sentieren.<\/p>\n<p>Dar\u00fcber hinaus verf\u00fcgt er \u00fcber ein abnehmbares Plexiglasschild &#8222;Bedienen Sie sich&#8220; mit einer Gr\u00f6\u00dfe von 14 x 40 cm.<\/p>\n<p><strong><span style=\"color: #800000;\">Merkmale :<\/span><\/strong><\/p>\n<ul>\n<li>3 feste Regale<\/li>\n<li>Nutzbare Breite 44,5 cm<\/li>\n<li>Maximale H\u00f6he der Dokumente: 34 cm, au\u00dfer der obersten Ebene 37 cm<\/li>\n<li>Monoblock, klappbarer Hinterfu\u00df, sehr stabil<\/li>\n<li>35\u00b0 Neigung nach hinten<\/li>\n<li>Sofort einsetzbar<\/li>\n<li>100 % aus Metall, pulverbeschichtet in Dekor schwarz oder pulverbeschichtet in Alu grau.<\/li>\n<li>13 kg Gesamtgewicht<\/li>\n<\/ul>\n<p>M\u00f6chten Sie ein anderes Modell? Dann schauen Sie sich den <span style=\"color: #800000;\"><a style=\"color: #800000;\" href=\"https:\/\/cdiffprom.ch\/produit\/presentoir-brochures-cadre-a4\/\">Brosch\u00fcrenst\u00e4nder mit A4-Rahmen<\/a><\/span> cadro-clic. <\/p>\n<p><span style=\"color: #800000;\"><strong>Lieferbedingungen :<br \/>\n<\/strong><\/span><\/p>\n<p>Alle unsere Produkte sind innerhalb von 10 Tagen nach Eingang Ihrer Bestellung lieferbar. Bitte z\u00f6gern Sie nicht, uns zu kontaktieren. <u><a href=\"https:\/\/cdiffprom.ch\/elements\/contactez-nous\/\"><span style=\"color: #800000;\">uns zu kontaktieren.<\/span><\/a><\/u> Wenn Sie einen dringenderen Bedarf haben, k\u00f6nnen wir Ihnen immer eine schnellere L\u00f6sung anbieten. <\/p>\n<p>Einige Artikel k\u00f6nnen eine l\u00e4ngere Lieferzeit in Anspruch nehmen, da sie nicht auf Lager unseres Lieferanten sind. In diesem Fall werden Sie nach Eingang Ihrer Bestellung benachrichtigt. <\/p>\n<p>Wir liefern versandkostenfrei ab einem Bestellwert von CHF. 500.-. Unterhalb dieses Betrags wird eine Pauschale von CHF. 15,90 zu entrichten. <\/p>\n<p>Bei allen Online-Bestellungen f\u00fchren wir immer einen Telefonanruf durch, um sicherzustellen, dass Sie das richtige Produkt f\u00fcr Ihre Bed\u00fcrfnisse ausgew\u00e4hlt haben. So k\u00f6nnen Sie sicher sein, dass Sie die richtige Wahl treffen. <\/p>\n<p>Bitte beachten Sie, dass die Promo-Codes nicht kumulierbar sind und der Rabatt auf Ihrer Bestellung sichtbar ist.<\/p>\n","protected":false},"excerpt":{"rendered":"<p>F\u00fcr alle Arten von Brosch\u00fcren, Katalogen und Prospekten<\/p>\n","protected":false},"featured_media":103040,"template":"","meta":{"slim_seo":{"title":"Brosch\u00fcrenst\u00e4nder Tafel bedienen Sie sich - Suisse - C.Diff-Prom","description":"F\u00fcr alle Arten von Brosch\u00fcren, Katalogen und Prospekten"}},"product_brand":[],"product_cat":[6504,6390],"product_tag":[6505],"class_list":{"0":"post-105945","1":"product","2":"type-product","3":"status-publish","4":"has-post-thumbnail","6":"product_cat-bibliotheksregale","7":"product_cat-ranking","8":"product_tag-regale-fur-bibliotheken","9":"pa_couleurs-grau","10":"pa_couleurs-schwarz","12":"first","13":"instock","14":"taxable","15":"shipping-taxable","16":"purchasable","17":"product-type-variable"},"_links":{"self":[{"href":"https:\/\/cdiffprom.ch\/de\/wp-json\/wp\/v2\/product\/105945","targetHints":{"allow":["GET"]}}],"collection":[{"href":"https:\/\/cdiffprom.ch\/de\/wp-json\/wp\/v2\/product"}],"about":[{"href":"https:\/\/cdiffprom.ch\/de\/wp-json\/wp\/v2\/types\/product"}],"wp:featuredmedia":[{"embeddable":true,"href":"https:\/\/cdiffprom.ch\/de\/wp-json\/wp\/v2\/media\/103040"}],"wp:attachment":[{"href":"https:\/\/cdiffprom.ch\/de\/wp-json\/wp\/v2\/media?parent=105945"}],"wp:term":[{"taxonomy":"product_brand","embeddable":true,"href":"https:\/\/cdiffprom.ch\/de\/wp-json\/wp\/v2\/product_brand?post=105945"},{"taxonomy":"product_cat","embeddable":true,"href":"https:\/\/cdiffprom.ch\/de\/wp-json\/wp\/v2\/product_cat?post=105945"},{"taxonomy":"product_tag","embeddable":true,"href":"https:\/\/cdiffprom.ch\/de\/wp-json\/wp\/v2\/product_tag?post=105945"}],"curies":[{"name":"wp","href":"https:\/\/api.w.org\/{rel}","templated":true}]}}