{"id":105948,"date":"2019-07-26T15:24:36","date_gmt":"2019-07-26T13:24:36","guid":{"rendered":"https:\/\/cdiffprom.ch\/produit\/burobox-1-schublade-mit-klappe\/"},"modified":"2019-07-26T15:24:36","modified_gmt":"2019-07-26T13:24:36","slug":"burobox-1-schublade-mit-klappe","status":"publish","type":"product","link":"https:\/\/cdiffprom.ch\/de\/produit\/burobox-1-schublade-mit-klappe\/","title":{"rendered":"Burobox 1 Schublade mit Klappe"},"content":{"rendered":"<ul>\n<li>F\u00fcr B\u00fcros, Dokumentationszentren, f\u00fcr die Ablage von Akten aller Art<\/li>\n<li>Geh\u00e4use 1 Schublade 8 cm, ausziehbar mit nach oben schwenkbarer Klappe<\/li>\n<li>Erm\u00f6glicht sofortigen direkten Zugriff auf die Akten<\/li>\n<li>Maximale Abmessungen der R\u00fcckenlehne: 345 x 252 mm Innere Nutzh\u00f6he 8 cm<\/li>\n<li>Sehr steifer, einteiliger, gespritzter Kunststoff, hellgrau<\/li>\n<li>Mehrere Elemente k\u00f6nnen gestapelt oder nebeneinander angeordnet werden.<\/li>\n<\/ul>\n","protected":false},"excerpt":{"rendered":"<p>Individuelles, zusammensetzbares Aktenelement<\/p>\n","protected":false},"featured_media":103060,"template":"","meta":{"slim_seo":{"title":"Burobox 1 Schublade mit Klappe - Suisse - C.Diff-Prom","description":"Individuelles, zusammensetzbares Aktenelement"}},"product_brand":[],"product_cat":[6494,6390],"product_tag":[6497],"class_list":{"0":"post-105948","1":"product","2":"type-product","3":"status-publish","4":"has-post-thumbnail","6":"product_cat-mobel-fur-postsortierung","7":"product_cat-ranking","8":"product_tag-mobel-fur-postsortierung","10":"first","11":"instock","12":"taxable","13":"shipping-taxable","14":"purchasable","15":"product-type-simple"},"_links":{"self":[{"href":"https:\/\/cdiffprom.ch\/de\/wp-json\/wp\/v2\/product\/105948","targetHints":{"allow":["GET"]}}],"collection":[{"href":"https:\/\/cdiffprom.ch\/de\/wp-json\/wp\/v2\/product"}],"about":[{"href":"https:\/\/cdiffprom.ch\/de\/wp-json\/wp\/v2\/types\/product"}],"wp:featuredmedia":[{"embeddable":true,"href":"https:\/\/cdiffprom.ch\/de\/wp-json\/wp\/v2\/media\/103060"}],"wp:attachment":[{"href":"https:\/\/cdiffprom.ch\/de\/wp-json\/wp\/v2\/media?parent=105948"}],"wp:term":[{"taxonomy":"product_brand","embeddable":true,"href":"https:\/\/cdiffprom.ch\/de\/wp-json\/wp\/v2\/product_brand?post=105948"},{"taxonomy":"product_cat","embeddable":true,"href":"https:\/\/cdiffprom.ch\/de\/wp-json\/wp\/v2\/product_cat?post=105948"},{"taxonomy":"product_tag","embeddable":true,"href":"https:\/\/cdiffprom.ch\/de\/wp-json\/wp\/v2\/product_tag?post=105948"}],"curies":[{"name":"wp","href":"https:\/\/api.w.org\/{rel}","templated":true}]}}