{"id":105950,"date":"2019-07-26T15:24:37","date_gmt":"2019-07-26T13:24:37","guid":{"rendered":"https:\/\/cdiffprom.ch\/produit\/briefkasten-12-faecher-2-saeulen\/"},"modified":"2019-07-26T15:24:37","modified_gmt":"2019-07-26T13:24:37","slug":"briefkasten-12-faecher-2-saeulen","status":"publish","type":"product","link":"https:\/\/cdiffprom.ch\/de\/produit\/briefkasten-12-faecher-2-saeulen\/","title":{"rendered":"Briefkasten 12 F\u00e4cher\/2 S\u00e4ulen"},"content":{"rendered":"<ul>\n<li>Verwendung in B\u00fcros, Dokumentationszentren oder Mediatheken zum Sortieren und Verteilen von Post.<\/li>\n<li>Verschiebbare und herausnehmbare Regalb\u00f6den. 12 F\u00e4cher, B 25 x T 32 cm, h\u00f6henverstellbar, indem die B\u00f6den alle 5 cm verstellt werden. <\/li>\n<li>Etikettenhalter Farbetiketten Unterteil H 12,5 x B 56 cm<\/li>\n<li>Monoblock, robust und \u00e4sthetisch<\/li>\n<li>Herstellung von sto\u00dffestem hellgrauem Polystyrol<\/li>\n<\/ul>\n","protected":false},"excerpt":{"rendered":"<p>Verwendung in B\u00fcros, Dokumentationszentren oder Mediatheken zum Sortieren und Verteilen von Post. Verschiebbare und herausnehmbare Regalb\u00f6den. 12 F\u00e4cher, B 25 x T 32 cm, h\u00f6henverstellbar, indem die B\u00f6den alle 5 cm verstellt werden. Etikettenhalter Farbetiketten Unterteil H 12,5 x B 56 cm Monoblock, robust und \u00e4sthetisch Herstellung von sto\u00dffestem hellgrauem Polystyrol<\/p>\n","protected":false},"featured_media":103068,"template":"","meta":{"slim_seo":{"title":"Briefkasten 12 F\u00e4cher\/2 S\u00e4ulen - Suisse - C.Diff-Prom","description":"Verwendung in B\u00fcros, Dokumentationszentren oder Mediatheken zum Sortieren und Verteilen von Post. Verschiebbare und herausnehmbare Regalb\u00f6den. 12 F\u00e4cher, B 25 x"}},"product_brand":[],"product_cat":[6494,6390],"product_tag":[6497],"class_list":{"0":"post-105950","1":"product","2":"type-product","3":"status-publish","4":"has-post-thumbnail","6":"product_cat-mobel-fur-postsortierung","7":"product_cat-ranking","8":"product_tag-mobel-fur-postsortierung","10":"first","11":"instock","12":"taxable","13":"shipping-taxable","14":"purchasable","15":"product-type-simple"},"_links":{"self":[{"href":"https:\/\/cdiffprom.ch\/de\/wp-json\/wp\/v2\/product\/105950","targetHints":{"allow":["GET"]}}],"collection":[{"href":"https:\/\/cdiffprom.ch\/de\/wp-json\/wp\/v2\/product"}],"about":[{"href":"https:\/\/cdiffprom.ch\/de\/wp-json\/wp\/v2\/types\/product"}],"wp:featuredmedia":[{"embeddable":true,"href":"https:\/\/cdiffprom.ch\/de\/wp-json\/wp\/v2\/media\/103068"}],"wp:attachment":[{"href":"https:\/\/cdiffprom.ch\/de\/wp-json\/wp\/v2\/media?parent=105950"}],"wp:term":[{"taxonomy":"product_brand","embeddable":true,"href":"https:\/\/cdiffprom.ch\/de\/wp-json\/wp\/v2\/product_brand?post=105950"},{"taxonomy":"product_cat","embeddable":true,"href":"https:\/\/cdiffprom.ch\/de\/wp-json\/wp\/v2\/product_cat?post=105950"},{"taxonomy":"product_tag","embeddable":true,"href":"https:\/\/cdiffprom.ch\/de\/wp-json\/wp\/v2\/product_tag?post=105950"}],"curies":[{"name":"wp","href":"https:\/\/api.w.org\/{rel}","templated":true}]}}