{"id":105962,"date":"2019-07-26T15:24:35","date_gmt":"2019-07-26T13:24:35","guid":{"rendered":"https:\/\/cdiffprom.ch\/produit\/burobox-1-saeulen-fussboden\/"},"modified":"2019-07-26T15:24:35","modified_gmt":"2019-07-26T13:24:35","slug":"burobox-1-saeulen-fussboden","status":"publish","type":"product","link":"https:\/\/cdiffprom.ch\/de\/produit\/burobox-1-saeulen-fussboden\/","title":{"rendered":"Burobox 1-S\u00e4ulen-Fu\u00dfboden"},"content":{"rendered":"<ul>\n<li>Basisplatte hellgrau f\u00fcr die Zusammenstellung einer S\u00e4ule Basis H\u00f6he 8 cm \/ Abschlussplatte St\u00e4rke 2 cm<\/li>\n<li>Mit Modulen kombinierbar<\/li>\n<li>B80 G R oder<\/li>\n<li>B82 G R oder<\/li>\n<li>B90 G R<\/li>\n<li>Sehr steifes Spritzgussmaterial, hellgraue Oberfl\u00e4che<\/li>\n<li>Gegen\u00fcberstellung mehrerer &#8222;Tablettens\u00e4tze&#8220;.<\/li>\n<li>Konstruktion einer sehr steifen Einheit, die das Gewicht des vollst\u00e4ndig mit Akten gef\u00fcllten M\u00f6bels leicht und dauerhaft tragen kann.<\/li>\n<\/ul>\n","protected":false},"excerpt":{"rendered":"<p>F\u00fcr den Bau und die Fertigstellung eines Burobox-Sets!<\/p>\n","protected":false},"featured_media":103058,"template":"","meta":{"slim_seo":{"title":"Burobox 1-S\u00e4ulen-Fu\u00dfboden - Suisse - C.Diff-Prom","description":"F\u00fcr den Bau und die Fertigstellung eines Burobox-Sets!"}},"product_brand":[],"product_cat":[6494,6390],"product_tag":[6497],"class_list":{"0":"post-105962","1":"product","2":"type-product","3":"status-publish","4":"has-post-thumbnail","6":"product_cat-mobel-fur-postsortierung","7":"product_cat-ranking","8":"product_tag-mobel-fur-postsortierung","10":"first","11":"instock","12":"taxable","13":"shipping-taxable","14":"purchasable","15":"product-type-simple"},"_links":{"self":[{"href":"https:\/\/cdiffprom.ch\/de\/wp-json\/wp\/v2\/product\/105962","targetHints":{"allow":["GET"]}}],"collection":[{"href":"https:\/\/cdiffprom.ch\/de\/wp-json\/wp\/v2\/product"}],"about":[{"href":"https:\/\/cdiffprom.ch\/de\/wp-json\/wp\/v2\/types\/product"}],"wp:featuredmedia":[{"embeddable":true,"href":"https:\/\/cdiffprom.ch\/de\/wp-json\/wp\/v2\/media\/103058"}],"wp:attachment":[{"href":"https:\/\/cdiffprom.ch\/de\/wp-json\/wp\/v2\/media?parent=105962"}],"wp:term":[{"taxonomy":"product_brand","embeddable":true,"href":"https:\/\/cdiffprom.ch\/de\/wp-json\/wp\/v2\/product_brand?post=105962"},{"taxonomy":"product_cat","embeddable":true,"href":"https:\/\/cdiffprom.ch\/de\/wp-json\/wp\/v2\/product_cat?post=105962"},{"taxonomy":"product_tag","embeddable":true,"href":"https:\/\/cdiffprom.ch\/de\/wp-json\/wp\/v2\/product_tag?post=105962"}],"curies":[{"name":"wp","href":"https:\/\/api.w.org\/{rel}","templated":true}]}}