{"id":105964,"date":"2019-07-26T15:26:01","date_gmt":"2019-07-26T13:26:01","guid":{"rendered":"https:\/\/cdiffprom.ch\/produit\/wandhalterung-fuer-12-huellen\/"},"modified":"2019-07-26T15:26:01","modified_gmt":"2019-07-26T13:26:01","slug":"wandhalterung-fuer-12-huellen","status":"publish","type":"product","link":"https:\/\/cdiffprom.ch\/de\/produit\/wandhalterung-fuer-12-huellen\/","title":{"rendered":"Wandhalterung f\u00fcr 12 H\u00fcllen"},"content":{"rendered":"<h3><span style=\"color: #800000;\"><strong>Wandhalterung f\u00fcr 12 H\u00fcllen<\/strong><\/span><\/h3>\n<p>Mit diesem Wandhalter mit 12 H\u00fcllen k\u00f6nnen Sie Ihre gesamte Dokumentation auf einem St\u00e4nder aufbewahren und somit leicht durchsuchen.<\/p>\n<h4><span style=\"color: #800000;\"><strong>Merkmale und Abmessungen :<\/strong><\/span><\/h4>\n<ul>\n<li>Kann in B\u00fcros oder Gesch\u00e4ften f\u00fcr Ihre Kommunikation verwendet werden.<\/li>\n<li>Wandhalterung mit 12 Klarsichtklappen<\/li>\n<li>Beidseitig transparente Fensterl\u00e4den aus festem Kunststoff mit 4 mm farbigem Kunststoffrahmen<\/li>\n<li>F\u00fcr alle Arten von A4-Dokumenten, bis zu einem maximalen Format von H 315 x B 215 mm.<\/li>\n<li>Einf\u00fchrung und Entnahme der Bl\u00e4tter \u00fcber die Kante der Seite<\/li>\n<li>Keine Metallteile, 100% Kunststoff<\/li>\n<li>Platzbedarf offen: H\u00f6he 355 x Breite 500 mm<\/li>\n<li>Einfarbige Vorlagen oder eigene Zusammenstellung mit mehreren Farben<\/li>\n<\/ul>\n<h4><span style=\"color: #800000;\"><strong>Lieferbedingungen :<br \/>\n<\/strong><\/span><\/h4>\n<p>Zu Ihrer Information: Nach Eingang Ihres Auftrags sind unsere Produkte innerhalb von etwa zehn Tagen lieferbar.<\/p>\n<p>Z\u00f6gern Sie nicht <u><a href=\"https:\/\/cdiffprom.ch\/elements\/contactez-nous\/\"><span style=\"color: #800000;\">uns zu kontaktieren.<\/span><\/a><\/u> Wenn Sie einen dringenderen Bedarf haben, k\u00f6nnen wir Ihnen immer eine schnellere L\u00f6sung anbieten.<\/p>\n<p>Wir sind auch gerne bereit, Ihnen Informationen \u00fcber Mengenrabatte zu geben.<\/p>\n<p>Einige Artikel k\u00f6nnen eine l\u00e4ngere Lieferzeit in Anspruch nehmen, da sie nicht auf Lager unseres Lieferanten sind. In diesem Fall werden Sie nach Eingang Ihrer Bestellung benachrichtigt. <\/p>\n<p>Wir liefern versandkostenfrei ab einem Bestellwert von CHF. 500.-. Unterhalb dieses Betrags wird eine Pauschale von CHF. 15,90 zu entrichten. <\/p>\n<p>Bei allen Online-Bestellungen f\u00fchren wir immer einen Telefonanruf durch, um sicherzustellen, dass Sie das richtige Produkt f\u00fcr Ihre Bed\u00fcrfnisse ausgew\u00e4hlt haben. So k\u00f6nnen Sie sicher sein, dass Sie die richtige Wahl treffen. <\/p>\n<p>Bitte beachten Sie, dass die Promo-Codes nicht kumulierbar sind und der Rabatt auf Ihrer Bestellung sichtbar ist.<\/p>\n","protected":false},"excerpt":{"rendered":"<p>Hier finden Sie Informationen, Listen, Notizen und Datenbl\u00e4tter!<\/p>\n","protected":false},"featured_media":103074,"template":"","meta":{"slim_seo":{"title":"Wandhalterung f\u00fcr 12 H\u00fcllen - Suisse - C.Diff-Prom","description":"Hier finden Sie Informationen, Listen, Notizen und Datenbl\u00e4tter!"}},"product_brand":[],"product_cat":[6415,6390],"product_tag":[6515],"class_list":{"0":"post-105964","1":"product","2":"type-product","3":"status-publish","4":"has-post-thumbnail","6":"product_cat-beratungssysteme","7":"product_cat-ranking","8":"product_tag-beratungssysteme","9":"pa_couleurs-blau","10":"pa_couleurs-gelb","11":"pa_couleurs-grau","12":"pa_couleurs-grune","13":"pa_couleurs-rot","14":"pa_couleurs-schwarz","15":"pa_couleurs-weis","17":"first","18":"instock","19":"taxable","20":"shipping-taxable","21":"purchasable","22":"product-type-variable"},"_links":{"self":[{"href":"https:\/\/cdiffprom.ch\/de\/wp-json\/wp\/v2\/product\/105964","targetHints":{"allow":["GET"]}}],"collection":[{"href":"https:\/\/cdiffprom.ch\/de\/wp-json\/wp\/v2\/product"}],"about":[{"href":"https:\/\/cdiffprom.ch\/de\/wp-json\/wp\/v2\/types\/product"}],"wp:featuredmedia":[{"embeddable":true,"href":"https:\/\/cdiffprom.ch\/de\/wp-json\/wp\/v2\/media\/103074"}],"wp:attachment":[{"href":"https:\/\/cdiffprom.ch\/de\/wp-json\/wp\/v2\/media?parent=105964"}],"wp:term":[{"taxonomy":"product_brand","embeddable":true,"href":"https:\/\/cdiffprom.ch\/de\/wp-json\/wp\/v2\/product_brand?post=105964"},{"taxonomy":"product_cat","embeddable":true,"href":"https:\/\/cdiffprom.ch\/de\/wp-json\/wp\/v2\/product_cat?post=105964"},{"taxonomy":"product_tag","embeddable":true,"href":"https:\/\/cdiffprom.ch\/de\/wp-json\/wp\/v2\/product_tag?post=105964"}],"curies":[{"name":"wp","href":"https:\/\/api.w.org\/{rel}","templated":true}]}}