{"id":105977,"date":"2019-07-26T15:26:02","date_gmt":"2019-07-26T13:26:02","guid":{"rendered":"https:\/\/cdiffprom.ch\/produit\/katalogstaender-auf-fuss\/"},"modified":"2019-07-26T15:26:02","modified_gmt":"2019-07-26T13:26:02","slug":"katalogstaender-auf-fuss","status":"publish","type":"product","link":"https:\/\/cdiffprom.ch\/de\/produit\/katalogstaender-auf-fuss\/","title":{"rendered":"Katalogst\u00e4nder auf Fu\u00df"},"content":{"rendered":"<h3><span style=\"color: #800000;\"><strong>Katalogst\u00e4nder auf Fu\u00df<\/strong><\/span><\/h3>\n<p>Dieser freistehende Katalogst\u00e4nder ist ideal f\u00fcr die \u00f6ffentliche Einsichtnahme in alle ringgebundenen Kataloge. Es ist auch geeignet, um z.B. technische Datenbl\u00e4tter zu lesen. <\/p>\n<p>Dar\u00fcber hinaus verf\u00fcgt dieser Qualit\u00e4tsst\u00e4nder \u00fcber eine hohe Stabilit\u00e4t und ist leicht zu bewegen.<\/p>\n<p>Wenn Sie z.B. eine einmalige Veranstaltung planen, k\u00f6nnen Sie es problemlos an einem vor\u00fcbergehenden Ort aufstellen, um das Publikum zu erreichen, das die Informationen oder Angebote mit Leichtigkeit abrufen kann.<\/p>\n<p>Sehr n\u00fctzlich bei gro\u00dfem Andrang an Ihrem Promotionsstand, auf einer Messe oder an einer Theke, um Wartezeiten f\u00fcr Ihre Kunden zu vermeiden.<\/p>\n<h4><strong><span style=\"color: #800000;\">Abmessungen und Eigenschaften :<\/span><\/strong><\/h4>\n<ul>\n<li>Schr\u00e4ge Ablage aus transparentem Plexiglas, 32 x 47 cm<\/li>\n<li>Dicke 4 mm, Vorderkante 20 mm, mit 4-Ring-Mechanismus, Durchmesser 30 mm, Standardabstand 80 mm.<\/li>\n<li>Alu-Fu\u00df, natur eloxiert<\/li>\n<li>Die H\u00f6he betr\u00e4gt 110 cm, die Grundfl\u00e4che 30 x 42 cm.<\/li>\n<li>Gesamtgewicht 6 kg<\/li>\n<\/ul>\n<p>Z\u00f6gern Sie nicht <span style=\"color: #800000;\"><a style=\"color: #800000;\" href=\"https:\/\/cdiffprom.ch\/elements\/contactez-nous\/\">kontaktieren Sie uns bitte.<\/a><\/span> wenn Sie weitere Informationen w\u00fcnschen.<\/p>\n<h4><span style=\"color: #800000;\"><strong>Andere Vorschl\u00e4ge zur Nutzung<\/strong><\/span> :<\/h4>\n<ul>\n<li>in Reiseb\u00fcros, um Traumorte zu zeigen<\/li>\n<li>im Automobilbereich, um Ihre neue oder gebrauchte Fahrzeugflotte zu pr\u00e4sentieren<\/li>\n<\/ul>\n<p>&nbsp;<\/p>\n","protected":false},"excerpt":{"rendered":"<p>F\u00fcr die \u00f6ffentliche Einsichtnahme in ringgebundene Kataloge<\/p>\n","protected":false},"featured_media":103774,"template":"","meta":{"slim_seo":{"title":"Katalogst\u00e4nder auf Fu\u00df - Suisse - C.Diff-Prom","description":"F\u00fcr die \u00f6ffentliche Einsichtnahme in ringgebundene Kataloge"}},"product_brand":[],"product_cat":[6415,6390],"product_tag":[6515,6393],"class_list":{"0":"post-105977","1":"product","2":"type-product","3":"status-publish","4":"has-post-thumbnail","6":"product_cat-beratungssysteme","7":"product_cat-ranking","8":"product_tag-beratungssysteme","9":"product_tag-pulte-und-theken","11":"first","12":"instock","13":"taxable","14":"shipping-taxable","15":"purchasable","16":"product-type-simple"},"_links":{"self":[{"href":"https:\/\/cdiffprom.ch\/de\/wp-json\/wp\/v2\/product\/105977","targetHints":{"allow":["GET"]}}],"collection":[{"href":"https:\/\/cdiffprom.ch\/de\/wp-json\/wp\/v2\/product"}],"about":[{"href":"https:\/\/cdiffprom.ch\/de\/wp-json\/wp\/v2\/types\/product"}],"wp:featuredmedia":[{"embeddable":true,"href":"https:\/\/cdiffprom.ch\/de\/wp-json\/wp\/v2\/media\/103774"}],"wp:attachment":[{"href":"https:\/\/cdiffprom.ch\/de\/wp-json\/wp\/v2\/media?parent=105977"}],"wp:term":[{"taxonomy":"product_brand","embeddable":true,"href":"https:\/\/cdiffprom.ch\/de\/wp-json\/wp\/v2\/product_brand?post=105977"},{"taxonomy":"product_cat","embeddable":true,"href":"https:\/\/cdiffprom.ch\/de\/wp-json\/wp\/v2\/product_cat?post=105977"},{"taxonomy":"product_tag","embeddable":true,"href":"https:\/\/cdiffprom.ch\/de\/wp-json\/wp\/v2\/product_tag?post=105977"}],"curies":[{"name":"wp","href":"https:\/\/api.w.org\/{rel}","templated":true}]}}