{"id":105981,"date":"2019-07-26T15:26:04","date_gmt":"2019-07-26T13:26:04","guid":{"rendered":"https:\/\/cdiffprom.ch\/produit\/wandhalterung-drehbare-poster\/"},"modified":"2019-07-26T15:26:04","modified_gmt":"2019-07-26T13:26:04","slug":"wandhalterung-drehbare-poster","status":"publish","type":"product","link":"https:\/\/cdiffprom.ch\/de\/produit\/wandhalterung-drehbare-poster\/","title":{"rendered":"Wandhalterung drehbare Poster"},"content":{"rendered":"<h3><span style=\"color: #800000;\"><strong>Wandhalterung drehbare Poster<\/strong><\/span><\/h3>\n<p>Ben\u00f6tigen Sie einen St\u00e4nder, der mehrere Poster gleichzeitig aufh\u00e4ngen kann und einfach zu bedienen ist? Dann ist dieser drehbare Posterst\u00e4nder genau das Richtige f\u00fcr Sie. <\/p>\n<p>Dank der 5 abnehmbaren Paneele (10 Seiten) ist es ideal f\u00fcr Ihre Kommunikation in Gesch\u00e4ften oder B\u00fcros.<\/p>\n<p>Au\u00dferdem sind sie austauschbar und auf einer 25 cm breiten Metallkonsole montiert.<\/p>\n<h4><span style=\"color: #800000;\">Merkmale :<\/span><\/h4>\n<ul>\n<li>Einf\u00fchrung der Poster von der Oberseite des Rahmens<\/li>\n<li>Poster\/Plakate, die zwischen zwei transparenten Hartplastikfolien gesch\u00fctzt und gehalten werden<\/li>\n<li>mittelgrau lackierte Metallrahmen f\u00fcr Dokumente mit einem maximalen Format von H 100 x B 70 cm<\/li>\n<\/ul>\n<h4><span style=\"color: #800000;\">Lieferbedingungen :<br \/>\n<\/span><\/h4>\n<p>Zu Ihrer Information: Nach Eingang Ihres Auftrags sind unsere Produkte innerhalb von etwa zehn Tagen lieferbar.<\/p>\n<p>Z\u00f6gern Sie nicht <span style=\"color: #800000;\"><u><a style=\"color: #800000;\" href=\"https:\/\/cdiffprom.ch\/elements\/contactez-nous\/\">kontaktieren Sie uns bitte.<\/a><\/u><\/span> Wenn Sie einen dringenderen Bedarf haben, haben wir immer eine schnellere L\u00f6sung f\u00fcr Sie und k\u00f6nnen Sie auch \u00fcber Rabatte bei Mengenbestellungen informieren.<\/p>\n<p>Einige Artikel k\u00f6nnen eine l\u00e4ngere Lieferzeit in Anspruch nehmen, da sie nicht auf Lager unseres Lieferanten sind. In diesem Fall werden Sie nach Eingang Ihrer Bestellung benachrichtigt. <\/p>\n<p>Wir liefern versandkostenfrei ab einem Bestellwert von CHF. 500.-. Unterhalb dieses Betrags wird eine Pauschale von CHF. 15,90 zu entrichten. <\/p>\n<p>Bei allen Online-Bestellungen f\u00fchren wir immer einen Telefonanruf durch, um sicherzustellen, dass Sie das richtige Produkt f\u00fcr Ihre Bed\u00fcrfnisse ausgew\u00e4hlt haben. So k\u00f6nnen Sie sicher sein, dass Sie die richtige Wahl treffen. <\/p>\n<p>Bitte beachten Sie, dass die Promo-Codes nicht kumulierbar sind und der Rabatt auf Ihrer Bestellung sichtbar ist.<\/p>\n","protected":false},"excerpt":{"rendered":"<p>Zur Aufwertung all Ihrer Informationen, Poster, Dienstmitteilungen, Anweisungen, Anweisungen, Poster<\/p>\n","protected":false},"featured_media":103090,"template":"","meta":{"slim_seo":{"title":"Wandhalterung drehbare Poster - Suisse - C.Diff-Prom","description":"Zur Aufwertung all Ihrer Informationen, Poster, Dienstmitteilungen, Anweisungen, Anweisungen, Poster"}},"product_brand":[],"product_cat":[6415,6390],"product_tag":[6515],"class_list":{"0":"post-105981","1":"product","2":"type-product","3":"status-publish","4":"has-post-thumbnail","6":"product_cat-beratungssysteme","7":"product_cat-ranking","8":"product_tag-beratungssysteme","10":"first","11":"instock","12":"taxable","13":"shipping-taxable","14":"purchasable","15":"product-type-simple"},"_links":{"self":[{"href":"https:\/\/cdiffprom.ch\/de\/wp-json\/wp\/v2\/product\/105981","targetHints":{"allow":["GET"]}}],"collection":[{"href":"https:\/\/cdiffprom.ch\/de\/wp-json\/wp\/v2\/product"}],"about":[{"href":"https:\/\/cdiffprom.ch\/de\/wp-json\/wp\/v2\/types\/product"}],"wp:featuredmedia":[{"embeddable":true,"href":"https:\/\/cdiffprom.ch\/de\/wp-json\/wp\/v2\/media\/103090"}],"wp:attachment":[{"href":"https:\/\/cdiffprom.ch\/de\/wp-json\/wp\/v2\/media?parent=105981"}],"wp:term":[{"taxonomy":"product_brand","embeddable":true,"href":"https:\/\/cdiffprom.ch\/de\/wp-json\/wp\/v2\/product_brand?post=105981"},{"taxonomy":"product_cat","embeddable":true,"href":"https:\/\/cdiffprom.ch\/de\/wp-json\/wp\/v2\/product_cat?post=105981"},{"taxonomy":"product_tag","embeddable":true,"href":"https:\/\/cdiffprom.ch\/de\/wp-json\/wp\/v2\/product_tag?post=105981"}],"curies":[{"name":"wp","href":"https:\/\/api.w.org\/{rel}","templated":true}]}}