{"id":105997,"date":"2019-07-26T15:26:02","date_gmt":"2019-07-26T13:26:02","guid":{"rendered":"https:\/\/cdiffprom.ch\/produit\/wandhalterung-fuer-4-huellen\/"},"modified":"2019-07-26T15:26:02","modified_gmt":"2019-07-26T13:26:02","slug":"wandhalterung-fuer-4-huellen","status":"publish","type":"product","link":"https:\/\/cdiffprom.ch\/de\/produit\/wandhalterung-fuer-4-huellen\/","title":{"rendered":"Wandhalterung f\u00fcr 4 H\u00fcllen"},"content":{"rendered":"<h3><span style=\"color: #800000;\"><strong>Wandhalterung f\u00fcr 4 H\u00fcllen<\/strong><\/span><\/h3>\n<p>Mit diesem Wandhalter mit 4 H\u00fcllen haben Sie Ihre gesamte Dokumentation auf einem einzigen, leicht zug\u00e4nglichen Halter.<\/p>\n<h4><span style=\"color: #800000;\"><strong>Abmessungen und Eigenschaften :<\/strong><\/span><\/h4>\n<ul>\n<li>Verwendung in B\u00fcros oder Gesch\u00e4ften f\u00fcr Ihre Kommunikation<\/li>\n<li>Wandhalterung mit 4 transparenten Klappen<\/li>\n<li>Beidseitig transparente Fensterl\u00e4den aus festem Kunststoff mit 4 mm farbigem Kunststoffrahmen<\/li>\n<li>F\u00fcr alle Arten von A4-Dokumenten, bis zu einem maximalen Format von H 315 x B 215 mm.<\/li>\n<li>Einf\u00fchrung und Entnahme der Bl\u00e4tter \u00fcber die Kante der Seite<\/li>\n<li>Keine Metallteile, 100% Kunststoff<\/li>\n<li>Platzbedarf offen: H\u00f6he 355 x Breite 470 mm<\/li>\n<li>Einfarbiges Modell oder eigene Zusammenstellung mit mehreren Farben<\/li>\n<\/ul>\n<h4><span style=\"color: #800000;\"><strong>Lieferbedingungen<\/strong><\/span><\/h4>\n<p>Zu Ihrer Information: Nach Eingang Ihres Auftrags sind unsere Produkte innerhalb von etwa zehn Tagen lieferbar.<\/p>\n<p>Z\u00f6gern Sie nicht <span style=\"color: #800000;\"><u><a style=\"color: #800000;\" href=\"https:\/\/cdiffprom.ch\/elements\/contactez-nous\/\">kontaktieren Sie uns bitte.<\/a><\/u><\/span> Wenn Sie einen dringenderen Bedarf haben, haben wir immer eine schnellere L\u00f6sung f\u00fcr Sie und k\u00f6nnen Sie auch \u00fcber Rabatte bei Mengenbestellungen informieren.<\/p>\n<p>Einige Artikel k\u00f6nnen eine l\u00e4ngere Lieferzeit in Anspruch nehmen, da sie nicht auf Lager unseres Lieferanten sind. In diesem Fall werden Sie nach Eingang Ihrer Bestellung benachrichtigt. <\/p>\n<p>Wir liefern versandkostenfrei ab einem Bestellwert von CHF. 500.-. Unterhalb dieses Betrags wird eine Pauschale von CHF. 15,90 zu entrichten. <\/p>\n<p>Bei allen Online-Bestellungen f\u00fchren wir immer einen Telefonanruf durch, um sicherzustellen, dass Sie das richtige Produkt f\u00fcr Ihre Bed\u00fcrfnisse ausgew\u00e4hlt haben. So k\u00f6nnen Sie sicher sein, dass Sie die richtige Wahl treffen. <\/p>\n<p>Bitte beachten Sie, dass die Promo-Codes nicht kumulierbar sind und der Rabatt auf Ihrer Bestellung sichtbar ist.<\/p>\n","protected":false},"excerpt":{"rendered":"<p>Hier finden Sie Informationen, Listen, Notizen und Datenbl\u00e4tter!<\/p>\n","protected":false},"featured_media":103076,"template":"","meta":{"slim_seo":{"title":"Wandhalterung f\u00fcr 4 H\u00fcllen - Suisse - C.Diff-Prom","description":"Hier finden Sie Informationen, Listen, Notizen und Datenbl\u00e4tter!"}},"product_brand":[],"product_cat":[6415,6390],"product_tag":[6515],"class_list":{"0":"post-105997","1":"product","2":"type-product","3":"status-publish","4":"has-post-thumbnail","6":"product_cat-beratungssysteme","7":"product_cat-ranking","8":"product_tag-beratungssysteme","9":"pa_couleurs-blau","10":"pa_couleurs-gelb","11":"pa_couleurs-grau","12":"pa_couleurs-grune","13":"pa_couleurs-rot","14":"pa_couleurs-schwarz","15":"pa_couleurs-weis","17":"first","18":"instock","19":"taxable","20":"shipping-taxable","21":"purchasable","22":"product-type-variable"},"_links":{"self":[{"href":"https:\/\/cdiffprom.ch\/de\/wp-json\/wp\/v2\/product\/105997","targetHints":{"allow":["GET"]}}],"collection":[{"href":"https:\/\/cdiffprom.ch\/de\/wp-json\/wp\/v2\/product"}],"about":[{"href":"https:\/\/cdiffprom.ch\/de\/wp-json\/wp\/v2\/types\/product"}],"wp:featuredmedia":[{"embeddable":true,"href":"https:\/\/cdiffprom.ch\/de\/wp-json\/wp\/v2\/media\/103076"}],"wp:attachment":[{"href":"https:\/\/cdiffprom.ch\/de\/wp-json\/wp\/v2\/media?parent=105997"}],"wp:term":[{"taxonomy":"product_brand","embeddable":true,"href":"https:\/\/cdiffprom.ch\/de\/wp-json\/wp\/v2\/product_brand?post=105997"},{"taxonomy":"product_cat","embeddable":true,"href":"https:\/\/cdiffprom.ch\/de\/wp-json\/wp\/v2\/product_cat?post=105997"},{"taxonomy":"product_tag","embeddable":true,"href":"https:\/\/cdiffprom.ch\/de\/wp-json\/wp\/v2\/product_tag?post=105997"}],"curies":[{"name":"wp","href":"https:\/\/api.w.org\/{rel}","templated":true}]}}