{"id":106004,"date":"2019-07-26T15:28:42","date_gmt":"2019-07-26T13:28:42","guid":{"rendered":"https:\/\/cdiffprom.ch\/produit\/blisteraufhaengung-und-aufbewahrung-fuer-cds-und-dvds\/"},"modified":"2019-07-26T15:28:42","modified_gmt":"2019-07-26T13:28:42","slug":"blisteraufhaengung-und-aufbewahrung-fuer-cds-und-dvds","status":"publish","type":"product","link":"https:\/\/cdiffprom.ch\/de\/produit\/blisteraufhaengung-und-aufbewahrung-fuer-cds-und-dvds\/","title":{"rendered":"Blisteraufh\u00e4ngung und -aufbewahrung f\u00fcr CDs und DVDs"},"content":{"rendered":"<ul>\n<li>F\u00fcr Mediatheken, Gesch\u00e4fte oder B\u00fcros zur Aufbewahrung\/Abheftung von C<\/li>\n<li>D, C D<\/li>\n<li>Rom und D V D<\/li>\n<li>Der C D wird auf den<\/li>\n<li>Blisterpackung<\/li>\n<li>Kann vertikal aufgestellt oder in Schubladen aufgeh\u00e4ngt werden.<\/li>\n<li>Einfache Suche durch Bl\u00e4ttern in den vertikal angeordneten Blisterpackungen<\/li>\n<li>M\u00f6glichkeit der Etikettierung auf der Oberseite des Blisters<\/li>\n<li>Harter, transparenter Kunststoff<\/li>\n<li>Gesamth\u00f6he 165 mm, Gesamtbreite 153 mm.<\/li>\n<li>H\u00e4ngt auf der Achse 125 bis 135 mm<\/li>\n<\/ul>\n","protected":false},"excerpt":{"rendered":"<p>Ordnen und lagern Sie Ihre CDs, CDRoms oder DVDs in gro\u00dfen Mengen!<\/p>\n","protected":false},"featured_media":103114,"template":"","meta":{"slim_seo":{"title":"Blisteraufh\u00e4ngung und -aufbewahrung f\u00fcr CDs und DVDs - Suisse - C.Diff-Prom","description":"Ordnen und lagern Sie Ihre CDs, CDRoms oder DVDs in gro\u00dfen Mengen!"}},"product_brand":[],"product_cat":[6359,6360,6390,6519,6495],"product_tag":[6520,6521,6501],"class_list":{"0":"post-106004","1":"product","2":"type-product","3":"status-publish","4":"has-post-thumbnail","6":"product_cat-multimedia-de","7":"product_cat-multimedia-zubehor","8":"product_cat-ranking","9":"product_cat-sortieren-von-cds","10":"product_cat-sortierer","11":"product_tag-bucher","12":"product_tag-poster","13":"product_tag-sortieren-von-cds","15":"first","16":"instock","17":"taxable","18":"shipping-taxable","19":"purchasable","20":"product-type-simple"},"_links":{"self":[{"href":"https:\/\/cdiffprom.ch\/de\/wp-json\/wp\/v2\/product\/106004","targetHints":{"allow":["GET"]}}],"collection":[{"href":"https:\/\/cdiffprom.ch\/de\/wp-json\/wp\/v2\/product"}],"about":[{"href":"https:\/\/cdiffprom.ch\/de\/wp-json\/wp\/v2\/types\/product"}],"wp:featuredmedia":[{"embeddable":true,"href":"https:\/\/cdiffprom.ch\/de\/wp-json\/wp\/v2\/media\/103114"}],"wp:attachment":[{"href":"https:\/\/cdiffprom.ch\/de\/wp-json\/wp\/v2\/media?parent=106004"}],"wp:term":[{"taxonomy":"product_brand","embeddable":true,"href":"https:\/\/cdiffprom.ch\/de\/wp-json\/wp\/v2\/product_brand?post=106004"},{"taxonomy":"product_cat","embeddable":true,"href":"https:\/\/cdiffprom.ch\/de\/wp-json\/wp\/v2\/product_cat?post=106004"},{"taxonomy":"product_tag","embeddable":true,"href":"https:\/\/cdiffprom.ch\/de\/wp-json\/wp\/v2\/product_tag?post=106004"}],"curies":[{"name":"wp","href":"https:\/\/api.w.org\/{rel}","templated":true}]}}