{"id":106007,"date":"2019-07-26T15:26:03","date_gmt":"2019-07-26T13:26:03","guid":{"rendered":"https:\/\/cdiffprom.ch\/produit\/drehbare-korkpaneele\/"},"modified":"2019-07-26T15:26:03","modified_gmt":"2019-07-26T13:26:03","slug":"drehbare-korkpaneele","status":"publish","type":"product","link":"https:\/\/cdiffprom.ch\/de\/produit\/drehbare-korkpaneele\/","title":{"rendered":"Drehbare Korkpaneele"},"content":{"rendered":"<h3><span style=\"color: #800000;\"><strong>Drehbare Korkpaneele  <\/strong><\/span><\/h3>\n<p>Diese drehbaren Korkschilder bieten Ihnen die M\u00f6glichkeit, zahlreiche Botschaften oder Informationen mit Hilfe von Pins direkt auf dem Kork anzubringen.<\/p>\n<h4><span style=\"color: #800000;\"><strong>Merkmale<\/strong>:<\/span><\/h4>\n<ul>\n<li>Wandkonsolenhalter aus Metall<\/li>\n<li>Nach Wahl: Format und Anzahl der 15 mm dicken Korkpaneele mit naturfarbenem eloxiertem Alurahmen.<\/li>\n<li>Doppelseitige Schilder<\/li>\n<li>Maximale Kapazit\u00e4t: 6 Tafeln, d.h. 12 Seiten<\/li>\n<li>M\u00f6glichkeit, alle Paneele auf eine Seite zu klappen<\/li>\n<\/ul>\n<p><span style=\"color: #800000;\"><strong>Lieferbedingungen :<br \/>\n<\/strong><\/span><\/p>\n<p>Zu Ihrer Information: Nach Eingang Ihres Auftrags sind unsere Produkte innerhalb von etwa zehn Tagen lieferbar.<\/p>\n<p>Z\u00f6gern Sie nicht <u><a href=\"https:\/\/cdiffprom.ch\/elements\/contactez-nous\/\"><span style=\"color: #800000;\">kontaktieren Sie uns bitte.<\/span><\/a><\/u> Wenn Sie einen dringenderen Bedarf haben, haben wir immer eine schnellere L\u00f6sung f\u00fcr Sie und k\u00f6nnen Sie auch \u00fcber Rabatte bei Mengenbestellungen informieren.<\/p>\n<p>Einige Artikel k\u00f6nnen eine l\u00e4ngere Lieferzeit in Anspruch nehmen, da sie nicht auf Lager unseres Lieferanten sind. In diesem Fall werden Sie nach Eingang Ihrer Bestellung benachrichtigt. <\/p>\n<p>Wir liefern versandkostenfrei ab einem Bestellwert von CHF. 500.-. Unterhalb dieses Betrags wird eine Pauschale von CHF. 15,90 zu entrichten. <\/p>\n<p>Bei allen Online-Bestellungen f\u00fchren wir immer einen Telefonanruf durch, um sicherzustellen, dass Sie das richtige Produkt f\u00fcr Ihre Bed\u00fcrfnisse ausgew\u00e4hlt haben. So k\u00f6nnen Sie sicher sein, dass Sie die richtige Wahl treffen. <\/p>\n<p>Bitte beachten Sie, dass die Promo-Codes nicht kumulierbar sind und der Rabatt auf Ihrer Bestellung sichtbar ist.<\/p>\n","protected":false},"excerpt":{"rendered":"<p>Zur Aufwertung all Ihrer Informationen, Poster, Dienstmitteilungen, Anweisungen, Anweisungen, Poster<\/p>\n","protected":false},"featured_media":103086,"template":"","meta":{"slim_seo":{"title":"Drehbare Korkpaneele - Suisse - C.Diff-Prom","description":"Zur Aufwertung all Ihrer Informationen, Poster, Dienstmitteilungen, Anweisungen, Anweisungen, Poster"}},"product_brand":[],"product_cat":[6415,6390],"product_tag":[6515],"class_list":{"0":"post-106007","1":"product","2":"type-product","3":"status-publish","4":"has-post-thumbnail","6":"product_cat-beratungssysteme","7":"product_cat-ranking","8":"product_tag-beratungssysteme","9":"pa_specifications-6-paneele","10":"pa_specifications-nutzformat-114-x-114-cm","11":"pa_specifications-nutzformat-77-x-77-cm","12":"pa_specifications-nutzformat-92-x-92-cm","14":"first","15":"instock","16":"taxable","17":"shipping-taxable","18":"purchasable","19":"product-type-variable"},"_links":{"self":[{"href":"https:\/\/cdiffprom.ch\/de\/wp-json\/wp\/v2\/product\/106007","targetHints":{"allow":["GET"]}}],"collection":[{"href":"https:\/\/cdiffprom.ch\/de\/wp-json\/wp\/v2\/product"}],"about":[{"href":"https:\/\/cdiffprom.ch\/de\/wp-json\/wp\/v2\/types\/product"}],"wp:featuredmedia":[{"embeddable":true,"href":"https:\/\/cdiffprom.ch\/de\/wp-json\/wp\/v2\/media\/103086"}],"wp:attachment":[{"href":"https:\/\/cdiffprom.ch\/de\/wp-json\/wp\/v2\/media?parent=106007"}],"wp:term":[{"taxonomy":"product_brand","embeddable":true,"href":"https:\/\/cdiffprom.ch\/de\/wp-json\/wp\/v2\/product_brand?post=106007"},{"taxonomy":"product_cat","embeddable":true,"href":"https:\/\/cdiffprom.ch\/de\/wp-json\/wp\/v2\/product_cat?post=106007"},{"taxonomy":"product_tag","embeddable":true,"href":"https:\/\/cdiffprom.ch\/de\/wp-json\/wp\/v2\/product_tag?post=106007"}],"curies":[{"name":"wp","href":"https:\/\/api.w.org\/{rel}","templated":true}]}}