{"id":106012,"date":"2019-07-26T15:28:43","date_gmt":"2019-07-26T13:28:43","guid":{"rendered":"https:\/\/cdiffprom.ch\/produit\/trennblaetter-aus-hartplastik\/"},"modified":"2019-07-26T15:28:43","modified_gmt":"2019-07-26T13:28:43","slug":"trennblaetter-aus-hartplastik","status":"publish","type":"product","link":"https:\/\/cdiffprom.ch\/de\/produit\/trennblaetter-aus-hartplastik\/","title":{"rendered":"Trennbl\u00e4tter aus Hartplastik"},"content":{"rendered":"<h3><strong><span style=\"color: #800000;\">Trennbl\u00e4tter aus Hartplastik<\/span><\/strong><\/h3>\n<p>Wenn Sie eine M\u00f6glichkeit suchen, Ihre CDs, DVDs oder LPs zu trennen, werden Ihnen unsere Hartplastik-Trennbl\u00e4tter gute Dienste leisten.<\/p>\n<p>Sie sind in 4 Gr\u00f6\u00dfen erh\u00e4ltlich und werden zu mindestens 10 St\u00fcck angeboten.<\/p>\n<p>Die Abmessungen sind wie folgt:<\/p>\n<p>CD 15 x 14,3 cm<br \/>\nCD\/DVD 17 x 12,5 cm<br \/>\nDVD 21 x 13,5 cm<br \/>\n33 Touren 35 x 32,5 cm<\/p>\n<h4><span style=\"color: #800000;\"><strong>Lieferbedingungen<\/strong><\/span><\/h4>\n<p>Alle unsere Produkte sind innerhalb von 10 Tagen nach Eingang Ihrer Bestellung lieferbar. Bitte z\u00f6gern Sie nicht, uns zu kontaktieren. <strong><span style=\"color: #800000;\"><a style=\"color: #800000;\" href=\"https:\/\/cdiffprom.ch\/elements\/contactez-nous\/\">uns zu kontaktieren.<\/a><\/span><\/strong> Wenn Sie einen dringenderen Bedarf haben, k\u00f6nnen wir Ihnen immer eine schnellere L\u00f6sung anbieten. <\/p>\n<p>Einige Artikel k\u00f6nnen eine l\u00e4ngere Lieferzeit in Anspruch nehmen, da sie nicht auf Lager unseres Lieferanten sind. In diesem Fall werden Sie nach Eingang Ihrer Bestellung benachrichtigt. <\/p>\n<p>Wir liefern versandkostenfrei ab einem Bestellwert von CHF. 500.-. Unterhalb dieses Betrags wird eine Pauschale von CHF. 15,90 zu entrichten. <\/p>\n<p>Bei allen Online-Bestellungen f\u00fchren wir immer einen Telefonanruf durch, um sicherzustellen, dass Sie das richtige Produkt f\u00fcr Ihre Bed\u00fcrfnisse ausgew\u00e4hlt haben. So k\u00f6nnen Sie sicher sein, dass Sie die richtige Wahl treffen. <\/p>\n<div class=\"col medium-6 small-12 large-6\">\n<div class=\"col-inner\">\n<div class=\"related related-products-wrapper product-section\">\n<div class=\"row large-columns-2 medium-columns- small-columns- row-small\">\n<div class=\"product-small col has-hover product type-product post-811 status-publish instock product_cat-affichage-et-signaletique product_cat-porte-visuels-comptoirs product_cat-conference product_cat-porte-visuels-comptoirs-conference product_tag-porte-visuels-comptoirs has-post-thumbnail taxable shipping-taxable purchasable product-type-simple\">\n<div class=\"col-inner\">\n<div class=\"badge-container absolute left top z-1\"><\/div>\n<div class=\"product-small box \">\n<div class=\"box-image\">\n<div class=\"image-fade_in_back\"><\/div>\n<\/div>\n<div class=\"box-text box-text-products text-center grid-style-2\">\n<div class=\"add-to-cart-button\"><\/div>\n<\/div>\n<\/div>\n<\/div>\n<\/div>\n<\/div>\n<\/div>\n<\/div>\n<\/div>\n","protected":false},"excerpt":{"rendered":"<p>F\u00fcr eine perfekte Aufbewahrung und Klassifizierung!<\/p>\n","protected":false},"featured_media":103116,"template":"","meta":{"slim_seo":{"title":"Trennbl\u00e4tter aus Hartplastik - Suisse - C.Diff-Prom","description":"F\u00fcr eine perfekte Aufbewahrung und Klassifizierung!"}},"product_brand":[],"product_cat":[6359,6360,6390,6519,6495],"product_tag":[6520,6361,6521,6501],"class_list":{"0":"post-106012","1":"product","2":"type-product","3":"status-publish","4":"has-post-thumbnail","6":"product_cat-multimedia-de","7":"product_cat-multimedia-zubehor","8":"product_cat-ranking","9":"product_cat-sortieren-von-cds","10":"product_cat-sortierer","11":"product_tag-bucher","12":"product_tag-multimedia-zubehor","13":"product_tag-poster","14":"product_tag-sortieren-von-cds","16":"first","17":"instock","18":"taxable","19":"shipping-taxable","20":"purchasable","21":"product-type-variable"},"_links":{"self":[{"href":"https:\/\/cdiffprom.ch\/de\/wp-json\/wp\/v2\/product\/106012","targetHints":{"allow":["GET"]}}],"collection":[{"href":"https:\/\/cdiffprom.ch\/de\/wp-json\/wp\/v2\/product"}],"about":[{"href":"https:\/\/cdiffprom.ch\/de\/wp-json\/wp\/v2\/types\/product"}],"wp:featuredmedia":[{"embeddable":true,"href":"https:\/\/cdiffprom.ch\/de\/wp-json\/wp\/v2\/media\/103116"}],"wp:attachment":[{"href":"https:\/\/cdiffprom.ch\/de\/wp-json\/wp\/v2\/media?parent=106012"}],"wp:term":[{"taxonomy":"product_brand","embeddable":true,"href":"https:\/\/cdiffprom.ch\/de\/wp-json\/wp\/v2\/product_brand?post=106012"},{"taxonomy":"product_cat","embeddable":true,"href":"https:\/\/cdiffprom.ch\/de\/wp-json\/wp\/v2\/product_cat?post=106012"},{"taxonomy":"product_tag","embeddable":true,"href":"https:\/\/cdiffprom.ch\/de\/wp-json\/wp\/v2\/product_tag?post=106012"}],"curies":[{"name":"wp","href":"https:\/\/api.w.org\/{rel}","templated":true}]}}