{"id":106018,"date":"2019-07-26T15:28:43","date_gmt":"2019-07-26T13:28:43","guid":{"rendered":"https:\/\/cdiffprom.ch\/produit\/schutzhuellen-fuer-cds-33-t-45-t\/"},"modified":"2019-07-26T15:28:43","modified_gmt":"2019-07-26T13:28:43","slug":"schutzhuellen-fuer-cds-33-t-45-t","status":"publish","type":"product","link":"https:\/\/cdiffprom.ch\/de\/produit\/schutzhuellen-fuer-cds-33-t-45-t\/","title":{"rendered":"Schutzh\u00fcllen f\u00fcr CDs, 33 t &amp; 45 t"},"content":{"rendered":"<ul>\n<li>Klarsichth\u00fcllen aus weichem Kunststoff<\/li>\n<\/ul>\n","protected":false},"excerpt":{"rendered":"<p>Sch\u00fctzen, ordnen, verstauen Sie Ihre CDs, , 33T und 45 T<\/p>\n","protected":false},"featured_media":103120,"template":"","meta":{"slim_seo":{"title":"Schutzh\u00fcllen f\u00fcr CDs, 33 t &amp; 45 t - Suisse - C.Diff-Prom","description":"Sch\u00fctzen, ordnen, verstauen Sie Ihre CDs, , 33T und 45 T"}},"product_brand":[],"product_cat":[6359,6360,6390],"product_tag":[6520,6361,6521,6501],"class_list":{"0":"post-106018","1":"product","2":"type-product","3":"status-publish","4":"has-post-thumbnail","6":"product_cat-multimedia-de","7":"product_cat-multimedia-zubehor","8":"product_cat-ranking","9":"product_tag-bucher","10":"product_tag-multimedia-zubehor","11":"product_tag-poster","12":"product_tag-sortieren-von-cds","13":"pa_specifications-33-t-disc","14":"pa_specifications-6-paneele","15":"pa_specifications-cd-schutz","16":"pa_specifications-scheibe-45-t","18":"first","19":"instock","20":"taxable","21":"shipping-taxable","22":"purchasable","23":"product-type-variable"},"_links":{"self":[{"href":"https:\/\/cdiffprom.ch\/de\/wp-json\/wp\/v2\/product\/106018","targetHints":{"allow":["GET"]}}],"collection":[{"href":"https:\/\/cdiffprom.ch\/de\/wp-json\/wp\/v2\/product"}],"about":[{"href":"https:\/\/cdiffprom.ch\/de\/wp-json\/wp\/v2\/types\/product"}],"wp:featuredmedia":[{"embeddable":true,"href":"https:\/\/cdiffprom.ch\/de\/wp-json\/wp\/v2\/media\/103120"}],"wp:attachment":[{"href":"https:\/\/cdiffprom.ch\/de\/wp-json\/wp\/v2\/media?parent=106018"}],"wp:term":[{"taxonomy":"product_brand","embeddable":true,"href":"https:\/\/cdiffprom.ch\/de\/wp-json\/wp\/v2\/product_brand?post=106018"},{"taxonomy":"product_cat","embeddable":true,"href":"https:\/\/cdiffprom.ch\/de\/wp-json\/wp\/v2\/product_cat?post=106018"},{"taxonomy":"product_tag","embeddable":true,"href":"https:\/\/cdiffprom.ch\/de\/wp-json\/wp\/v2\/product_tag?post=106018"}],"curies":[{"name":"wp","href":"https:\/\/api.w.org\/{rel}","templated":true}]}}