{"id":106019,"date":"2019-07-26T15:28:45","date_gmt":"2019-07-26T13:28:45","guid":{"rendered":"https:\/\/cdiffprom.ch\/produit\/unterteilung-fuer-36-cm-tablett\/"},"modified":"2019-07-26T15:28:45","modified_gmt":"2019-07-26T13:28:45","slug":"unterteilung-fuer-36-cm-tablett","status":"publish","type":"product","link":"https:\/\/cdiffprom.ch\/de\/produit\/unterteilung-fuer-36-cm-tablett\/","title":{"rendered":"Unterteilung f\u00fcr 36-cm-Tablett"},"content":{"rendered":"<ul>\n<li>Verwendung in Mediatheken oder Gesch\u00e4ften zur Pr\u00e4sentation von C<\/li>\n<li>D, D V D und Videos<\/li>\n<li>Unterteilung f\u00fcr 36 cm breite Platte, die 8 Reihen von 15,5 cm Breite in der Breite unterteilt<\/li>\n<li>Hellgrau lackierter Draht<\/li>\n<\/ul>\n","protected":false},"excerpt":{"rendered":"<p>Verwendung in Mediatheken oder Gesch\u00e4ften zur Pr\u00e4sentation von C D, D V D und Videos Unterteilung f\u00fcr 36 cm breite Platte, die 8 Reihen von 15,5 cm Breite in der Breite unterteilt Hellgrau lackierter Draht<\/p>\n","protected":false},"featured_media":103126,"template":"","meta":{"slim_seo":{"title":"Unterteilung f\u00fcr 36-cm-Tablett - Suisse - C.Diff-Prom","description":"Verwendung in Mediatheken oder Gesch\u00e4ften zur Pr\u00e4sentation von C D, D V D und Videos Unterteilung f\u00fcr 36 cm breite Platte, die 8 Reihen von 15,5 cm Breite in de"}},"product_brand":[],"product_cat":[6526,6359,6527,6390,6519],"product_tag":[6520,6361,6521,6501],"class_list":{"0":"post-106019","1":"product","2":"type-product","3":"status-publish","4":"has-post-thumbnail","6":"product_cat-bucher","7":"product_cat-multimedia-de","8":"product_cat-poster","9":"product_cat-ranking","10":"product_cat-sortieren-von-cds","11":"product_tag-bucher","12":"product_tag-multimedia-zubehor","13":"product_tag-poster","14":"product_tag-sortieren-von-cds","16":"first","17":"instock","18":"taxable","19":"shipping-taxable","20":"purchasable","21":"product-type-simple"},"_links":{"self":[{"href":"https:\/\/cdiffprom.ch\/de\/wp-json\/wp\/v2\/product\/106019","targetHints":{"allow":["GET"]}}],"collection":[{"href":"https:\/\/cdiffprom.ch\/de\/wp-json\/wp\/v2\/product"}],"about":[{"href":"https:\/\/cdiffprom.ch\/de\/wp-json\/wp\/v2\/types\/product"}],"wp:featuredmedia":[{"embeddable":true,"href":"https:\/\/cdiffprom.ch\/de\/wp-json\/wp\/v2\/media\/103126"}],"wp:attachment":[{"href":"https:\/\/cdiffprom.ch\/de\/wp-json\/wp\/v2\/media?parent=106019"}],"wp:term":[{"taxonomy":"product_brand","embeddable":true,"href":"https:\/\/cdiffprom.ch\/de\/wp-json\/wp\/v2\/product_brand?post=106019"},{"taxonomy":"product_cat","embeddable":true,"href":"https:\/\/cdiffprom.ch\/de\/wp-json\/wp\/v2\/product_cat?post=106019"},{"taxonomy":"product_tag","embeddable":true,"href":"https:\/\/cdiffprom.ch\/de\/wp-json\/wp\/v2\/product_tag?post=106019"}],"curies":[{"name":"wp","href":"https:\/\/api.w.org\/{rel}","templated":true}]}}