{"id":106023,"date":"2019-07-26T15:28:46","date_gmt":"2019-07-26T13:28:46","guid":{"rendered":"https:\/\/cdiffprom.ch\/produit\/cd-dvd-blaetterraster-fuer-19-cm-tabletts\/"},"modified":"2019-07-26T15:28:46","modified_gmt":"2019-07-26T13:28:46","slug":"cd-dvd-blaetterraster-fuer-19-cm-tabletts","status":"publish","type":"product","link":"https:\/\/cdiffprom.ch\/de\/produit\/cd-dvd-blaetterraster-fuer-19-cm-tabletts\/","title":{"rendered":"cd\/dvd-Bl\u00e4tterraster f\u00fcr 19-cm-Tabletts"},"content":{"rendered":"<ul>\n<li>Verwendung in Mediatheken oder Gesch\u00e4ften, um Ihre Beh\u00e4lter, Regale und Gestelle auf praktische und wirtschaftliche Weise auszustatten.<\/li>\n<li>Konsultation mit Vorw\u00e4rts-\/R\u00fcckw\u00e4rtskippen ohne Risiko der Herabstufung<\/li>\n<li>Verchromter Draht<\/li>\n<\/ul>\n","protected":false},"excerpt":{"rendered":"<p>Verwendung in Mediatheken oder Gesch\u00e4ften, um Ihre Beh\u00e4lter, Regale und Gestelle auf praktische und wirtschaftliche Weise auszustatten. Konsultation mit Vorw\u00e4rts-\/R\u00fcckw\u00e4rtskippen ohne Risiko der Herabstufung Verchromter Draht<\/p>\n","protected":false},"featured_media":103134,"template":"","meta":{"slim_seo":{"title":"cd\/dvd-Bl\u00e4tterraster f\u00fcr 19-cm-Tabletts - Suisse - C.Diff-Prom","description":"Verwendung in Mediatheken oder Gesch\u00e4ften, um Ihre Beh\u00e4lter, Regale und Gestelle auf praktische und wirtschaftliche Weise auszustatten. Konsultation mit Vorw\u00e4rt"}},"product_brand":[],"product_cat":[6526,6359,6360,6527,6390,6519],"product_tag":[6520,6361,6521,6501],"class_list":{"0":"post-106023","1":"product","2":"type-product","3":"status-publish","4":"has-post-thumbnail","6":"product_cat-bucher","7":"product_cat-multimedia-de","8":"product_cat-multimedia-zubehor","9":"product_cat-poster","10":"product_cat-ranking","11":"product_cat-sortieren-von-cds","12":"product_tag-bucher","13":"product_tag-multimedia-zubehor","14":"product_tag-poster","15":"product_tag-sortieren-von-cds","16":"pa_specifications-72-dvds","17":"pa_specifications-96-cds","19":"first","20":"instock","21":"taxable","22":"shipping-taxable","23":"purchasable","24":"product-type-variable"},"_links":{"self":[{"href":"https:\/\/cdiffprom.ch\/de\/wp-json\/wp\/v2\/product\/106023","targetHints":{"allow":["GET"]}}],"collection":[{"href":"https:\/\/cdiffprom.ch\/de\/wp-json\/wp\/v2\/product"}],"about":[{"href":"https:\/\/cdiffprom.ch\/de\/wp-json\/wp\/v2\/types\/product"}],"wp:featuredmedia":[{"embeddable":true,"href":"https:\/\/cdiffprom.ch\/de\/wp-json\/wp\/v2\/media\/103134"}],"wp:attachment":[{"href":"https:\/\/cdiffprom.ch\/de\/wp-json\/wp\/v2\/media?parent=106023"}],"wp:term":[{"taxonomy":"product_brand","embeddable":true,"href":"https:\/\/cdiffprom.ch\/de\/wp-json\/wp\/v2\/product_brand?post=106023"},{"taxonomy":"product_cat","embeddable":true,"href":"https:\/\/cdiffprom.ch\/de\/wp-json\/wp\/v2\/product_cat?post=106023"},{"taxonomy":"product_tag","embeddable":true,"href":"https:\/\/cdiffprom.ch\/de\/wp-json\/wp\/v2\/product_tag?post=106023"}],"curies":[{"name":"wp","href":"https:\/\/api.w.org\/{rel}","templated":true}]}}