{"id":106024,"date":"2019-07-26T15:28:44","date_gmt":"2019-07-26T13:28:44","guid":{"rendered":"https:\/\/cdiffprom.ch\/produit\/trennwand-epi-zick-zack-musirack-moebel\/"},"modified":"2019-07-26T15:28:44","modified_gmt":"2019-07-26T13:28:44","slug":"trennwand-epi-zick-zack-musirack-moebel","status":"publish","type":"product","link":"https:\/\/cdiffprom.ch\/de\/produit\/trennwand-epi-zick-zack-musirack-moebel\/","title":{"rendered":"Trennwand Epi Zick-Zack Musirack M\u00f6bel"},"content":{"rendered":"<ul>\n<li>Verwendung in Mediatheken oder Gesch\u00e4ften zur Pr\u00e4sentation von C<\/li>\n<li>D, D V D und Videos.<\/li>\n<li>Ideal f\u00fcr die Platzierung auf<\/li>\n<li>Musirack I<\/li>\n<li>I\u00ae<\/li>\n<li>Hellgrau lackiertes Blech, 7 F\u00e4cher<\/li>\n<\/ul>\n","protected":false},"excerpt":{"rendered":"<p>Verwendung in Mediatheken oder Gesch\u00e4ften zur Pr\u00e4sentation von C D, D V D und Videos. Ideal f\u00fcr die Platzierung auf Musirack I I\u00ae Hellgrau lackiertes Blech, 7 F\u00e4cher<\/p>\n","protected":false},"featured_media":103124,"template":"","meta":{"slim_seo":{"title":"Trennwand Epi Zick-Zack Musirack M\u00f6bel - Suisse - C.Diff-Prom","description":"Verwendung in Mediatheken oder Gesch\u00e4ften zur Pr\u00e4sentation von C D, D V D und Videos. Ideal f\u00fcr die Platzierung auf Musirack I I\u00ae Hellgrau lackiertes Blech, 7 F"}},"product_brand":[],"product_cat":[6359,6360,6527,6390],"product_tag":[6520,6361,6521,6501],"class_list":{"0":"post-106024","1":"product","2":"type-product","3":"status-publish","4":"has-post-thumbnail","6":"product_cat-multimedia-de","7":"product_cat-multimedia-zubehor","8":"product_cat-poster","9":"product_cat-ranking","10":"product_tag-bucher","11":"product_tag-multimedia-zubehor","12":"product_tag-poster","13":"product_tag-sortieren-von-cds","15":"first","16":"instock","17":"taxable","18":"shipping-taxable","19":"purchasable","20":"product-type-simple"},"_links":{"self":[{"href":"https:\/\/cdiffprom.ch\/de\/wp-json\/wp\/v2\/product\/106024","targetHints":{"allow":["GET"]}}],"collection":[{"href":"https:\/\/cdiffprom.ch\/de\/wp-json\/wp\/v2\/product"}],"about":[{"href":"https:\/\/cdiffprom.ch\/de\/wp-json\/wp\/v2\/types\/product"}],"wp:featuredmedia":[{"embeddable":true,"href":"https:\/\/cdiffprom.ch\/de\/wp-json\/wp\/v2\/media\/103124"}],"wp:attachment":[{"href":"https:\/\/cdiffprom.ch\/de\/wp-json\/wp\/v2\/media?parent=106024"}],"wp:term":[{"taxonomy":"product_brand","embeddable":true,"href":"https:\/\/cdiffprom.ch\/de\/wp-json\/wp\/v2\/product_brand?post=106024"},{"taxonomy":"product_cat","embeddable":true,"href":"https:\/\/cdiffprom.ch\/de\/wp-json\/wp\/v2\/product_cat?post=106024"},{"taxonomy":"product_tag","embeddable":true,"href":"https:\/\/cdiffprom.ch\/de\/wp-json\/wp\/v2\/product_tag?post=106024"}],"curies":[{"name":"wp","href":"https:\/\/api.w.org\/{rel}","templated":true}]}}