{"id":106027,"date":"2019-07-26T15:28:46","date_gmt":"2019-07-26T13:28:46","guid":{"rendered":"https:\/\/cdiffprom.ch\/produit\/blaetterteiggitter-platte-36cm\/"},"modified":"2019-07-26T15:28:46","modified_gmt":"2019-07-26T13:28:46","slug":"blaetterteiggitter-platte-36cm","status":"publish","type":"product","link":"https:\/\/cdiffprom.ch\/de\/produit\/blaetterteiggitter-platte-36cm\/","title":{"rendered":"Bl\u00e4tterteiggitter Platte 36cm"},"content":{"rendered":"<ul>\n<li>Verwendung in Mediatheken oder Gesch\u00e4ften, um Ihre Beh\u00e4lter, Regale und Gestelle auf praktische und wirtschaftliche Weise auszustatten.<\/li>\n<li>Konsultation mit Vorw\u00e4rts-\/R\u00fcckw\u00e4rtskippen ohne Risiko der Herabstufung<\/li>\n<li>Verchromter Draht<\/li>\n<\/ul>\n","protected":false},"excerpt":{"rendered":"<p>Verwendung in Mediatheken oder Gesch\u00e4ften, um Ihre Beh\u00e4lter, Regale und Gestelle auf praktische und wirtschaftliche Weise auszustatten. Konsultation mit Vorw\u00e4rts-\/R\u00fcckw\u00e4rtskippen ohne Risiko der Herabstufung Verchromter Draht<\/p>\n","protected":false},"featured_media":103132,"template":"","meta":{"slim_seo":{"title":"Bl\u00e4tterteiggitter Platte 36cm - Suisse - C.Diff-Prom","description":"Verwendung in Mediatheken oder Gesch\u00e4ften, um Ihre Beh\u00e4lter, Regale und Gestelle auf praktische und wirtschaftliche Weise auszustatten. Konsultation mit Vorw\u00e4rt"}},"product_brand":[],"product_cat":[6526,6359,6360,6390,6519],"product_tag":[6520,6361,6521,6501],"class_list":{"0":"post-106027","1":"product","2":"type-product","3":"status-publish","4":"has-post-thumbnail","6":"product_cat-bucher","7":"product_cat-multimedia-de","8":"product_cat-multimedia-zubehor","9":"product_cat-ranking","10":"product_cat-sortieren-von-cds","11":"product_tag-bucher","12":"product_tag-multimedia-zubehor","13":"product_tag-poster","14":"product_tag-sortieren-von-cds","15":"pa_specifications-144-dvds","16":"pa_specifications-192-cds","18":"first","19":"instock","20":"taxable","21":"shipping-taxable","22":"purchasable","23":"product-type-variable"},"_links":{"self":[{"href":"https:\/\/cdiffprom.ch\/de\/wp-json\/wp\/v2\/product\/106027","targetHints":{"allow":["GET"]}}],"collection":[{"href":"https:\/\/cdiffprom.ch\/de\/wp-json\/wp\/v2\/product"}],"about":[{"href":"https:\/\/cdiffprom.ch\/de\/wp-json\/wp\/v2\/types\/product"}],"wp:featuredmedia":[{"embeddable":true,"href":"https:\/\/cdiffprom.ch\/de\/wp-json\/wp\/v2\/media\/103132"}],"wp:attachment":[{"href":"https:\/\/cdiffprom.ch\/de\/wp-json\/wp\/v2\/media?parent=106027"}],"wp:term":[{"taxonomy":"product_brand","embeddable":true,"href":"https:\/\/cdiffprom.ch\/de\/wp-json\/wp\/v2\/product_brand?post=106027"},{"taxonomy":"product_cat","embeddable":true,"href":"https:\/\/cdiffprom.ch\/de\/wp-json\/wp\/v2\/product_cat?post=106027"},{"taxonomy":"product_tag","embeddable":true,"href":"https:\/\/cdiffprom.ch\/de\/wp-json\/wp\/v2\/product_tag?post=106027"}],"curies":[{"name":"wp","href":"https:\/\/api.w.org\/{rel}","templated":true}]}}