{"id":106031,"date":"2019-07-26T15:28:45","date_gmt":"2019-07-26T13:28:45","guid":{"rendered":"https:\/\/cdiffprom.ch\/produit\/blaetterraster-fuer-cd-und-dvd\/"},"modified":"2019-07-26T15:28:45","modified_gmt":"2019-07-26T13:28:45","slug":"blaetterraster-fuer-cd-und-dvd","status":"publish","type":"product","link":"https:\/\/cdiffprom.ch\/de\/produit\/blaetterraster-fuer-cd-und-dvd\/","title":{"rendered":"Bl\u00e4tterraster f\u00fcr cd und dvd"},"content":{"rendered":"<ul>\n<li>Verwendung in Mediatheken oder Gesch\u00e4ften, um Ihre Beh\u00e4lter, Regale und Gestelle auf praktische und wirtschaftliche Weise auszustatten.<\/li>\n<li>Beratung mit Vorw\u00e4rts-\/R\u00fcckw\u00e4rtskippen ohne Risiko der Herabstufung.<\/li>\n<li>Halten Sie die Geh\u00e4use in einem Winkel von 35\u00b0 vorne und hinten.<\/li>\n<li>Verchromter, geschwei\u00dfter Draht<\/li>\n<\/ul>\n","protected":false},"excerpt":{"rendered":"<p>Verwendung in Mediatheken oder Gesch\u00e4ften, um Ihre Beh\u00e4lter, Regale und Gestelle auf praktische und wirtschaftliche Weise auszustatten. Beratung mit Vorw\u00e4rts-\/R\u00fcckw\u00e4rtskippen ohne Risiko der Herabstufung. Halten Sie die Geh\u00e4use in einem Winkel von 35\u00b0 vorne und hinten. Verchromter, geschwei\u00dfter Draht<\/p>\n","protected":false},"featured_media":103130,"template":"","meta":{"slim_seo":{"title":"Bl\u00e4tterraster f\u00fcr cd und dvd - Suisse - C.Diff-Prom","description":"Verwendung in Mediatheken oder Gesch\u00e4ften, um Ihre Beh\u00e4lter, Regale und Gestelle auf praktische und wirtschaftliche Weise auszustatten. Beratung mit Vorw\u00e4rts-\/R"}},"product_brand":[],"product_cat":[6359,6360,6519],"product_tag":[6520,6361,6521,6501],"class_list":{"0":"post-106031","1":"product","2":"type-product","3":"status-publish","4":"has-post-thumbnail","6":"product_cat-multimedia-de","7":"product_cat-multimedia-zubehor","8":"product_cat-sortieren-von-cds","9":"product_tag-bucher","10":"product_tag-multimedia-zubehor","11":"product_tag-poster","12":"product_tag-sortieren-von-cds","13":"pa_specifications-72-dvds","14":"pa_specifications-96-cds","16":"first","17":"instock","18":"taxable","19":"shipping-taxable","20":"purchasable","21":"product-type-variable"},"_links":{"self":[{"href":"https:\/\/cdiffprom.ch\/de\/wp-json\/wp\/v2\/product\/106031","targetHints":{"allow":["GET"]}}],"collection":[{"href":"https:\/\/cdiffprom.ch\/de\/wp-json\/wp\/v2\/product"}],"about":[{"href":"https:\/\/cdiffprom.ch\/de\/wp-json\/wp\/v2\/types\/product"}],"wp:featuredmedia":[{"embeddable":true,"href":"https:\/\/cdiffprom.ch\/de\/wp-json\/wp\/v2\/media\/103130"}],"wp:attachment":[{"href":"https:\/\/cdiffprom.ch\/de\/wp-json\/wp\/v2\/media?parent=106031"}],"wp:term":[{"taxonomy":"product_brand","embeddable":true,"href":"https:\/\/cdiffprom.ch\/de\/wp-json\/wp\/v2\/product_brand?post=106031"},{"taxonomy":"product_cat","embeddable":true,"href":"https:\/\/cdiffprom.ch\/de\/wp-json\/wp\/v2\/product_cat?post=106031"},{"taxonomy":"product_tag","embeddable":true,"href":"https:\/\/cdiffprom.ch\/de\/wp-json\/wp\/v2\/product_tag?post=106031"}],"curies":[{"name":"wp","href":"https:\/\/api.w.org\/{rel}","templated":true}]}}