{"id":106032,"date":"2019-07-26T15:30:06","date_gmt":"2019-07-26T13:30:06","guid":{"rendered":"https:\/\/cdiffprom.ch\/produit\/wanddisplays-aus-plexiglas-in-verschiedenen-formaten\/"},"modified":"2019-07-26T15:30:06","modified_gmt":"2019-07-26T13:30:06","slug":"wanddisplays-aus-plexiglas-in-verschiedenen-formaten","status":"publish","type":"product","link":"https:\/\/cdiffprom.ch\/de\/produit\/wanddisplays-aus-plexiglas-in-verschiedenen-formaten\/","title":{"rendered":"Wanddisplays aus Plexiglas in verschiedenen Formaten"},"content":{"rendered":"<h3><span style=\"color: #800000;\"><strong>Wanddisplays aus Plexiglas in verschiedenen Formaten<\/strong><\/span><\/h3>\n<p>Mit diesen mehrformatigen Plexiglas-Wanddisplays k\u00f6nnen Sie Ihre verschiedenen Kataloge so pr\u00e4sentieren, dass Ihre Kunden oder Ihr Personal sich leicht bedienen k\u00f6nnen.<\/p>\n<p>Dieses System kann f\u00fcr Reiseb\u00fcros, Touristenb\u00fcros und andere Verkaufsstellen mit Katalogen geeignet sein.<\/p>\n<ul>\n<li>Individuelle Nutzung oder Aneinanderreihung und\/oder \u00dcberlagerung zur Pr\u00e4sentation und Verteilung von Dokumenten<\/li>\n<li>2 Befestigungsmodelle: mit 2 Schrauben oder magnetisch (Nutzlast 2,5 kg)<\/li>\n<li>Vertikal ineinandergreifende Einzelf\u00e4cher<\/li>\n<li>Hochwertiges, transparentes, gespritztes Kunststoffmaterial<\/li>\n<li>3 cm Fassungsverm\u00f6gen f\u00fcr Dokumente<\/li>\n<\/ul>\n<h4><span style=\"color: #800000;\"><strong>Lieferbedingungen :<br \/>\n<\/strong><\/span><\/h4>\n<p>Zu Ihrer Information: Nach Eingang Ihres Auftrags sind unsere Produkte innerhalb von etwa zehn Tagen lieferbar.<\/p>\n<p>Z\u00f6gern Sie nicht <span style=\"color: #800000;\"><u><a style=\"color: #800000;\" href=\"https:\/\/cdiffprom.ch\/elements\/contactez-nous\/\">kontaktieren Sie uns bitte.<\/a><\/u><\/span> Wenn Sie einen dringenderen Bedarf haben, haben wir immer eine schnellere L\u00f6sung f\u00fcr Sie und k\u00f6nnen Sie auch \u00fcber Rabatte bei Mengenbestellungen informieren.<\/p>\n<p>Einige Artikel k\u00f6nnen eine l\u00e4ngere Lieferzeit in Anspruch nehmen, da sie nicht auf Lager unseres Lieferanten sind. In diesem Fall werden Sie nach Eingang Ihrer Bestellung benachrichtigt. <\/p>\n<p>Wir liefern versandkostenfrei ab einem Bestellwert von CHF. 500.-. Unterhalb dieses Betrags wird eine Pauschale von CHF. 15,90 zu entrichten. <\/p>\n<p>Bei allen Online-Bestellungen f\u00fchren wir immer einen Telefonanruf durch, um sicherzustellen, dass Sie das richtige Produkt f\u00fcr Ihre Bed\u00fcrfnisse ausgew\u00e4hlt haben. So k\u00f6nnen Sie sicher sein, dass Sie die richtige Wahl treffen. <\/p>\n<p>Bitte beachten Sie, dass die Promo-Codes nicht kumulierbar sind und der Rabatt auf Ihrer Bestellung sichtbar ist.<\/p>\n","protected":false},"excerpt":{"rendered":"<p>Vervielfachen Sie die M\u00f6glichkeiten der Brosch\u00fcrengestaltung<\/p>\n","protected":false},"featured_media":103140,"template":"","meta":{"slim_seo":{"title":"Wanddisplays aus Plexiglas in verschiedenen Formaten - Suisse - C.Diff-Prom","description":"Vervielfachen Sie die M\u00f6glichkeiten der Brosch\u00fcrengestaltung"}},"product_brand":[],"product_cat":[6388,6390,6495,6358],"product_tag":[6498,6476],"class_list":{"0":"post-106032","1":"product","2":"type-product","3":"status-publish","4":"has-post-thumbnail","6":"product_cat-presentoirs","7":"product_cat-ranking","8":"product_cat-sortierer","9":"product_cat-wanddisplays","10":"product_tag-sortierer","11":"product_tag-wanddisplays","12":"pa_orientation-landschaft-breite","13":"pa_orientation-portrat-hohe","14":"pa_typologie-korb-wanddisplay","15":"pa_typologie-magnetischer-wandkorb","17":"first","18":"instock","19":"taxable","20":"shipping-taxable","21":"purchasable","22":"product-type-variable"},"_links":{"self":[{"href":"https:\/\/cdiffprom.ch\/de\/wp-json\/wp\/v2\/product\/106032","targetHints":{"allow":["GET"]}}],"collection":[{"href":"https:\/\/cdiffprom.ch\/de\/wp-json\/wp\/v2\/product"}],"about":[{"href":"https:\/\/cdiffprom.ch\/de\/wp-json\/wp\/v2\/types\/product"}],"wp:featuredmedia":[{"embeddable":true,"href":"https:\/\/cdiffprom.ch\/de\/wp-json\/wp\/v2\/media\/103140"}],"wp:attachment":[{"href":"https:\/\/cdiffprom.ch\/de\/wp-json\/wp\/v2\/media?parent=106032"}],"wp:term":[{"taxonomy":"product_brand","embeddable":true,"href":"https:\/\/cdiffprom.ch\/de\/wp-json\/wp\/v2\/product_brand?post=106032"},{"taxonomy":"product_cat","embeddable":true,"href":"https:\/\/cdiffprom.ch\/de\/wp-json\/wp\/v2\/product_cat?post=106032"},{"taxonomy":"product_tag","embeddable":true,"href":"https:\/\/cdiffprom.ch\/de\/wp-json\/wp\/v2\/product_tag?post=106032"}],"curies":[{"name":"wp","href":"https:\/\/api.w.org\/{rel}","templated":true}]}}