{"id":106040,"date":"2019-07-26T15:30:06","date_gmt":"2019-07-26T13:30:06","guid":{"rendered":"https:\/\/cdiffprom.ch\/produit\/ablagekoerbe-fuer-schilder\/"},"modified":"2019-07-26T15:30:06","modified_gmt":"2019-07-26T13:30:06","slug":"ablagekoerbe-fuer-schilder","status":"publish","type":"product","link":"https:\/\/cdiffprom.ch\/de\/produit\/ablagekoerbe-fuer-schilder\/","title":{"rendered":"Ablagek\u00f6rbe f\u00fcr Schilder"},"content":{"rendered":"<h3><span style=\"color: #800000;\"><strong>Ablagek\u00f6rbe f\u00fcr Schilder<\/strong><\/span><\/h3>\n<p>Da sie einfach aufzustellen sind, eignen sich diese Schilderk\u00f6rbe f\u00fcr viele Bereiche, wie z.B. Reiseb\u00fcros oder Tourismusb\u00fcros.<\/p>\n<p>Dieses Set besteht aus drei zusammengesetzten K\u00f6rben, die an zwei vertikalen Stangen aufgeh\u00e4ngt sind. Auf diese Weise werden die verschiedenen Kataloge oder Werbung auf einfache Weise pr\u00e4sentiert und Ihre Kunden oder Ihr Personal k\u00f6nnen sich leicht bedienen. <\/p>\n<p><span style=\"color: #800000;\"><strong>Merkmale<\/strong> <\/span>:<\/p>\n<ul>\n<li>Flexibler oberer Teil der Stangen sorgt f\u00fcr eine sichere Befestigung und Aufh\u00e4ngung an allen W\u00e4nden, Paneelen oder Gittern bis zu einer Dicke von 50 mm.<\/li>\n<li>Transparenter, gespritzter, widerstandsf\u00e4higer Kunststoff erster Qualit\u00e4t<\/li>\n<li>Kapazit\u00e4t pro Fach: 3 cm f\u00fcr Akten oder Dokumente<\/li>\n<\/ul>\n<h4><strong><span style=\"color: #800000;\">Lieferbedingungen :<br \/>\n<\/span><\/strong><\/h4>\n<p>Zu Ihrer Information: Nach Eingang Ihres Auftrags sind unsere Produkte innerhalb von etwa zehn Tagen lieferbar.<\/p>\n<p>Z\u00f6gern Sie nicht <u><a href=\"https:\/\/cdiffprom.ch\/elements\/contactez-nous\/\"><span style=\"color: #800000;\">kontaktieren Sie uns bitte.<\/span><\/a><\/u> Wenn Sie einen dringenderen Bedarf haben, haben wir immer eine schnellere L\u00f6sung f\u00fcr Sie und k\u00f6nnen Sie auch \u00fcber Rabatte bei Mengenbestellungen informieren.<\/p>\n<p>Einige Artikel k\u00f6nnen eine l\u00e4ngere Lieferzeit in Anspruch nehmen, da sie nicht auf Lager unseres Lieferanten sind. In diesem Fall werden Sie nach Eingang Ihrer Bestellung benachrichtigt. <\/p>\n<p>Wir liefern versandkostenfrei ab einem Bestellwert von CHF. 500.-. Unterhalb dieses Betrags wird eine Pauschale von CHF. 15,90 zu entrichten. <\/p>\n<p>Bei allen Online-Bestellungen f\u00fchren wir immer einen Telefonanruf durch, um sicherzustellen, dass Sie das richtige Produkt f\u00fcr Ihre Bed\u00fcrfnisse ausgew\u00e4hlt haben. So k\u00f6nnen Sie sicher sein, dass Sie die richtige Wahl treffen. <\/p>\n<p>Bitte beachten Sie, dass die Promo-Codes nicht kumulierbar sind und der Rabatt auf Ihrer Bestellung sichtbar ist.<\/p>\n","protected":false},"excerpt":{"rendered":"<p>Neues Sortiment, neues Design!<\/p>\n","protected":false},"featured_media":103138,"template":"","meta":{"slim_seo":{"title":"Ablagek\u00f6rbe f\u00fcr Schilder - Suisse - C.Diff-Prom","description":"Neues Sortiment, neues Design!"}},"product_brand":[],"product_cat":[6362,6390,6495,6408],"product_tag":[6498,6539],"class_list":{"0":"post-106040","1":"product","2":"type-product","3":"status-publish","4":"has-post-thumbnail","6":"product_cat-ausstellungen","7":"product_cat-ranking","8":"product_cat-sortierer","9":"product_cat-zubehor-fur-gitter","10":"product_tag-sortierer","11":"product_tag-zubehor-fur-gitter","12":"pa_orientation-landschaft","13":"pa_orientation-portrat","15":"first","16":"instock","17":"taxable","18":"shipping-taxable","19":"purchasable","20":"product-type-variable"},"_links":{"self":[{"href":"https:\/\/cdiffprom.ch\/de\/wp-json\/wp\/v2\/product\/106040","targetHints":{"allow":["GET"]}}],"collection":[{"href":"https:\/\/cdiffprom.ch\/de\/wp-json\/wp\/v2\/product"}],"about":[{"href":"https:\/\/cdiffprom.ch\/de\/wp-json\/wp\/v2\/types\/product"}],"wp:featuredmedia":[{"embeddable":true,"href":"https:\/\/cdiffprom.ch\/de\/wp-json\/wp\/v2\/media\/103138"}],"wp:attachment":[{"href":"https:\/\/cdiffprom.ch\/de\/wp-json\/wp\/v2\/media?parent=106040"}],"wp:term":[{"taxonomy":"product_brand","embeddable":true,"href":"https:\/\/cdiffprom.ch\/de\/wp-json\/wp\/v2\/product_brand?post=106040"},{"taxonomy":"product_cat","embeddable":true,"href":"https:\/\/cdiffprom.ch\/de\/wp-json\/wp\/v2\/product_cat?post=106040"},{"taxonomy":"product_tag","embeddable":true,"href":"https:\/\/cdiffprom.ch\/de\/wp-json\/wp\/v2\/product_tag?post=106040"}],"curies":[{"name":"wp","href":"https:\/\/api.w.org\/{rel}","templated":true}]}}