{"id":106045,"date":"2019-07-26T15:31:13","date_gmt":"2019-07-26T13:31:13","guid":{"rendered":"https:\/\/cdiffprom.ch\/produit\/aktenschrank-mit-schubladen\/"},"modified":"2019-07-26T15:31:13","modified_gmt":"2019-07-26T13:31:13","slug":"aktenschrank-mit-schubladen","status":"publish","type":"product","link":"https:\/\/cdiffprom.ch\/de\/produit\/aktenschrank-mit-schubladen\/","title":{"rendered":"Aktenschrank mit Schubladen"},"content":{"rendered":"<h3><span style=\"color: #800000;\"><strong>Aktenschrank mit Schubladen<\/strong><\/span><\/h3>\n<p>Mit diesem Schubladenmodul haben Sie eine praktische M\u00f6glichkeit, Dokumente aller Art, wie Akten, Bl\u00e4tter oder andere Gegenst\u00e4nde, zu ordnen und aufzubewahren.<\/p>\n<p>Dieser Block ist in zwei Modellen erh\u00e4ltlich, zur Auswahl stehen :<\/p>\n<ul>\n<li>4 Schubladen \u00e0 50 mm, H 5 x B 24,9 x T 32 cm<\/li>\n<li>8 Schubladen \u00e0 25 mm, H 2,5 x B 24,9 x T 32 cm<\/li>\n<\/ul>\n<p>Diese Schubladen mit vollem Boden sind herausnehmbar und von einem Block zum anderen austauschbar, d.h.: 1 Schublade 50 mm = 2 Schubladen 25 mm.<\/p>\n<p>Au\u00dferdem sind die beiden Blockmodelle stapelbar, eine Markierungs- und Zusammenbauvorrichtung wird mitgeliefert. Sie k\u00f6nnen die Bl\u00f6cke auch nebeneinander stellen. <\/p>\n<p>So k\u00f6nnen Sie Ihre Klassifizierung an Ihre Bed\u00fcrfnisse anpassen.<\/p>\n<h4><span style=\"color: #800000;\"><strong>Merkmale :<\/strong><\/span><\/h4>\n<ul>\n<li>Akzeptiert alle Formate bis zu einer maximalen Breite von 249 mm x Tiefe von 320 mm.<\/li>\n<li>Au\u00dfenabmessungen jedes Blocks: H\u00f6he 270 x Breite 300 x Tiefe 370 mm<\/li>\n<li>Korpusse in mattem Wei\u00df<\/li>\n<li>Schwarze Schubladen<\/li>\n<\/ul>\n<h4><strong><span style=\"color: #800000;\">Lieferbedingungen<br \/>\n<\/span><\/strong><\/h4>\n<p>Zu Ihrer Information: Nach Eingang Ihres Auftrags sind unsere Produkte innerhalb von etwa zehn Tagen lieferbar.<\/p>\n<p>Z\u00f6gern Sie nicht <u><a href=\"https:\/\/cdiffprom.ch\/elements\/contactez-nous\/\"><span style=\"color: #800000;\"><strong>uns zu kontaktieren.<\/strong><\/span><\/a><\/u> Wenn Sie einen dringenderen Bedarf haben, k\u00f6nnen wir Ihnen immer eine schnellere L\u00f6sung anbieten.<\/p>\n<p>Wir sind auch gerne bereit, Ihnen Informationen \u00fcber Mengenrabatte zu geben.<\/p>\n<p>Einige Artikel k\u00f6nnen eine l\u00e4ngere Lieferzeit in Anspruch nehmen, da sie nicht auf Lager unseres Lieferanten sind. In diesem Fall werden Sie nach Eingang Ihrer Bestellung benachrichtigt. <\/p>\n<p>Wir liefern versandkostenfrei ab einem Bestellwert von CHF. 500.-. Unterhalb dieses Betrags wird eine Pauschale von CHF. 15,90 zu entrichten. <\/p>\n<p>Bei allen Online-Bestellungen f\u00fchren wir immer einen Telefonanruf durch, um sicherzustellen, dass Sie das richtige Produkt f\u00fcr Ihre Bed\u00fcrfnisse ausgew\u00e4hlt haben. So k\u00f6nnen Sie sicher sein, dass Sie die richtige Wahl treffen. <\/p>\n<p>&nbsp;<\/p>\n","protected":false},"excerpt":{"rendered":"<p>Aktenschrank mit Schubladen (wahlweise 4 x 50 mm oder 8 x 25 mm). Geeignet f\u00fcr alle Arten von Dokumenten, Akten, Bl\u00e4ttern und verschiedenen Objekten. Auswechselbar und aneinanderreihbar.  <\/p>\n","protected":false},"featured_media":103158,"template":"","meta":{"slim_seo":{"title":"Aktenschrank mit Schubladen - Suisse - C.Diff-Prom","description":"Aktenschrank mit Schubladen (wahlweise 4 x 50 mm oder 8 x 25 mm). Geeignet f\u00fcr alle Arten von Dokumenten, Akten, Bl\u00e4ttern und verschiedenen Objekten. Auswechsel"}},"product_brand":[],"product_cat":[6391,6390],"product_tag":[6392],"class_list":{"0":"post-106045","1":"product","2":"type-product","3":"status-publish","4":"has-post-thumbnail","6":"product_cat-burozubehor","7":"product_cat-ranking","8":"product_tag-burozubehor","9":"pa_specifications-4-schubladen","10":"pa_specifications-8-schubladen","12":"first","13":"instock","14":"taxable","15":"shipping-taxable","16":"purchasable","17":"product-type-variable"},"_links":{"self":[{"href":"https:\/\/cdiffprom.ch\/de\/wp-json\/wp\/v2\/product\/106045","targetHints":{"allow":["GET"]}}],"collection":[{"href":"https:\/\/cdiffprom.ch\/de\/wp-json\/wp\/v2\/product"}],"about":[{"href":"https:\/\/cdiffprom.ch\/de\/wp-json\/wp\/v2\/types\/product"}],"wp:featuredmedia":[{"embeddable":true,"href":"https:\/\/cdiffprom.ch\/de\/wp-json\/wp\/v2\/media\/103158"}],"wp:attachment":[{"href":"https:\/\/cdiffprom.ch\/de\/wp-json\/wp\/v2\/media?parent=106045"}],"wp:term":[{"taxonomy":"product_brand","embeddable":true,"href":"https:\/\/cdiffprom.ch\/de\/wp-json\/wp\/v2\/product_brand?post=106045"},{"taxonomy":"product_cat","embeddable":true,"href":"https:\/\/cdiffprom.ch\/de\/wp-json\/wp\/v2\/product_cat?post=106045"},{"taxonomy":"product_tag","embeddable":true,"href":"https:\/\/cdiffprom.ch\/de\/wp-json\/wp\/v2\/product_tag?post=106045"}],"curies":[{"name":"wp","href":"https:\/\/api.w.org\/{rel}","templated":true}]}}