{"id":106049,"date":"2019-07-26T15:31:14","date_gmt":"2019-07-26T13:31:14","guid":{"rendered":"https:\/\/cdiffprom.ch\/produit\/flexibles-transportrohr-80-100cm\/"},"modified":"2019-07-26T15:31:14","modified_gmt":"2019-07-26T13:31:14","slug":"flexibles-transportrohr-80-100cm","status":"publish","type":"product","link":"https:\/\/cdiffprom.ch\/de\/produit\/flexibles-transportrohr-80-100cm\/","title":{"rendered":"Flexibles Transportrohr 80\/100cm"},"content":{"rendered":"<h3><span style=\"color: #800000;\"><strong>Flexibles Transportrohr 80\/100cm<\/strong><\/span><\/h3>\n<p>Mit diesem flexiblen Transportrohr 80\/100cm k\u00f6nnen Sie Ihre Dokumente, wie z.B. Pl\u00e4ne oder Poster, sowie starre Produkte leicht transportieren.<\/p>\n<ul>\n<li>2 Gr\u00f6\u00dfenmodelle, 80 oder 100 cm<\/li>\n<li>8 cm Durchmesser, nutzbarer Innenraum<\/li>\n<li>Dickes, weiches, schwarzes Tuch<\/li>\n<li>Kreisf\u00f6rmiger Rei\u00dfverschluss an der Oberseite<\/li>\n<li>Verstellbarer Schulterriemen<\/li>\n<\/ul>\n<h4><span style=\"color: #800000;\"><strong>Lieferbedingungen :<br \/>\n<\/strong><\/span><\/h4>\n<p>Zu Ihrer Information: Nach Eingang Ihres Auftrags sind unsere Produkte innerhalb von etwa zehn Tagen lieferbar.<\/p>\n<p>Z\u00f6gern Sie nicht <u><a href=\"https:\/\/cdiffprom.ch\/elements\/contactez-nous\/\"><span style=\"color: #800000;\"><strong>kontaktieren Sie uns bitte.<\/strong><\/span><\/a><\/u> Wenn Sie einen dringenderen Bedarf haben, haben wir immer eine schnellere L\u00f6sung f\u00fcr Sie und k\u00f6nnen Sie auch \u00fcber Rabatte bei Mengenbestellungen informieren.<\/p>\n<p>Einige Artikel k\u00f6nnen eine l\u00e4ngere Lieferzeit in Anspruch nehmen, da sie nicht auf Lager unseres Lieferanten sind. In diesem Fall werden Sie nach Eingang Ihrer Bestellung benachrichtigt. <\/p>\n<p>Wir liefern versandkostenfrei ab einem Bestellwert von CHF. 500.-. Unterhalb dieses Betrags wird eine Pauschale von CHF. 15,90 zu entrichten. <\/p>\n<p>Bei allen Online-Bestellungen f\u00fchren wir immer einen Telefonanruf durch, um sicherzustellen, dass Sie das richtige Produkt f\u00fcr Ihre Bed\u00fcrfnisse ausgew\u00e4hlt haben. So k\u00f6nnen Sie sicher sein, dass Sie die richtige Wahl treffen. <\/p>\n<p>Bitte beachten Sie, dass die Promo-Codes nicht kumulierbar sind und der Rabatt auf Ihrer Bestellung sichtbar ist.<\/p>\n","protected":false},"excerpt":{"rendered":"<p>Zum Schutz und Transport von Pl\u00e4nen, Postern, Poster und allen starren Produkten. 2 verschiedene Gr\u00f6\u00dfen zur Auswahl. <\/p>\n","protected":false},"featured_media":103168,"template":"","meta":{"slim_seo":{"title":"Flexibles Transportrohr 80\/100cm - Suisse - C.Diff-Prom","description":"Zum Schutz und Transport von Pl\u00e4nen, Postern, Poster und allen starren Produkten. 2 verschiedene Gr\u00f6\u00dfen zur Auswahl."}},"product_brand":[],"product_cat":[6391,6390],"product_tag":[6392],"class_list":{"0":"post-106049","1":"product","2":"type-product","3":"status-publish","4":"has-post-thumbnail","6":"product_cat-burozubehor","7":"product_cat-ranking","8":"product_tag-burozubehor","9":"pa_dimensions-100-cm-de","10":"pa_dimensions-80-cm-de","12":"first","13":"instock","14":"taxable","15":"shipping-taxable","16":"purchasable","17":"product-type-variable"},"_links":{"self":[{"href":"https:\/\/cdiffprom.ch\/de\/wp-json\/wp\/v2\/product\/106049","targetHints":{"allow":["GET"]}}],"collection":[{"href":"https:\/\/cdiffprom.ch\/de\/wp-json\/wp\/v2\/product"}],"about":[{"href":"https:\/\/cdiffprom.ch\/de\/wp-json\/wp\/v2\/types\/product"}],"wp:featuredmedia":[{"embeddable":true,"href":"https:\/\/cdiffprom.ch\/de\/wp-json\/wp\/v2\/media\/103168"}],"wp:attachment":[{"href":"https:\/\/cdiffprom.ch\/de\/wp-json\/wp\/v2\/media?parent=106049"}],"wp:term":[{"taxonomy":"product_brand","embeddable":true,"href":"https:\/\/cdiffprom.ch\/de\/wp-json\/wp\/v2\/product_brand?post=106049"},{"taxonomy":"product_cat","embeddable":true,"href":"https:\/\/cdiffprom.ch\/de\/wp-json\/wp\/v2\/product_cat?post=106049"},{"taxonomy":"product_tag","embeddable":true,"href":"https:\/\/cdiffprom.ch\/de\/wp-json\/wp\/v2\/product_tag?post=106049"}],"curies":[{"name":"wp","href":"https:\/\/api.w.org\/{rel}","templated":true}]}}