{"id":106050,"date":"2019-07-26T15:30:07","date_gmt":"2019-07-26T13:30:07","guid":{"rendered":"https:\/\/cdiffprom.ch\/produit\/10er-set-huellen-a4-gelocht\/"},"modified":"2019-07-26T15:30:07","modified_gmt":"2019-07-26T13:30:07","slug":"10er-set-huellen-a4-gelocht","status":"publish","type":"product","link":"https:\/\/cdiffprom.ch\/de\/produit\/10er-set-huellen-a4-gelocht\/","title":{"rendered":"10er-Set H\u00fcllen a4 gelocht"},"content":{"rendered":"<ul>\n<li>Sehr sch\u00f6ne Qualit\u00e4t in P V C Kristall, 18\/100 f\u00fcr den Boden und 14\/100 f\u00fcr den Balg und die Klappe.<\/li>\n<li>25 mm Dokumentenkapazit\u00e4t, d.h. ca. 200 Blatt 80 g Papier<\/li>\n<li>Universallochung 11 L\u00f6cher<\/li>\n<li>F\u00fcr alle Arten von Ordnern und Ringb\u00fcchern<\/li>\n<li>Verkaufseinheit: 10er-Pack<\/li>\n<li>Gr\u00f6\u00dfere Mengen auf Anfrage<\/li>\n<\/ul>\n","protected":false},"excerpt":{"rendered":"<p>Ideal f\u00fcr die Ablage und den Schutz von dicken Dokumenten, mehrbl\u00e4ttrigen Ordnern, Pl\u00e4nen, Katalogen&#8230;<\/p>\n","protected":false},"featured_media":103142,"template":"","meta":{"slim_seo":{"title":"10er-Set H\u00fcllen a4 gelocht - Suisse - C.Diff-Prom","description":"Ideal f\u00fcr die Ablage und den Schutz von dicken Dokumenten, mehrbl\u00e4ttrigen Ordnern, Pl\u00e4nen, Katalogen..."}},"product_brand":[],"product_cat":[6526,6390,6519,6495,6414],"product_tag":[6490,6520,6521,6501,6498],"class_list":{"0":"post-106050","1":"product","2":"type-product","3":"status-publish","4":"has-post-thumbnail","6":"product_cat-bucher","7":"product_cat-ranking","8":"product_cat-sortieren-von-cds","9":"product_cat-sortierer","10":"product_cat-suspendierte-klassifizierung","11":"product_tag-ausgesetztes-ranking","12":"product_tag-bucher","13":"product_tag-poster","14":"product_tag-sortieren-von-cds","15":"product_tag-sortierer","17":"first","18":"instock","19":"taxable","20":"shipping-taxable","21":"purchasable","22":"product-type-simple"},"_links":{"self":[{"href":"https:\/\/cdiffprom.ch\/de\/wp-json\/wp\/v2\/product\/106050","targetHints":{"allow":["GET"]}}],"collection":[{"href":"https:\/\/cdiffprom.ch\/de\/wp-json\/wp\/v2\/product"}],"about":[{"href":"https:\/\/cdiffprom.ch\/de\/wp-json\/wp\/v2\/types\/product"}],"wp:featuredmedia":[{"embeddable":true,"href":"https:\/\/cdiffprom.ch\/de\/wp-json\/wp\/v2\/media\/103142"}],"wp:attachment":[{"href":"https:\/\/cdiffprom.ch\/de\/wp-json\/wp\/v2\/media?parent=106050"}],"wp:term":[{"taxonomy":"product_brand","embeddable":true,"href":"https:\/\/cdiffprom.ch\/de\/wp-json\/wp\/v2\/product_brand?post=106050"},{"taxonomy":"product_cat","embeddable":true,"href":"https:\/\/cdiffprom.ch\/de\/wp-json\/wp\/v2\/product_cat?post=106050"},{"taxonomy":"product_tag","embeddable":true,"href":"https:\/\/cdiffprom.ch\/de\/wp-json\/wp\/v2\/product_tag?post=106050"}],"curies":[{"name":"wp","href":"https:\/\/api.w.org\/{rel}","templated":true}]}}