{"id":106053,"date":"2019-07-26T15:31:12","date_gmt":"2019-07-26T13:31:12","guid":{"rendered":"https:\/\/cdiffprom.ch\/produit\/sicherheitssafe\/"},"modified":"2019-07-26T15:31:12","modified_gmt":"2019-07-26T13:31:12","slug":"sicherheitssafe","status":"publish","type":"product","link":"https:\/\/cdiffprom.ch\/de\/produit\/sicherheitssafe\/","title":{"rendered":"Sicherheitssafe"},"content":{"rendered":"<h3><span style=\"color: #800000;\"><strong>Sicherheitssafe<\/strong><\/span><\/h3>\n<p>Mit diesem Sicherheitstresor k\u00f6nnen Sie Ihre verschiedenen Dokumente oder Werte und Bargeld sicher aufbewahren. Er eignet sich daher sowohl f\u00fcr B\u00fcros als auch f\u00fcr Gesch\u00e4fte und B\u00fcros. <\/p>\n<h4><span style=\"color: #800000;\"><strong>Merkmale<\/strong><\/span><\/h4>\n<ul>\n<li>3 Modelle zur Auswahl<\/li>\n<li>W\u00e4nde und T\u00fcr 3 mm dick aus Qualit\u00e4tsstahl, kratzfest schwarz pulverbeschichtet<\/li>\n<li>Verschluss: elektronisches Schloss, Notschl\u00fcssel<\/li>\n<li>Anzeige des Batterieverbrauchs (4 Batterien im Lieferumfang enthalten)<\/li>\n<li>T\u00fcr: 90\u00b0 \u00d6ffnung, ausgestattet mit 2 Bolzen \u00d8 3 mm<\/li>\n<li>Befestigung an der Wand oder am Boden m\u00f6glich: Bolzenl\u00f6cher vorgesehen<\/li>\n<\/ul>\n<h4><strong><span style=\"color: #800000;\">Lieferbedingungen<\/span><\/strong><\/h4>\n<p>Zu Ihrer Information: Nach Eingang Ihres Auftrags sind unsere Produkte innerhalb von etwa zehn Tagen lieferbar.<\/p>\n<p>Z\u00f6gern Sie nicht <u><a href=\"https:\/\/cdiffprom.ch\/elements\/contactez-nous\/\"><strong>uns zu kontaktieren.<\/strong><\/a><\/u> Wenn Sie einen dringenderen Bedarf haben, k\u00f6nnen wir Ihnen immer eine schnellere L\u00f6sung anbieten.<\/p>\n<p>Wir sind auch gerne bereit, Ihnen Informationen \u00fcber Mengenrabatte zu geben.<\/p>\n<p>Einige Artikel k\u00f6nnen eine l\u00e4ngere Lieferzeit in Anspruch nehmen, da sie nicht auf Lager unseres Lieferanten sind. In diesem Fall werden Sie nach Eingang Ihrer Bestellung benachrichtigt. <\/p>\n<p>Wir liefern versandkostenfrei ab einem Bestellwert von CHF. 500.-. Unterhalb dieses Betrags wird eine Pauschale von CHF. 15,90 zu entrichten. <\/p>\n<p>Bei allen Online-Bestellungen f\u00fchren wir immer einen Telefonanruf durch, um sicherzustellen, dass Sie das richtige Produkt f\u00fcr Ihre Bed\u00fcrfnisse ausgew\u00e4hlt haben. So k\u00f6nnen Sie sicher sein, dass Sie die richtige Wahl treffen. <\/p>\n<p>Bitte beachten Sie, dass die Promo-Codes nicht kumulierbar sind und der Rabatt auf Ihrer Bestellung sichtbar ist.<\/p>\n","protected":false},"excerpt":{"rendered":"<p>F\u00fcr das B\u00fcro, das Gesch\u00e4ft oder das Haus, Schutz vor Diebstahl Ihrer Dokumente, Bargeld, Wertgegenst\u00e4nde&#8230;<\/p>\n","protected":false},"featured_media":103152,"template":"","meta":{"slim_seo":{"title":"Sicherheitssafe - Suisse - C.Diff-Prom","description":"F\u00fcr das B\u00fcro, das Gesch\u00e4ft oder das Haus, Schutz vor Diebstahl Ihrer Dokumente, Bargeld, Wertgegenst\u00e4nde..."}},"product_brand":[],"product_cat":[6391,6390],"product_tag":[6392],"class_list":{"0":"post-106053","1":"product","2":"type-product","3":"status-publish","4":"has-post-thumbnail","6":"product_cat-burozubehor","7":"product_cat-ranking","8":"product_tag-burozubehor","9":"pa_specifications-10-l-de","10":"pa_specifications-17-l-de","11":"pa_specifications-4-l-de","13":"first","14":"instock","15":"taxable","16":"shipping-taxable","17":"purchasable","18":"product-type-variable"},"_links":{"self":[{"href":"https:\/\/cdiffprom.ch\/de\/wp-json\/wp\/v2\/product\/106053","targetHints":{"allow":["GET"]}}],"collection":[{"href":"https:\/\/cdiffprom.ch\/de\/wp-json\/wp\/v2\/product"}],"about":[{"href":"https:\/\/cdiffprom.ch\/de\/wp-json\/wp\/v2\/types\/product"}],"wp:featuredmedia":[{"embeddable":true,"href":"https:\/\/cdiffprom.ch\/de\/wp-json\/wp\/v2\/media\/103152"}],"wp:attachment":[{"href":"https:\/\/cdiffprom.ch\/de\/wp-json\/wp\/v2\/media?parent=106053"}],"wp:term":[{"taxonomy":"product_brand","embeddable":true,"href":"https:\/\/cdiffprom.ch\/de\/wp-json\/wp\/v2\/product_brand?post=106053"},{"taxonomy":"product_cat","embeddable":true,"href":"https:\/\/cdiffprom.ch\/de\/wp-json\/wp\/v2\/product_cat?post=106053"},{"taxonomy":"product_tag","embeddable":true,"href":"https:\/\/cdiffprom.ch\/de\/wp-json\/wp\/v2\/product_tag?post=106053"}],"curies":[{"name":"wp","href":"https:\/\/api.w.org\/{rel}","templated":true}]}}