{"id":106054,"date":"2019-07-26T15:31:15","date_gmt":"2019-07-26T13:31:15","guid":{"rendered":"https:\/\/cdiffprom.ch\/produit\/teleskopisches-dokumentenrohr\/"},"modified":"2019-07-26T15:31:15","modified_gmt":"2019-07-26T13:31:15","slug":"teleskopisches-dokumentenrohr","status":"publish","type":"product","link":"https:\/\/cdiffprom.ch\/de\/produit\/teleskopisches-dokumentenrohr\/","title":{"rendered":"Teleskopisches Dokumentenrohr"},"content":{"rendered":"<h3><span style=\"color: #800000;\"><strong>Teleskopisches Dokumentenrohr<\/strong><\/span><\/h3>\n<p>Mit diesem ausziehbaren Dokumentenrohr k\u00f6nnen Sie Ihre Dokumente, wie z.B. Pl\u00e4ne oder Poster, sowie Poster oder Kakemonos einfach und bequem transportieren.<\/p>\n<p>Dar\u00fcber hinaus ist die R\u00f6hre von 61 bis 101 cm ausziehbar, so dass Sie die Gr\u00f6\u00dfe an Ihre Dokumente anpassen k\u00f6nnen.<\/p>\n<h4><span style=\"color: #800000;\"><strong>Merkmale :<\/strong><\/span><\/h4>\n<ul>\n<li>Unzerbrechlicher, schwarzer, genarbter Kunststoff<\/li>\n<li>Nutzbarer Innendurchmesser 79 mm<\/li>\n<li>Durchmesser \u00fcber alles 86 mm<\/li>\n<li>Nutzl\u00e4nge erweiterbar von 61 bis 101 cm<\/li>\n<li>Verstellbarer Schulterriemen<\/li>\n<li>Leergewicht: 450 g<\/li>\n<li>Schraubverschluss mit integriertem Etikettenhalter<\/li>\n<\/ul>\n<h4><strong><span style=\"color: #800000;\">Lieferbedingungen :<br \/>\n<\/span><\/strong><\/h4>\n<p>Zu Ihrer Information: Nach Eingang Ihres Auftrags sind unsere Produkte innerhalb von etwa zehn Tagen lieferbar.<\/p>\n<p>Z\u00f6gern Sie nicht <u><a href=\"https:\/\/cdiffprom.ch\/elements\/contactez-nous\/\"><span style=\"color: #800000;\"><strong>uns zu kontaktieren.<\/strong><\/span><\/a><\/u> Wenn Sie einen dringenderen Bedarf haben, k\u00f6nnen wir Ihnen immer eine schnellere L\u00f6sung anbieten.<\/p>\n<p>Wir sind auch gerne bereit, Ihnen Informationen \u00fcber Mengenrabatte zu geben.<\/p>\n<p>Einige Artikel k\u00f6nnen eine l\u00e4ngere Lieferzeit in Anspruch nehmen, da sie nicht auf Lager unseres Lieferanten sind. In diesem Fall werden Sie nach Eingang Ihrer Bestellung benachrichtigt. <\/p>\n<p>Wir liefern versandkostenfrei ab einem Bestellwert von CHF. 500.-. Unterhalb dieses Betrags wird eine Pauschale von CHF. 15,90 zu entrichten. <\/p>\n<p>Bei allen Online-Bestellungen f\u00fchren wir immer einen Telefonanruf durch, um sicherzustellen, dass Sie das richtige Produkt f\u00fcr Ihre Bed\u00fcrfnisse ausgew\u00e4hlt haben. So k\u00f6nnen Sie sicher sein, dass Sie die richtige Wahl treffen. <\/p>\n<p>Bitte beachten Sie, dass die Promo-Codes nicht kumulierbar sind und der Rabatt auf Ihrer Bestellung sichtbar ist.<\/p>\n","protected":false},"excerpt":{"rendered":"<p>F\u00fcr den Transport und Schutz von Pl\u00e4nen, Postern, Postern und Kakemonos. Teleskopisches Rohr. <\/p>\n","protected":false},"featured_media":103172,"template":"","meta":{"slim_seo":{"title":"Teleskopisches Dokumentenrohr - Suisse - C.Diff-Prom","description":"F\u00fcr den Transport und Schutz von Pl\u00e4nen, Postern, Postern und Kakemonos. Teleskopisches Rohr."}},"product_brand":[],"product_cat":[6391,6390],"product_tag":[6392],"class_list":{"0":"post-106054","1":"product","2":"type-product","3":"status-publish","4":"has-post-thumbnail","6":"product_cat-burozubehor","7":"product_cat-ranking","8":"product_tag-burozubehor","10":"first","11":"instock","12":"taxable","13":"shipping-taxable","14":"purchasable","15":"product-type-simple"},"_links":{"self":[{"href":"https:\/\/cdiffprom.ch\/de\/wp-json\/wp\/v2\/product\/106054","targetHints":{"allow":["GET"]}}],"collection":[{"href":"https:\/\/cdiffprom.ch\/de\/wp-json\/wp\/v2\/product"}],"about":[{"href":"https:\/\/cdiffprom.ch\/de\/wp-json\/wp\/v2\/types\/product"}],"wp:featuredmedia":[{"embeddable":true,"href":"https:\/\/cdiffprom.ch\/de\/wp-json\/wp\/v2\/media\/103172"}],"wp:attachment":[{"href":"https:\/\/cdiffprom.ch\/de\/wp-json\/wp\/v2\/media?parent=106054"}],"wp:term":[{"taxonomy":"product_brand","embeddable":true,"href":"https:\/\/cdiffprom.ch\/de\/wp-json\/wp\/v2\/product_brand?post=106054"},{"taxonomy":"product_cat","embeddable":true,"href":"https:\/\/cdiffprom.ch\/de\/wp-json\/wp\/v2\/product_cat?post=106054"},{"taxonomy":"product_tag","embeddable":true,"href":"https:\/\/cdiffprom.ch\/de\/wp-json\/wp\/v2\/product_tag?post=106054"}],"curies":[{"name":"wp","href":"https:\/\/api.w.org\/{rel}","templated":true}]}}