{"id":106059,"date":"2019-07-26T15:31:13","date_gmt":"2019-07-26T13:31:13","guid":{"rendered":"https:\/\/cdiffprom.ch\/produit\/multipott-stiftekoecher\/"},"modified":"2019-07-26T15:31:13","modified_gmt":"2019-07-26T13:31:13","slug":"multipott-stiftekoecher","status":"publish","type":"product","link":"https:\/\/cdiffprom.ch\/de\/produit\/multipott-stiftekoecher\/","title":{"rendered":"Multipott Stiftek\u00f6cher"},"content":{"rendered":"<ul>\n<li>Monoblock bestehend aus: 1 R\u00f6hre \u00d8 40 mm 3 R\u00f6hren \u00d8 30 mm 2 Schalen \u00d8 55 mm<\/li>\n<li>Abmessungen H 135 x B 140 x T 140 mm<\/li>\n<li>Eleganter, hochwertiger Kunststoff, schwarz gl\u00e4nzend<\/li>\n<li>Gewicht 150 g<\/li>\n<\/ul>\n","protected":false},"excerpt":{"rendered":"<p>Organisieren Sie alle Ihre Schreibutensilien auf Ihrem Schreibtisch!<\/p>\n","protected":false},"featured_media":103166,"template":"","meta":{"slim_seo":{"title":"Multipott Stiftek\u00f6cher - Suisse - C.Diff-Prom","description":"Organisieren Sie alle Ihre Schreibutensilien auf Ihrem Schreibtisch!"}},"product_brand":[],"product_cat":[6391,6467,6355,6390],"product_tag":[6392,6468],"class_list":{"0":"post-106059","1":"product","2":"type-product","3":"status-publish","4":"has-post-thumbnail","6":"product_cat-burozubehor","7":"product_cat-empfangszubehor","8":"product_cat-konferenz","9":"product_cat-ranking","10":"product_tag-burozubehor","11":"product_tag-empfangszubehor","13":"first","14":"instock","15":"taxable","16":"shipping-taxable","17":"purchasable","18":"product-type-simple"},"_links":{"self":[{"href":"https:\/\/cdiffprom.ch\/de\/wp-json\/wp\/v2\/product\/106059","targetHints":{"allow":["GET"]}}],"collection":[{"href":"https:\/\/cdiffprom.ch\/de\/wp-json\/wp\/v2\/product"}],"about":[{"href":"https:\/\/cdiffprom.ch\/de\/wp-json\/wp\/v2\/types\/product"}],"wp:featuredmedia":[{"embeddable":true,"href":"https:\/\/cdiffprom.ch\/de\/wp-json\/wp\/v2\/media\/103166"}],"wp:attachment":[{"href":"https:\/\/cdiffprom.ch\/de\/wp-json\/wp\/v2\/media?parent=106059"}],"wp:term":[{"taxonomy":"product_brand","embeddable":true,"href":"https:\/\/cdiffprom.ch\/de\/wp-json\/wp\/v2\/product_brand?post=106059"},{"taxonomy":"product_cat","embeddable":true,"href":"https:\/\/cdiffprom.ch\/de\/wp-json\/wp\/v2\/product_cat?post=106059"},{"taxonomy":"product_tag","embeddable":true,"href":"https:\/\/cdiffprom.ch\/de\/wp-json\/wp\/v2\/product_tag?post=106059"}],"curies":[{"name":"wp","href":"https:\/\/api.w.org\/{rel}","templated":true}]}}