{"id":106061,"date":"2019-07-26T15:33:30","date_gmt":"2019-07-26T13:33:30","guid":{"rendered":"https:\/\/cdiffprom.ch\/produit\/wandleiter-mit-5-geneigten-plattformen\/"},"modified":"2019-07-26T15:33:30","modified_gmt":"2019-07-26T13:33:30","slug":"wandleiter-mit-5-geneigten-plattformen","status":"publish","type":"product","link":"https:\/\/cdiffprom.ch\/de\/produit\/wandleiter-mit-5-geneigten-plattformen\/","title":{"rendered":"Wandleiter mit 5 geneigten Plattformen"},"content":{"rendered":"<ul>\n<li>F\u00fcr die Aufbewahrung und Pr\u00e4sentation von<\/li>\n<li>Zeitungen,<\/li>\n<li>Zeitschriften, C<\/li>\n<li>D, D V<\/li>\n<li>D,<\/li>\n<li>Videos,<\/li>\n<li>Spiele und alle anderen Produkte<\/li>\n<li>Befestigung an jeder vertikalen Wand oder an Regalen. 5 geneigte Etagen, jede mit den Nutzma\u00dfen: H\u00f6he 32 cm x Breite 45 cm x Tiefe 22 cm. <\/li>\n<li>Robuster verchromter Draht<\/li>\n<li>Gesamtkapazit\u00e4t: 150 D V D oder C D \/ 75 Videos oder Spiele<\/li>\n<li>Nutzbare Breite 1 Fach: 44 mm<\/li>\n<li>Gesamte Abmessungen: H\u00f6he 170 cm x Breite 46 cm x Tiefe 28 cm<\/li>\n<\/ul>\n","protected":false},"excerpt":{"rendered":"<p>Gro\u00dfe Pr\u00e4sentations- und Lagerkapazit\u00e4t, mit Vorderkante!<\/p>\n","protected":false},"featured_media":103196,"template":"","meta":{"slim_seo":{"title":"Wandleiter mit 5 geneigten Plattformen - Suisse - C.Diff-Prom","description":"Gro\u00dfe Pr\u00e4sentations- und Lagerkapazit\u00e4t, mit Vorderkante!"}},"product_brand":[],"product_cat":[6475,6359,6551,6401],"product_tag":[6477,6553],"class_list":{"0":"post-106061","1":"product","2":"type-product","3":"status-publish","4":"has-post-thumbnail","6":"product_cat-leitern-fur-presse-und-zeitungen","7":"product_cat-multimedia-de","8":"product_cat-multimedia-leitern","9":"product_cat-zeitungsstander","10":"product_tag-leitern-fur-presse-und-zeitungen","11":"product_tag-multimedia-leitern","13":"first","14":"instock","15":"taxable","16":"shipping-taxable","17":"purchasable","18":"product-type-simple"},"_links":{"self":[{"href":"https:\/\/cdiffprom.ch\/de\/wp-json\/wp\/v2\/product\/106061","targetHints":{"allow":["GET"]}}],"collection":[{"href":"https:\/\/cdiffprom.ch\/de\/wp-json\/wp\/v2\/product"}],"about":[{"href":"https:\/\/cdiffprom.ch\/de\/wp-json\/wp\/v2\/types\/product"}],"wp:featuredmedia":[{"embeddable":true,"href":"https:\/\/cdiffprom.ch\/de\/wp-json\/wp\/v2\/media\/103196"}],"wp:attachment":[{"href":"https:\/\/cdiffprom.ch\/de\/wp-json\/wp\/v2\/media?parent=106061"}],"wp:term":[{"taxonomy":"product_brand","embeddable":true,"href":"https:\/\/cdiffprom.ch\/de\/wp-json\/wp\/v2\/product_brand?post=106061"},{"taxonomy":"product_cat","embeddable":true,"href":"https:\/\/cdiffprom.ch\/de\/wp-json\/wp\/v2\/product_cat?post=106061"},{"taxonomy":"product_tag","embeddable":true,"href":"https:\/\/cdiffprom.ch\/de\/wp-json\/wp\/v2\/product_tag?post=106061"}],"curies":[{"name":"wp","href":"https:\/\/api.w.org\/{rel}","templated":true}]}}