{"id":106064,"date":"2019-07-26T15:34:19","date_gmt":"2019-07-26T13:34:19","guid":{"rendered":"https:\/\/cdiffprom.ch\/produit\/multimedia-moebel-mit-7-schubladen\/"},"modified":"2019-07-26T15:34:19","modified_gmt":"2019-07-26T13:34:19","slug":"multimedia-moebel-mit-7-schubladen","status":"publish","type":"product","link":"https:\/\/cdiffprom.ch\/de\/produit\/multimedia-moebel-mit-7-schubladen\/","title":{"rendered":"Multimedia-M\u00f6bel mit 7 Schubladen"},"content":{"rendered":"<ul>\n<li>Nutzung in der Mediathek zur Aufbewahrung von D V D, CDs<\/li>\n<li>Gro\u00dfraumschublade ( H 155 x B 685 x T 580 mm) mit integriertem Griff und Etikettenhalter ( H 15 mm) \u00fcber die gesamte Breite.<\/li>\n<li>Gesamtkapazit\u00e4t: 399 Videoboxen oder 600 D V D-Boxen oder 1750 C D in der H\u00f6he oder 1400 C D in der Breite oder 875<\/li>\n<li>Hochwertiges und robustes M\u00f6belst\u00fcck<\/li>\n<li>Die Schubladen lassen sich dank ihrer Teleskopausz\u00fcge mit Stahlkugeln vollst\u00e4ndig und ger\u00e4uschlos \u00f6ffnen.<\/li>\n<li>Selbsthemmende Vorrichtung, die das \u00d6ffnen von jeweils nur einer Schublade zul\u00e4sst, um ein m\u00f6gliches Kippen des M\u00f6bels zu verhindern.<\/li>\n<li>Zentralverriegelung mit einem Sicherheitsschloss mit 2 Schl\u00fcsseln.<\/li>\n<li>Die Trennw\u00e4nde und F\u00fchrungen der Schubladen sind herausnehmbar.<\/li>\n<li>Pulverbeschichtetes Metallm\u00f6bel mit 7 mittelgrauen Schubladen mit jeweils 8 beweglichen Trennw\u00e4nden.<\/li>\n<li>Korpus schwarz mit Dekor<\/li>\n<\/ul>\n","protected":false},"excerpt":{"rendered":"<p>Nutzung in der Mediathek zur Aufbewahrung von D V D, CDs Gro\u00dfraumschublade ( H 155 x B 685 x T 580 mm) mit integriertem Griff und Etikettenhalter ( H 15 mm) \u00fcber die gesamte Breite. Gesamtkapazit\u00e4t: 399 Videoboxen oder 600 D V D-Boxen oder 1750 C D in der H\u00f6he oder 1400 C D in&#8230;<\/p>\n","protected":false},"featured_media":103200,"template":"","meta":{"slim_seo":{"title":"Multimedia-M\u00f6bel mit 7 Schubladen - Suisse - C.Diff-Prom","description":"Nutzung in der Mediathek zur Aufbewahrung von D V D, CDs Gro\u00dfraumschublade ( H 155 x B 685 x T 580 mm) mit integriertem Griff und Etikettenhalter ( H 15 mm) \u00fcbe"}},"product_brand":[],"product_cat":[6558,6359],"product_tag":[6559,6557],"class_list":{"0":"post-106064","1":"product","2":"type-product","3":"status-publish","4":"has-post-thumbnail","6":"product_cat-anti-diebstahl-displays","7":"product_cat-multimedia-de","8":"product_tag-diebstahlsichere-displays","9":"product_tag-multimedia-mobel","11":"first","12":"instock","13":"taxable","14":"shipping-taxable","15":"purchasable","16":"product-type-simple"},"_links":{"self":[{"href":"https:\/\/cdiffprom.ch\/de\/wp-json\/wp\/v2\/product\/106064","targetHints":{"allow":["GET"]}}],"collection":[{"href":"https:\/\/cdiffprom.ch\/de\/wp-json\/wp\/v2\/product"}],"about":[{"href":"https:\/\/cdiffprom.ch\/de\/wp-json\/wp\/v2\/types\/product"}],"wp:featuredmedia":[{"embeddable":true,"href":"https:\/\/cdiffprom.ch\/de\/wp-json\/wp\/v2\/media\/103200"}],"wp:attachment":[{"href":"https:\/\/cdiffprom.ch\/de\/wp-json\/wp\/v2\/media?parent=106064"}],"wp:term":[{"taxonomy":"product_brand","embeddable":true,"href":"https:\/\/cdiffprom.ch\/de\/wp-json\/wp\/v2\/product_brand?post=106064"},{"taxonomy":"product_cat","embeddable":true,"href":"https:\/\/cdiffprom.ch\/de\/wp-json\/wp\/v2\/product_cat?post=106064"},{"taxonomy":"product_tag","embeddable":true,"href":"https:\/\/cdiffprom.ch\/de\/wp-json\/wp\/v2\/product_tag?post=106064"}],"curies":[{"name":"wp","href":"https:\/\/api.w.org\/{rel}","templated":true}]}}