{"id":106066,"date":"2019-07-26T15:34:21","date_gmt":"2019-07-26T13:34:21","guid":{"rendered":"https:\/\/cdiffprom.ch\/produit\/musirack-6-regale-und-zubehoer\/"},"modified":"2019-07-26T15:34:21","modified_gmt":"2019-07-26T13:34:21","slug":"musirack-6-regale-und-zubehoer","status":"publish","type":"product","link":"https:\/\/cdiffprom.ch\/de\/produit\/musirack-6-regale-und-zubehoer\/","title":{"rendered":"Musirack 6 Regale und Zubeh\u00f6r"},"content":{"rendered":"<ul>\n<li>F\u00fcr die Einrichtung Ihrer Bibliotheken und Mediatheken!<\/li>\n<li>Verwendung in Mediatheken oder anderen \u00f6ffentlichen Einrichtungen zur Aufbewahrung und Pr\u00e4sentation Ihrer Cs.<\/li>\n<li>D, D V<\/li>\n<li>D, Videos oder Spiele. 1 Grundrahmen H 140 cm 4 B\u00f6den mit Bl\u00e4ttergitter Art. 100106 2 B\u00f6den mit Unterteilung Art.   100104<\/li>\n<li>Sehr robustes und widerstandsf\u00e4higes Display. Gestell aus rechteckigen Stahlrohren, Querschnitt 60 x 30 mm &#8211; Epoxydharzbeschichtung Hammerschlag grau E N S T O C <\/li>\n<li>K, L I V R A I S O N 24 \/ 48 Stunden nach Erhalt der Bestellung<\/li>\n<\/ul>\n","protected":false},"excerpt":{"rendered":"<p>F\u00fcr die Einrichtung Ihrer Bibliotheken und Mediatheken! Verwendung in Mediatheken oder anderen \u00f6ffentlichen Einrichtungen zur Aufbewahrung und Pr\u00e4sentation Ihrer Cs. D, D V D, Videos oder Spiele. 1 Grundrahmen H 140 cm 4 B\u00f6den mit Bl\u00e4ttergitter Art. 100106 2 B\u00f6den mit Unterteilung Art. 100104 Sehr robustes und widerstandsf\u00e4higes Display. Gestell aus rechteckigen Stahlrohren, Querschnitt 60&#8230;<\/p>\n","protected":false},"featured_media":103208,"template":"","meta":{"slim_seo":{"title":"Musirack 6 Regale und Zubeh\u00f6r - Suisse - C.Diff-Prom","description":"F\u00fcr die Einrichtung Ihrer Bibliotheken und Mediatheken! Verwendung in Mediatheken oder anderen \u00f6ffentlichen Einrichtungen zur Aufbewahrung und Pr\u00e4sentation Ihre"}},"product_brand":[],"product_cat":[6359,6409],"product_tag":[6557],"class_list":{"0":"post-106066","1":"product","2":"type-product","3":"status-publish","4":"has-post-thumbnail","6":"product_cat-multimedia-de","7":"product_cat-multimedia-mobel","8":"product_tag-multimedia-mobel","9":"pa_specifications-4-regalboden-ohne-korpus-weiter","10":"pa_specifications-4-regale-1-container-mit-3-schubladen","11":"pa_specifications-4-regale-ohne-korpus-start","12":"pa_specifications-6-regale","13":"pa_specifications-6-regale-ohne-zubehor-start","14":"pa_specifications-6-regale-ohne-zubehor-weiter","16":"first","17":"instock","18":"taxable","19":"shipping-taxable","20":"purchasable","21":"product-type-variable"},"_links":{"self":[{"href":"https:\/\/cdiffprom.ch\/de\/wp-json\/wp\/v2\/product\/106066","targetHints":{"allow":["GET"]}}],"collection":[{"href":"https:\/\/cdiffprom.ch\/de\/wp-json\/wp\/v2\/product"}],"about":[{"href":"https:\/\/cdiffprom.ch\/de\/wp-json\/wp\/v2\/types\/product"}],"wp:featuredmedia":[{"embeddable":true,"href":"https:\/\/cdiffprom.ch\/de\/wp-json\/wp\/v2\/media\/103208"}],"wp:attachment":[{"href":"https:\/\/cdiffprom.ch\/de\/wp-json\/wp\/v2\/media?parent=106066"}],"wp:term":[{"taxonomy":"product_brand","embeddable":true,"href":"https:\/\/cdiffprom.ch\/de\/wp-json\/wp\/v2\/product_brand?post=106066"},{"taxonomy":"product_cat","embeddable":true,"href":"https:\/\/cdiffprom.ch\/de\/wp-json\/wp\/v2\/product_cat?post=106066"},{"taxonomy":"product_tag","embeddable":true,"href":"https:\/\/cdiffprom.ch\/de\/wp-json\/wp\/v2\/product_tag?post=106066"}],"curies":[{"name":"wp","href":"https:\/\/api.w.org\/{rel}","templated":true}]}}