{"id":106068,"date":"2019-07-26T15:34:19","date_gmt":"2019-07-26T13:34:19","guid":{"rendered":"https:\/\/cdiffprom.ch\/produit\/multimedia-moebel-mit-3-schubladen\/"},"modified":"2019-07-26T15:34:19","modified_gmt":"2019-07-26T13:34:19","slug":"multimedia-moebel-mit-3-schubladen","status":"publish","type":"product","link":"https:\/\/cdiffprom.ch\/de\/produit\/multimedia-moebel-mit-3-schubladen\/","title":{"rendered":"Multimedia-M\u00f6bel mit 3 Schubladen"},"content":{"rendered":"<ul>\n<li>Verwendung in Mediatheken zur Aufbewahrung von H\u00e4ngeblistern, C D- oder D V D-Boxen<\/li>\n<li>Hochleistungsschublade ( H 190 x B 1020 x T 404 mm) mit integriertem Griff und Etikettenhalter ( H 15 mm) \u00fcber die gesamte Breite &#8211; Gesamtkapazit\u00e4t 1440 Blister oder 720 C D Boxen oder 288 D V D Boxen<\/li>\n<li>Hochwertiges und robustes M\u00f6belst\u00fcck<\/li>\n<li>Die Schubladen lassen sich dank ihrer Teleskopausz\u00fcge mit Stahlkugeln vollst\u00e4ndig und ger\u00e4uschlos \u00f6ffnen.<\/li>\n<li>Selbsthemmende Vorrichtung, die das \u00d6ffnen von jeweils nur einer Schublade zul\u00e4sst, um ein m\u00f6gliches Kippen des M\u00f6bels zu verhindern.<\/li>\n<li>Zentralverriegelung mit einem Sicherheitsschloss mit 2 Schl\u00fcsseln.<\/li>\n<li>Die Trennw\u00e4nde und F\u00fchrungen der Schubladen sind herausnehmbar.<\/li>\n<li>Pulverbeschichtetes Metallm\u00f6bel mit 3 mittelgrauen Schubladen mit jeweils 6 Reihen.<\/li>\n<li>Korpus schwarz mit Dekor<\/li>\n<\/ul>\n","protected":false},"excerpt":{"rendered":"<p>Verwendung in Mediatheken zur Aufbewahrung von H\u00e4ngeblistern, C D- oder D V D-Boxen Hochleistungsschublade ( H 190 x B 1020 x T 404 mm) mit integriertem Griff und Etikettenhalter ( H 15 mm) \u00fcber die gesamte Breite &#8211; Gesamtkapazit\u00e4t 1440 Blister oder 720 C D Boxen oder 288 D V D Boxen Hochwertiges und robustes&#8230;<\/p>\n","protected":false},"featured_media":103198,"template":"","meta":{"slim_seo":{"title":"Multimedia-M\u00f6bel mit 3 Schubladen - Suisse - C.Diff-Prom","description":"Verwendung in Mediatheken zur Aufbewahrung von H\u00e4ngeblistern, C D- oder D V D-Boxen Hochleistungsschublade ( H 190 x B 1020 x T 404 mm) mit integriertem Griff u"}},"product_brand":[],"product_cat":[6558,6359],"product_tag":[6559,6557],"class_list":{"0":"post-106068","1":"product","2":"type-product","3":"status-publish","4":"has-post-thumbnail","6":"product_cat-anti-diebstahl-displays","7":"product_cat-multimedia-de","8":"product_tag-diebstahlsichere-displays","9":"product_tag-multimedia-mobel","11":"first","12":"instock","13":"taxable","14":"shipping-taxable","15":"purchasable","16":"product-type-simple"},"_links":{"self":[{"href":"https:\/\/cdiffprom.ch\/de\/wp-json\/wp\/v2\/product\/106068","targetHints":{"allow":["GET"]}}],"collection":[{"href":"https:\/\/cdiffprom.ch\/de\/wp-json\/wp\/v2\/product"}],"about":[{"href":"https:\/\/cdiffprom.ch\/de\/wp-json\/wp\/v2\/types\/product"}],"wp:featuredmedia":[{"embeddable":true,"href":"https:\/\/cdiffprom.ch\/de\/wp-json\/wp\/v2\/media\/103198"}],"wp:attachment":[{"href":"https:\/\/cdiffprom.ch\/de\/wp-json\/wp\/v2\/media?parent=106068"}],"wp:term":[{"taxonomy":"product_brand","embeddable":true,"href":"https:\/\/cdiffprom.ch\/de\/wp-json\/wp\/v2\/product_brand?post=106068"},{"taxonomy":"product_cat","embeddable":true,"href":"https:\/\/cdiffprom.ch\/de\/wp-json\/wp\/v2\/product_cat?post=106068"},{"taxonomy":"product_tag","embeddable":true,"href":"https:\/\/cdiffprom.ch\/de\/wp-json\/wp\/v2\/product_tag?post=106068"}],"curies":[{"name":"wp","href":"https:\/\/api.w.org\/{rel}","templated":true}]}}