{"id":106072,"date":"2019-07-26T15:34:20","date_gmt":"2019-07-26T13:34:20","guid":{"rendered":"https:\/\/cdiffprom.ch\/produit\/musirack-4-regale-auf-3-schubladen\/"},"modified":"2019-07-26T15:34:20","modified_gmt":"2019-07-26T13:34:20","slug":"musirack-4-regale-auf-3-schubladen","status":"publish","type":"product","link":"https:\/\/cdiffprom.ch\/de\/produit\/musirack-4-regale-auf-3-schubladen\/","title":{"rendered":"Musirack 4 Regale auf 3 Schubladen"},"content":{"rendered":"<ul>\n<li>F\u00fcr die Ausstattung Ihres Presse- und Multimediaraums!<\/li>\n<li>F\u00fcr die Verwendung in einer Mediathek oder einem Gesch\u00e4ft zur Aufbewahrung und Pr\u00e4sentation von C<\/li>\n<li>D, D V<\/li>\n<li>D, Videos oder Spiele. 1 Grundrahmen Ref. 100320 1 Korpus mit 3 Schubladen Ref. 132880 Einteilung Ref. 100104 1 Bl\u00e4ttergitter C R Ref. 100106 1 Bl\u00e4ttergitter C R Ref. 100107     <\/li>\n<li>Sehr starke und robuste Zusammensetzung. Gestell aus rechteckigen Stahlrohren, Querschnitt 60 x 30 mm &#8211; Epoxydharzbeschichtung in Hammerschlaggrau. E N S T O C  <\/li>\n<li>K, L I V R A I S O N 24 \/ 48 Stunden nach Erhalt der Bestellung<\/li>\n<\/ul>\n","protected":false},"excerpt":{"rendered":"<p>F\u00fcr die Ausstattung Ihres Presse- und Multimediaraums! F\u00fcr die Verwendung in einer Mediathek oder einem Gesch\u00e4ft zur Aufbewahrung und Pr\u00e4sentation von C D, D V D, Videos oder Spiele. 1 Grundrahmen Ref. 100320 1 Korpus mit 3 Schubladen Ref. 132880 Einteilung Ref. 100104 1 Bl\u00e4ttergitter C R Ref. 100106 1 Bl\u00e4ttergitter C R Ref. 100107&#8230;<\/p>\n","protected":false},"featured_media":103204,"template":"","meta":{"slim_seo":{"title":"Musirack 4 Regale auf 3 Schubladen - Suisse - C.Diff-Prom","description":"F\u00fcr die Ausstattung Ihres Presse- und Multimediaraums! F\u00fcr die Verwendung in einer Mediathek oder einem Gesch\u00e4ft zur Aufbewahrung und Pr\u00e4sentation von C D, D V"}},"product_brand":[],"product_cat":[6359,6409],"product_tag":[6557],"class_list":{"0":"post-106072","1":"product","2":"type-product","3":"status-publish","4":"has-post-thumbnail","6":"product_cat-multimedia-de","7":"product_cat-multimedia-mobel","8":"product_tag-multimedia-mobel","9":"pa_specifications-4-regalboden-ohne-korpus-weiter","10":"pa_specifications-4-regale-1-container-mit-3-schubladen","11":"pa_specifications-4-regale-ohne-korpus-start","13":"first","14":"instock","15":"taxable","16":"shipping-taxable","17":"purchasable","18":"product-type-variable"},"_links":{"self":[{"href":"https:\/\/cdiffprom.ch\/de\/wp-json\/wp\/v2\/product\/106072","targetHints":{"allow":["GET"]}}],"collection":[{"href":"https:\/\/cdiffprom.ch\/de\/wp-json\/wp\/v2\/product"}],"about":[{"href":"https:\/\/cdiffprom.ch\/de\/wp-json\/wp\/v2\/types\/product"}],"wp:featuredmedia":[{"embeddable":true,"href":"https:\/\/cdiffprom.ch\/de\/wp-json\/wp\/v2\/media\/103204"}],"wp:attachment":[{"href":"https:\/\/cdiffprom.ch\/de\/wp-json\/wp\/v2\/media?parent=106072"}],"wp:term":[{"taxonomy":"product_brand","embeddable":true,"href":"https:\/\/cdiffprom.ch\/de\/wp-json\/wp\/v2\/product_brand?post=106072"},{"taxonomy":"product_cat","embeddable":true,"href":"https:\/\/cdiffprom.ch\/de\/wp-json\/wp\/v2\/product_cat?post=106072"},{"taxonomy":"product_tag","embeddable":true,"href":"https:\/\/cdiffprom.ch\/de\/wp-json\/wp\/v2\/product_tag?post=106072"}],"curies":[{"name":"wp","href":"https:\/\/api.w.org\/{rel}","templated":true}]}}