{"id":106079,"date":"2019-07-26T15:34:20","date_gmt":"2019-07-26T13:34:20","guid":{"rendered":"https:\/\/cdiffprom.ch\/produit\/musirack-doppelseitige-gondel\/"},"modified":"2019-07-26T15:34:20","modified_gmt":"2019-07-26T13:34:20","slug":"musirack-doppelseitige-gondel","status":"publish","type":"product","link":"https:\/\/cdiffprom.ch\/de\/produit\/musirack-doppelseitige-gondel\/","title":{"rendered":"Musirack doppelseitige Gondel"},"content":{"rendered":"<ul>\n<li>Sehr robuste, doppelseitige Gondel!<\/li>\n<li>Ideal f\u00fcr die Aufbewahrung und Pr\u00e4sentation von Katalogen, C<\/li>\n<li>D, D V<\/li>\n<li>D, Videos, Spiele in Mediatheken oder anderen \u00f6ffentlichen Einrichtungen. 1 Rahmen 140 cm hoch 3 Traversen 4 Regalb\u00f6den mit Unterteilung 2 Regalb\u00f6den mit Bl\u00e4ttergittern 4 Regalb\u00f6den mit Fischgr\u00e4ten-Trennwand <\/li>\n<li>Sehr widerstandsf\u00e4hige und robuste Konstruktion aus rechteckigen Stahlrohren mit einem Querschnitt von 60 x 30 mm &#8211; Epoxydharzbeschichtung in Hammerschlaggrau E N S T O C<\/li>\n<li>K, L I V R A I S O N 24 \/ 48 Stunden nach Erhalt der Bestellung<\/li>\n<\/ul>\n","protected":false},"excerpt":{"rendered":"<p>Sehr robuste, doppelseitige Gondel! Ideal f\u00fcr die Aufbewahrung und Pr\u00e4sentation von Katalogen, C D, D V D, Videos, Spiele in Mediatheken oder anderen \u00f6ffentlichen Einrichtungen. 1 Rahmen 140 cm hoch 3 Traversen 4 Regalb\u00f6den mit Unterteilung 2 Regalb\u00f6den mit Bl\u00e4ttergittern 4 Regalb\u00f6den mit Fischgr\u00e4ten-Trennwand Sehr widerstandsf\u00e4hige und robuste Konstruktion aus rechteckigen Stahlrohren mit einem Querschnitt&#8230;<\/p>\n","protected":false},"featured_media":103202,"template":"","meta":{"slim_seo":{"title":"Musirack doppelseitige Gondel - Suisse - C.Diff-Prom","description":"Sehr robuste, doppelseitige Gondel! Ideal f\u00fcr die Aufbewahrung und Pr\u00e4sentation von Katalogen, C D, D V D, Videos, Spiele in Mediatheken oder anderen \u00f6ffentlich"}},"product_brand":[],"product_cat":[6359,6409],"product_tag":[6557],"class_list":{"0":"post-106079","1":"product","2":"type-product","3":"status-publish","4":"has-post-thumbnail","6":"product_cat-multimedia-de","7":"product_cat-multimedia-mobel","8":"product_tag-multimedia-mobel","9":"pa_specifications-10-regale-start","10":"pa_specifications-10-regale-weiter","11":"pa_specifications-10-regale-zubehor","12":"pa_specifications-4-regalboden-ohne-korpus-weiter","13":"pa_specifications-4-regale-1-container-mit-3-schubladen","14":"pa_specifications-4-regale-ohne-korpus-start","16":"first","17":"instock","18":"taxable","19":"shipping-taxable","20":"purchasable","21":"product-type-variable"},"_links":{"self":[{"href":"https:\/\/cdiffprom.ch\/de\/wp-json\/wp\/v2\/product\/106079","targetHints":{"allow":["GET"]}}],"collection":[{"href":"https:\/\/cdiffprom.ch\/de\/wp-json\/wp\/v2\/product"}],"about":[{"href":"https:\/\/cdiffprom.ch\/de\/wp-json\/wp\/v2\/types\/product"}],"wp:featuredmedia":[{"embeddable":true,"href":"https:\/\/cdiffprom.ch\/de\/wp-json\/wp\/v2\/media\/103202"}],"wp:attachment":[{"href":"https:\/\/cdiffprom.ch\/de\/wp-json\/wp\/v2\/media?parent=106079"}],"wp:term":[{"taxonomy":"product_brand","embeddable":true,"href":"https:\/\/cdiffprom.ch\/de\/wp-json\/wp\/v2\/product_brand?post=106079"},{"taxonomy":"product_cat","embeddable":true,"href":"https:\/\/cdiffprom.ch\/de\/wp-json\/wp\/v2\/product_cat?post=106079"},{"taxonomy":"product_tag","embeddable":true,"href":"https:\/\/cdiffprom.ch\/de\/wp-json\/wp\/v2\/product_tag?post=106079"}],"curies":[{"name":"wp","href":"https:\/\/api.w.org\/{rel}","templated":true}]}}