{"id":106083,"date":"2017-03-01T12:04:01","date_gmt":"2017-03-01T11:04:01","guid":{"rendered":"https:\/\/cdiffprom.ch\/produit\/spezielles-presentoir-1-3a4-klein\/"},"modified":"2017-03-01T12:04:01","modified_gmt":"2017-03-01T11:04:01","slug":"spezielles-presentoir-1-3a4-klein","status":"publish","type":"product","link":"https:\/\/cdiffprom.ch\/de\/produit\/spezielles-presentoir-1-3a4-klein\/","title":{"rendered":"Spezielles Presentoir 1\/3a4 klein"},"content":{"rendered":"<h3><strong><span style=\"color: #800000;\">Spezialdisplay 1\/3A4 klein<br \/>\n<\/span><\/strong><\/h3>\n<p>Mit diesem speziellen 1\/3A4-Display in kleinem Format k\u00f6nnen Sie Ihre verschiedenen Dokumente (Titel, Brosch\u00fcren) auf kleinstem Raum optimal pr\u00e4sentieren.<\/p>\n<p>Er besteht aus 24 F\u00e4chern auf 6 Ebenen und wurde speziell f\u00fcr Formate mit einer Breite von 1\/3 A4 entworfen.<\/p>\n<p>Dar\u00fcber hinaus betr\u00e4gt die nutzbare Breite eines Fachs 10,6 cm mit einer Kapazit\u00e4t von 5 cm f\u00fcr Dokumente.<\/p>\n<p>Da nur die F\u00fc\u00dfe montiert werden m\u00fcssen, kann die Installation sehr schnell erfolgen.<\/p>\n<p>Er hat eine hohe Festigkeit und besteht vollst\u00e4ndig aus Metall mit einer schwarzen Epoxydharzlackierung.<\/p>\n<p>Seine Gesamtabmessungen sind: H\u00f6he 106 cm, Breite 49 cm und Tiefe 49 cm.<\/p>\n<h4><span style=\"color: #800000;\"><strong>Lieferbedingungen<\/strong><\/span><\/h4>\n<p>Zu Ihrer Information: Nach Eingang Ihres Auftrags sind unsere Produkte innerhalb von etwa zehn Tagen lieferbar.<\/p>\n<p>Z\u00f6gern Sie nicht <u><a href=\"https:\/\/cdiffprom.ch\/elements\/contactez-nous\/\"><span style=\"color: #800000;\">uns zu kontaktieren.<\/span><\/a><\/u> Wenn Sie einen dringenderen Bedarf haben, k\u00f6nnen wir Ihnen immer eine schnellere L\u00f6sung anbieten.<\/p>\n<p>Wir sind auch gerne bereit, Ihnen Informationen \u00fcber Mengenrabatte zu geben.<\/p>\n<p>Einige Artikel k\u00f6nnen eine l\u00e4ngere Lieferzeit in Anspruch nehmen, da sie nicht auf Lager unseres Lieferanten sind. In diesem Fall werden Sie nach Eingang Ihrer Bestellung benachrichtigt. <\/p>\n<p>Wir liefern versandkostenfrei ab einem Bestellwert von CHF. 500.-. Unterhalb dieses Betrags wird eine Pauschale von CHF. 15,90 zu entrichten. <\/p>\n<p>Bei allen Online-Bestellungen f\u00fchren wir immer einen Telefonanruf durch, um sicherzustellen, dass Sie das richtige Produkt f\u00fcr Ihre Bed\u00fcrfnisse ausgew\u00e4hlt haben. So k\u00f6nnen Sie sicher sein, dass Sie die richtige Wahl treffen. <\/p>\n<p>Bitte beachten Sie, dass die Promo-Codes nicht kumulierbar sind und der Rabatt auf Ihrer Bestellung sichtbar ist.<\/p>\n<p>&nbsp;<\/p>\n<p>&nbsp;<\/p>\n<p>&nbsp;<\/p>\n","protected":false},"excerpt":{"rendered":"<p>Spezialst\u00e4nder f\u00fcr das Format 1\/3 A4 zur Pr\u00e4sentation von 24 Brosch\u00fcren auf 6 Ebenen, Abmessungen H 106 x B 49 x T 49 cm<\/p>\n<p>Staffelpreis auf Anfrage ab 2 bestellten St\u00e4ndern.<\/p>\n","protected":false},"featured_media":103584,"template":"","meta":{"slim_seo":{"title":"Spezielles Presentoir 1\/3a4 klein - Suisse - C.Diff-Prom","description":"Spezialst\u00e4nder f\u00fcr das Format 1\/3 A4 zur Pr\u00e4sentation von 24 Brosch\u00fcren auf 6 Ebenen, Abmessungen H 106 x B 49 x T 49 cm Staffelpreis auf Anfrage ab 2 bestellte"}},"product_brand":[],"product_cat":[6478,6401],"product_tag":[],"class_list":{"0":"post-106083","1":"product","2":"type-product","3":"status-publish","4":"has-post-thumbnail","6":"product_cat-broschuren-und-zeitungsstander","7":"product_cat-zeitungsstander","9":"first","10":"instock","11":"taxable","12":"shipping-taxable","13":"purchasable","14":"product-type-simple"},"_links":{"self":[{"href":"https:\/\/cdiffprom.ch\/de\/wp-json\/wp\/v2\/product\/106083","targetHints":{"allow":["GET"]}}],"collection":[{"href":"https:\/\/cdiffprom.ch\/de\/wp-json\/wp\/v2\/product"}],"about":[{"href":"https:\/\/cdiffprom.ch\/de\/wp-json\/wp\/v2\/types\/product"}],"wp:featuredmedia":[{"embeddable":true,"href":"https:\/\/cdiffprom.ch\/de\/wp-json\/wp\/v2\/media\/103584"}],"wp:attachment":[{"href":"https:\/\/cdiffprom.ch\/de\/wp-json\/wp\/v2\/media?parent=106083"}],"wp:term":[{"taxonomy":"product_brand","embeddable":true,"href":"https:\/\/cdiffprom.ch\/de\/wp-json\/wp\/v2\/product_brand?post=106083"},{"taxonomy":"product_cat","embeddable":true,"href":"https:\/\/cdiffprom.ch\/de\/wp-json\/wp\/v2\/product_cat?post=106083"},{"taxonomy":"product_tag","embeddable":true,"href":"https:\/\/cdiffprom.ch\/de\/wp-json\/wp\/v2\/product_tag?post=106083"}],"curies":[{"name":"wp","href":"https:\/\/api.w.org\/{rel}","templated":true}]}}