{"id":106084,"date":"2017-02-25T14:06:35","date_gmt":"2017-02-25T13:06:35","guid":{"rendered":"https:\/\/cdiffprom.ch\/produit\/wandbilderrahmen\/"},"modified":"2017-02-25T14:06:35","modified_gmt":"2017-02-25T13:06:35","slug":"wandbilderrahmen","status":"publish","type":"product","link":"https:\/\/cdiffprom.ch\/de\/produit\/wandbilderrahmen\/","title":{"rendered":"Wandbilderrahmen"},"content":{"rendered":"<h3><strong><span style=\"color: #800000;\">Rahmen f\u00fcr Wandplakate<\/span><\/strong><\/h3>\n<p>Unsere Wandrahmen k\u00f6nnen einfach mit den mitgelieferten Schrauben oder mit einem doppelseitigen Aufkleber, der um den Rahmen herum angebracht wird, an einer glatten Wand montiert werden.<br \/>\nEr ist aus eloxiertem Aluminium gefertigt, hat eine Gesamtdicke von nur 14 mm und ist immer frontal zu \u00f6ffnen.<\/p>\n<h4><span style=\"color: #800000;\"><strong>Arten von Abschl\u00fcssen<\/strong><\/span><\/h4>\n<p>Unsere Bilderrahmen sind in zwei Ausf\u00fchrungen erh\u00e4ltlich, mit rechten Ecken oder mit abgerundeten verchromten Ecken.<\/p>\n<h4><span style=\"color: #800000;\"><strong>Art der angebotenen Rahmen<\/strong><\/span><\/h4>\n<p>Alle unsere Wandrahmen k\u00f6nnen im gesch\u00fctzten Au\u00dfenbereich aufgeh\u00e4ngt werden. Leichter Regen kann Ihrem Poster nichts anhaben, aber wenn die Wand, an der Sie die Rahmen anbringen, starkem Regen ausgesetzt ist, sollten Sie <span style=\"color: #800000;\">wasserdichte<\/span> <span style=\"color: #800000;\">Rahmen<\/span> verwenden. M\u00f6chten Sie Ihren Wandrahmen auf Ihrem Schaufenster anbringen? Dann sollten Sie an <span style=\"color: #800000;\">doppelseitige Plakatrahmen<\/span> denken, bei denen das Plakat von innen ausgetauscht wird. Besuchen Sie auch unsere Seiten \u00fcber<span style=\"color: #800000;\"> farbige Plakatrahmen<\/span>, um Ihr Schaufenster mit Ihren Farben zu personalisieren. Die g\u00fcnstigeren <span style=\"color: #800000;\">Visu-Clic-Rahmen<\/span> sind in kleineren Gr\u00f6\u00dfen mit r\u00fcckseitigen Halterungen erh\u00e4ltlich, um sie auf Ihrer Theke zu montieren.    <\/p>\n<p>Die vielen verf\u00fcgbaren Gr\u00f6\u00dfen entsprechen den am h\u00e4ufigsten verwendeten Standards, aber auf Anfrage sind auch ma\u00dfgeschneiderte Gr\u00f6\u00dfen m\u00f6glich.<\/p>\n<p>Alle unsere Rahmen werden mit einem entspiegelten und UV-gesch\u00fctzten Plexiglas geliefert, so dass die Sonne Ihr Poster nicht vergilben l\u00e4sst und eine optimale Sichtbarkeit in allen Situationen und Ausrichtungen gew\u00e4hrleistet ist.<\/p>\n<h4><span style=\"color: #800000;\"><strong>Installation und Kundendienst<\/strong><\/span><\/h4>\n<p>In jedem Fall bieten wir Ihnen gerne die Verlegung nach Ihren W\u00fcnschen an. Unsere Preise beinhalten immer die Lieferung an Ihre Adresse. <\/p>\n<p>Auf Anfrage k\u00f6nnen Sie Ersatzplastikabdeckungen f\u00fcr den Fall von Vandalismus erhalten.<\/p>\n<p>Ben\u00f6tigen Sie Hilfe oder Unterst\u00fctzung bei der Erstellung der Poster, die Sie ausstellen m\u00f6chten? Kontaktieren Sie unseren Partner <a href=\"https:\/\/impactpub.ch\/\">Impact Pub<\/a> in Genf und <a href=\"http:\/\/www.kontrast-publicite.ch\/\">Kontrast Publicit\u00e9<\/a> in La Chaux de Fonds. <\/p>\n<p>Degressiver Preis auf Anfrage ab 5 bestellten Rahmen in der gleichen Gr\u00f6\u00dfe.<\/p>\n<h4><span style=\"color: #800000;\"><strong>Referenzen<\/strong><\/span><\/h4>\n<p>R\u00e9my Voyages, Baechler Pressings und 5 \u00e0 Sec. Die Clinique du Lac in Genf. Mehrere Autowerkst\u00e4tten in der Westschweiz.  <\/p>\n<p>Bitte z\u00f6gern Sie nicht, uns zu kontaktieren, wenn Sie besondere W\u00fcnsche haben. Wir stehen Ihnen gerne zur Verf\u00fcgung.<\/p>\n","protected":false},"excerpt":{"rendered":"<p>Wandrahmen aus eloxiertem Aluminium mit rechten Winkeln und entspiegeltem, UV-best\u00e4ndigem Plexiglas, erh\u00e4ltlich in allen g\u00e4ngigen Gr\u00f6\u00dfen.<\/p>\n<p>Besuchen Sie auch unsere Seite, <strong><span style=\"color: #800000;\"><a style=\"color: #800000;\" href=\"https:\/\/cdiffprom.ch\/produit\/cadres-clic-clac-etanches-et-securises\/\">Wasserdichte und sichere Rahmen<\/a><\/span><\/strong> wenn Sie sie im Freien aufstellen, wo sie den Witterungsbedingungen ausgesetzt sind<br \/>\nStaffelpreise auf Anfrage ab 5 bestellten Rahmen in der gleichen Gr\u00f6\u00dfe.<\/p>\n<p><strong><span style=\"color: #800000;\"><a style=\"color: #800000;\" href=\"https:\/\/cdiffprom.ch\/elements\/contactez-nous\/\">Bitte fragen Sie nach!!!<\/a><\/span><\/strong> Wir stehen Ihnen gerne zur Verf\u00fcgung.<\/p>\n","protected":false},"featured_media":103530,"template":"","meta":{"slim_seo":{"title":"Wandbilderrahmen - Suisse - C.Diff-Prom","description":"Wandrahmen aus eloxiertem Aluminium mit rechten Winkeln und entspiegeltem, UV-best\u00e4ndigem Plexiglas, erh\u00e4ltlich in allen g\u00e4ngigen Gr\u00f6\u00dfen. Besuchen Sie auch unse"}},"product_brand":[],"product_cat":[6342,6339],"product_tag":[],"class_list":{"0":"post-106084","1":"product","2":"type-product","3":"status-publish","4":"has-post-thumbnail","6":"product_cat-anzeige","7":"product_cat-plakatrahmen","9":"first","10":"instock","11":"taxable","12":"shipping-taxable","13":"purchasable","14":"product-type-variable"},"_links":{"self":[{"href":"https:\/\/cdiffprom.ch\/de\/wp-json\/wp\/v2\/product\/106084","targetHints":{"allow":["GET"]}}],"collection":[{"href":"https:\/\/cdiffprom.ch\/de\/wp-json\/wp\/v2\/product"}],"about":[{"href":"https:\/\/cdiffprom.ch\/de\/wp-json\/wp\/v2\/types\/product"}],"wp:featuredmedia":[{"embeddable":true,"href":"https:\/\/cdiffprom.ch\/de\/wp-json\/wp\/v2\/media\/103530"}],"wp:attachment":[{"href":"https:\/\/cdiffprom.ch\/de\/wp-json\/wp\/v2\/media?parent=106084"}],"wp:term":[{"taxonomy":"product_brand","embeddable":true,"href":"https:\/\/cdiffprom.ch\/de\/wp-json\/wp\/v2\/product_brand?post=106084"},{"taxonomy":"product_cat","embeddable":true,"href":"https:\/\/cdiffprom.ch\/de\/wp-json\/wp\/v2\/product_cat?post=106084"},{"taxonomy":"product_tag","embeddable":true,"href":"https:\/\/cdiffprom.ch\/de\/wp-json\/wp\/v2\/product_tag?post=106084"}],"curies":[{"name":"wp","href":"https:\/\/api.w.org\/{rel}","templated":true}]}}