{"id":106088,"date":"2017-03-01T14:31:10","date_gmt":"2017-03-01T13:31:10","guid":{"rendered":"https:\/\/cdiffprom.ch\/produit\/geneigter-posterstaender\/"},"modified":"2017-03-01T14:31:10","modified_gmt":"2017-03-01T13:31:10","slug":"geneigter-posterstaender","status":"publish","type":"product","link":"https:\/\/cdiffprom.ch\/de\/produit\/geneigter-posterstaender\/","title":{"rendered":"Geneigter Posterst\u00e4nder"},"content":{"rendered":"<h3><span style=\"color: #800000;\"><strong>Geneigter Posterst\u00e4nder<br \/>\n<\/strong><\/span><\/h3>\n<p>Dieser schr\u00e4ge Posterst\u00e4nder ist nur einseitig erh\u00e4ltlich, mit der M\u00f6glichkeit, das Format A4 oder A3 zu w\u00e4hlen, in grau oder schwarz.<\/p>\n<p>Pr\u00e4sentieren Sie Ihre Produkte und Werbeangebote mit diesem Posterst\u00e4nder mit Fu\u00df!<b><br \/>\n<\/b><\/p>\n<h4><strong><span style=\"color: #800000;\">Technische Spezifikationen<\/span>:<\/strong><\/h4>\n<ul>\n<li>H\u00f6he 100 oder 120 cm<\/li>\n<li>Rechteckige Sockel 30 x 42 cm<\/li>\n<li>45 Grad geneigter Rahmen<\/li>\n<li>Das A4-Hochformat hat eine Gesamth\u00f6he von 100 cm, w\u00e4hrend das Querformat 97 cm betr\u00e4gt.<\/li>\n<li>Das A3-Hochformat ist 120 cm hoch und das Querformat 114 cm.<\/li>\n<\/ul>\n<p>Dank einer Drehvorrichtung f\u00fcr die Rahmen kann dieser Posterst\u00e4nder leicht im Hoch- oder Querformat ausgerichtet werden.<\/p>\n<p>Dieser Posterst\u00e4nder ist mit einem entspiegelten Plexiglasschutz ausgestattet, so dass er von allen Personen, die an Ihren Informationen interessiert sind, problemlos betrachtet werden kann.<\/p>\n<p>Das Einsetzen des Posters in den Plexiglasschutz ist ganz einfach. \u00d6ffnen Sie einfach die 4 Scharnierseiten des Rahmens und klappen Sie sie dann um. <\/p>\n<p>Besuchen Sie auch unsere Seite f\u00fcr Artikel mit <a href=\"https:\/\/cdiffprom.ch\/produit\/porte-affiche-vertical\/\"><span style=\"color: #800000;\">vertikaler Rahmen<\/span><\/a> um den Unterschied in der Wirkung zu sehen.<\/p>\n<h4><span style=\"color: #800000;\"><strong>Vorschl\u00e4ge zur Nutzung :<\/strong><\/span><\/h4>\n<p>Er ist ideal f\u00fcr tempor\u00e4re Beschilderungen und Informationsdisplays, aber auch um Ihre besten Verkaufsaktionen oder neue Produkte zu pr\u00e4sentieren.<\/p>\n<p>Es ist auch f\u00fcr alle Restaurants geeignet, um Ihre verschiedenen Men\u00fcs oder Tagesangebote sowie die Spezialit\u00e4ten des Monats zu pr\u00e4sentieren.<\/p>\n<p>Dieser Posterhalter kann auch zu einem unverzichtbaren Artikel f\u00fcr Reiseb\u00fcros werden, damit Ihre Kunden Ihre besten aktuellen Reiseangebote sehen k\u00f6nnen.<\/p>\n<p>Es kann auch in einer Warteschlange erforderlich sein. Es kann z.B. bei einem einmaligen Ereignis in Ihrer Verkaufsstelle den Weg weisen. <\/p>\n<p>Dieser Posterst\u00e4nder wird mit allem Zubeh\u00f6r geliefert und kann sofort aufgebaut werden.<\/p>\n<p>M\u00f6glichkeit von Preisnachl\u00e4ssen, abh\u00e4ngig von der Anzahl der bestellten Artikel.<\/p>\n<p>Die Lieferzeit betr\u00e4gt ca. 10 Tage nach Eingang Ihrer Bestellung.<\/p>\n<p>Z\u00f6gern Sie nicht <a href=\"https:\/\/cdiffprom.ch\/elements\/contactez-nous\/\"><span style=\"color: #800000;\">kontaktieren Sie uns bitte.<\/span><\/a> wenn Sie Fragen haben. Wir werden sicherlich eine L\u00f6sung finden, die Ihren Bed\u00fcrfnissen entspricht. <\/p>\n<p>&nbsp;<\/p>\n","protected":false},"excerpt":{"rendered":"<p>Geneigter Nachrichtenhalter, erh\u00e4ltlich in A4 und A3 mit Hoch- oder Querformat, entspiegelter Plakatrahmen vom Typ Cadro-Clic<\/p>\n<p>Staffelpreis auf Anfrage ab 5 bestellten St\u00fcck.<\/p>\n","protected":false},"featured_media":103586,"template":"","meta":{"slim_seo":{"title":"Geneigter Posterst\u00e4nder - Suisse - C.Diff-Prom","description":"Geneigter Nachrichtenhalter, erh\u00e4ltlich in A4 und A3 mit Hoch- oder Querformat, entspiegelter Plakatrahmen vom Typ Cadro-Clic Staffelpreis auf Anfrage ab 5 best"}},"product_brand":[],"product_cat":[6342,6356],"product_tag":[],"class_list":{"0":"post-106088","1":"product","2":"type-product","3":"status-publish","4":"has-post-thumbnail","6":"product_cat-anzeige","7":"product_cat-plakatstander-auf-fuss","9":"first","10":"instock","11":"taxable","12":"shipping-taxable","13":"purchasable","14":"product-type-variable"},"_links":{"self":[{"href":"https:\/\/cdiffprom.ch\/de\/wp-json\/wp\/v2\/product\/106088","targetHints":{"allow":["GET"]}}],"collection":[{"href":"https:\/\/cdiffprom.ch\/de\/wp-json\/wp\/v2\/product"}],"about":[{"href":"https:\/\/cdiffprom.ch\/de\/wp-json\/wp\/v2\/types\/product"}],"wp:featuredmedia":[{"embeddable":true,"href":"https:\/\/cdiffprom.ch\/de\/wp-json\/wp\/v2\/media\/103586"}],"wp:attachment":[{"href":"https:\/\/cdiffprom.ch\/de\/wp-json\/wp\/v2\/media?parent=106088"}],"wp:term":[{"taxonomy":"product_brand","embeddable":true,"href":"https:\/\/cdiffprom.ch\/de\/wp-json\/wp\/v2\/product_brand?post=106088"},{"taxonomy":"product_cat","embeddable":true,"href":"https:\/\/cdiffprom.ch\/de\/wp-json\/wp\/v2\/product_cat?post=106088"},{"taxonomy":"product_tag","embeddable":true,"href":"https:\/\/cdiffprom.ch\/de\/wp-json\/wp\/v2\/product_tag?post=106088"}],"curies":[{"name":"wp","href":"https:\/\/api.w.org\/{rel}","templated":true}]}}